{"id":86462,"date":"2021-02-21T20:48:46","date_gmt":"2021-02-21T20:48:46","guid":{"rendered":"https:\/\/www.autonvaraosahaku.fi\/?product=ferodo-ddf1277c-1-jarrulevyt"},"modified":"2021-02-21T20:48:51","modified_gmt":"2021-02-21T20:48:51","slug":"ferodo-ddf1277c-1-jarrulevyt","status":"publish","type":"product","link":"https:\/\/www.autonvaraosahaku.fi\/?product=ferodo-ddf1277c-1-jarrulevyt","title":{"rendered":"FERODO DDF1277C-1 Jarrulevyt"},"content":{"rendered":"<p>Korkeus (mm): 59; Paino [kg]: 10,36; Jarrulevytyyppi: Tuuletettu; Jarrulevyn paksuus (mm): 30; V\u00e4himm\u00e4ispaksuus (mm): 28; Ulkol\u00e4pimitta [mm]: 321; Reikien m\u00e4\u00e4r\u00e4: 5; keskitt\u00e4misl\u00e4pimitta [mm]: 68; Kiristysmomentti: 120; Pinta: pinnoitettu; M\u00e4\u00e4r\u00e4yksikk\u00f6: Kappale; Korvaava tuote\/korvaava tiedote 2: Ruuveilla; Pakkauspituus [cm]: 33; Pakkausleveys [cm]: 33; Pakkauskorkeus [mm]: 7,5; Tuotelinja: PREMIER Coat+ disc; Asennuspuoli: Vorderachse; AUDI: A6 Avant 4F5, C6,A6 4F2, C6,A8 4E_,A6 Allroad 4FH, C6; SAAB: 9-5 Kombi YS3E; 4E0615301AD, 4F0615301E; Jarrulevy<\/p>\n","protected":false},"excerpt":{"rendered":"<p>FERODO Jarrulevyt DDF1277C-1 Jarrulevy AUDI,SAAB,A6 Avant 4F5, C6,A6 4F2, C6,A8 4E_,A6 Allroad 4FH, C6,9-5 Kombi YS3E<\/p>\n","protected":false},"featured_media":0,"template":"","meta":{"site-sidebar-layout":"default","site-content-layout":"default","ast-global-header-display":"","ast-main-header-display":"","ast-hfb-above-header-display":"","ast-hfb-below-header-display":"","ast-hfb-mobile-header-display":"","site-post-title":"","ast-breadcrumbs-content":"","ast-featured-img":"","footer-sml-layout":"","theme-transparent-header-meta":"","adv-header-id-meta":"","stick-header-meta":"","header-above-stick-meta":"","header-main-stick-meta":"","header-below-stick-meta":""},"pwb-brand":[298],"product_cat":[66],"product_tag":[],"class_list":{"0":"post-86462","1":"product","2":"type-product","3":"status-publish","5":"pwb-brand-ferodo","6":"product_cat-jarrulevyt","7":"desktop-align-left","8":"tablet-align-left","9":"mobile-align-left","11":"first","12":"instock","13":"product-type-external"},"brands":[{"id":298,"name":"FERODO","slug":"ferodo"}],"_links":{"self":[{"href":"https:\/\/www.autonvaraosahaku.fi\/index.php?rest_route=\/wp\/v2\/product\/86462","targetHints":{"allow":["GET"]}}],"collection":[{"href":"https:\/\/www.autonvaraosahaku.fi\/index.php?rest_route=\/wp\/v2\/product"}],"about":[{"href":"https:\/\/www.autonvaraosahaku.fi\/index.php?rest_route=\/wp\/v2\/types\/product"}],"wp:attachment":[{"href":"https:\/\/www.autonvaraosahaku.fi\/index.php?rest_route=%2Fwp%2Fv2%2Fmedia&parent=86462"}],"wp:term":[{"taxonomy":"pwb-brand","embeddable":true,"href":"https:\/\/www.autonvaraosahaku.fi\/index.php?rest_route=%2Fwp%2Fv2%2Fpwb-brand&post=86462"},{"taxonomy":"product_cat","embeddable":true,"href":"https:\/\/www.autonvaraosahaku.fi\/index.php?rest_route=%2Fwp%2Fv2%2Fproduct_cat&post=86462"},{"taxonomy":"product_tag","embeddable":true,"href":"https:\/\/www.autonvaraosahaku.fi\/index.php?rest_route=%2Fwp%2Fv2%2Fproduct_tag&post=86462"}],"curies":[{"name":"wp","href":"https:\/\/api.w.org\/{rel}","templated":true}]}}