{"id":86530,"date":"2021-02-21T20:49:18","date_gmt":"2021-02-21T20:49:18","guid":{"rendered":"https:\/\/www.autonvaraosahaku.fi\/?product=aks-dasis-167008n-valijaahdytin"},"modified":"2021-02-21T20:49:19","modified_gmt":"2021-02-21T20:49:19","slug":"aks-dasis-167008n-valijaahdytin","status":"publish","type":"product","link":"https:\/\/www.autonvaraosahaku.fi\/?product=aks-dasis-167008n-valijaahdytin","title":{"rendered":"AKS DASIS 167008N V\u00e4lij\u00e4\u00e4hdytin"},"content":{"rendered":"<p>Verkon pituus [mm]: 300; Verkon leveys [mm]: 150; Verkon syvyys [mm]: 80; Kennon mitat: 300x150x80; Paino [kg]: 5,5; OE-numerolle: 0384.L4; CITRO\u00cbN: BERLINGO MF,BERLINGO B9,C4 Picasso I UD_,C4 Grand Picasso I UA_,C4 I LC_,BERLINGO Kasten M_,C4 Coupe LA_,BERLINGO Kasten B9,C4 Stufenheck L; PEUGEOT: 308 SW,308 4A_, 4C_,5008,3008,PARTNER Tepee,308 CC,PARTNER Kasten<\/p>\n","protected":false},"excerpt":{"rendered":"<p>AKS DASIS V\u00e4lij\u00e4\u00e4hdytin 167008N  CITRO\u00cbN,PEUGEOT,BERLINGO MF,BERLINGO B9,C4 Picasso I UD_,C4 Grand Picasso I UA_,C4 I LC_,BERLINGO Kasten M_<\/p>\n","protected":false},"featured_media":0,"template":"","meta":{"site-sidebar-layout":"default","site-content-layout":"default","ast-global-header-display":"","ast-main-header-display":"","ast-hfb-above-header-display":"","ast-hfb-below-header-display":"","ast-hfb-mobile-header-display":"","site-post-title":"","ast-breadcrumbs-content":"","ast-featured-img":"","footer-sml-layout":"","theme-transparent-header-meta":"","adv-header-id-meta":"","stick-header-meta":"","header-above-stick-meta":"","header-main-stick-meta":"","header-below-stick-meta":""},"pwb-brand":[461],"product_cat":[234],"product_tag":[],"class_list":{"0":"post-86530","1":"product","2":"type-product","3":"status-publish","5":"pwb-brand-aks-dasis","6":"product_cat-valijaahdytin","7":"desktop-align-left","8":"tablet-align-left","9":"mobile-align-left","11":"first","12":"instock","13":"product-type-external"},"brands":[{"id":461,"name":"AKS DASIS","slug":"aks-dasis"}],"_links":{"self":[{"href":"https:\/\/www.autonvaraosahaku.fi\/index.php?rest_route=\/wp\/v2\/product\/86530","targetHints":{"allow":["GET"]}}],"collection":[{"href":"https:\/\/www.autonvaraosahaku.fi\/index.php?rest_route=\/wp\/v2\/product"}],"about":[{"href":"https:\/\/www.autonvaraosahaku.fi\/index.php?rest_route=\/wp\/v2\/types\/product"}],"wp:attachment":[{"href":"https:\/\/www.autonvaraosahaku.fi\/index.php?rest_route=%2Fwp%2Fv2%2Fmedia&parent=86530"}],"wp:term":[{"taxonomy":"pwb-brand","embeddable":true,"href":"https:\/\/www.autonvaraosahaku.fi\/index.php?rest_route=%2Fwp%2Fv2%2Fpwb-brand&post=86530"},{"taxonomy":"product_cat","embeddable":true,"href":"https:\/\/www.autonvaraosahaku.fi\/index.php?rest_route=%2Fwp%2Fv2%2Fproduct_cat&post=86530"},{"taxonomy":"product_tag","embeddable":true,"href":"https:\/\/www.autonvaraosahaku.fi\/index.php?rest_route=%2Fwp%2Fv2%2Fproduct_tag&post=86530"}],"curies":[{"name":"wp","href":"https:\/\/api.w.org\/{rel}","templated":true}]}}