{"id":86550,"date":"2021-02-21T20:49:26","date_gmt":"2021-02-21T20:49:26","guid":{"rendered":"https:\/\/www.autonvaraosahaku.fi\/?product=koni-80-2522sport-iskunvaimennin"},"modified":"2021-02-21T20:49:27","modified_gmt":"2021-02-21T20:49:27","slug":"koni-80-2522sport-iskunvaimennin","status":"publish","type":"product","link":"https:\/\/www.autonvaraosahaku.fi\/?product=koni-80-2522sport-iskunvaimennin","title":{"rendered":"KONI 80-2522SPORT Iskunvaimennin"},"content":{"rendered":"<p>Asennuspuoli: Taka-akseli; Iskunvaimennin tyyppi: \u00d6ljypaine; Iskunvaimennusj\u00e4rjestelm\u00e4: Kaksiputki, S\u00e4\u00e4dett\u00e4v\u00e4; suurin pituus [mm]: 549; v\u00e4h. pituus [mm]: 343; Tuotelinja: SPORT; Tuning: 1; Alustarakenne: f\u00fcr Fahrzeuge mit verst\u00e4rktem Fahrwerk; BMW: 3 Compact E36,3 E30,3 Cabriolet E30,3 Touring E30,Z1; 1091629, 1091630, 1091999, 1125079, 1125156, 1125473, 1125476, 1127491, 1128130, 1130035, 1130085, 1130309, 1130311, 1131072, 1131085, 1131112, 1132123, 1132250, 1132489, 1133182, 1133225, 1133231, 1133233, 1135180, 1135466, 1135636, 1135888, 1138908, 33521091629, 33521091630, 33521091999, 33521125079, 33521125156, 33521125473, 33521125476, 33521127491, 33521128130, 33521130035, 33521130085, 33521130309, 33521130311, 33521131072, 33521131085, 33521131112, 33521132123, 33521132250, 33521132489, 33521132490, 33521133182, 33521133225, 33521133231, 33521133233, 33521133564, 33521135180, 33521135466, 33521135636, 33521135888, 33521138908; Iskarit,Iskunvaimennin<\/p>\n","protected":false},"excerpt":{"rendered":"<p>KONI Iskunvaimentimet 80-2522SPORT Iskarit,Iskunvaimennin BMW,3 Compact E36,3 E30,3 Cabriolet E30,3 Touring E30,Z1<\/p>\n","protected":false},"featured_media":0,"template":"","meta":{"site-sidebar-layout":"default","site-content-layout":"default","ast-global-header-display":"","ast-main-header-display":"","ast-hfb-above-header-display":"","ast-hfb-below-header-display":"","ast-hfb-mobile-header-display":"","site-post-title":"","ast-breadcrumbs-content":"","ast-featured-img":"","footer-sml-layout":"","theme-transparent-header-meta":"","adv-header-id-meta":"","stick-header-meta":"","header-above-stick-meta":"","header-main-stick-meta":"","header-below-stick-meta":""},"pwb-brand":[517],"product_cat":[80],"product_tag":[],"class_list":{"0":"post-86550","1":"product","2":"type-product","3":"status-publish","5":"pwb-brand-koni","6":"product_cat-iskunvaimennin","7":"desktop-align-left","8":"tablet-align-left","9":"mobile-align-left","11":"first","12":"instock","13":"product-type-external"},"brands":[{"id":517,"name":"KONI","slug":"koni"}],"_links":{"self":[{"href":"https:\/\/www.autonvaraosahaku.fi\/index.php?rest_route=\/wp\/v2\/product\/86550","targetHints":{"allow":["GET"]}}],"collection":[{"href":"https:\/\/www.autonvaraosahaku.fi\/index.php?rest_route=\/wp\/v2\/product"}],"about":[{"href":"https:\/\/www.autonvaraosahaku.fi\/index.php?rest_route=\/wp\/v2\/types\/product"}],"wp:attachment":[{"href":"https:\/\/www.autonvaraosahaku.fi\/index.php?rest_route=%2Fwp%2Fv2%2Fmedia&parent=86550"}],"wp:term":[{"taxonomy":"pwb-brand","embeddable":true,"href":"https:\/\/www.autonvaraosahaku.fi\/index.php?rest_route=%2Fwp%2Fv2%2Fpwb-brand&post=86550"},{"taxonomy":"product_cat","embeddable":true,"href":"https:\/\/www.autonvaraosahaku.fi\/index.php?rest_route=%2Fwp%2Fv2%2Fproduct_cat&post=86550"},{"taxonomy":"product_tag","embeddable":true,"href":"https:\/\/www.autonvaraosahaku.fi\/index.php?rest_route=%2Fwp%2Fv2%2Fproduct_tag&post=86550"}],"curies":[{"name":"wp","href":"https:\/\/api.w.org\/{rel}","templated":true}]}}