{"id":86557,"date":"2021-02-21T20:49:26","date_gmt":"2021-02-21T20:49:26","guid":{"rendered":"https:\/\/www.autonvaraosahaku.fi\/?product=febi-bilstein-37524-jarrukengat"},"modified":"2021-02-21T20:49:29","modified_gmt":"2021-02-21T20:49:29","slug":"febi-bilstein-37524-jarrukengat","status":"publish","type":"product","link":"https:\/\/www.autonvaraosahaku.fi\/?product=febi-bilstein-37524-jarrukengat","title":{"rendered":"FEBI BILSTEIN 37524 Jarrukeng\u00e4t"},"content":{"rendered":"<p>Leveys (mm): 38,0; Sis\u00e4l\u00e4pimitta [mm]: 20,64; Ulkol\u00e4pimitta [mm]: 203,0; Tarkistuskilpi: ECE R90 Approved; Asennusmalli: Esiasennettu; Lis\u00e4tarvike\/lis\u00e4tieto: Py\u00f6r\u00e4n jarrun sylinterill\u00e4, Tarvikkeilla; Asennuspuoli: Taka-akseli, Taka-akseli; Paino [kg]: 2,18, 2,18; PEUGEOT: 206 Schr\u00e4gheck 2A\/C,207 SW WK_,206 SW 2E\/K,206 Stufenheck,206 Van; 42419F<\/p>\n","protected":false},"excerpt":{"rendered":"<p>FEBI BILSTEIN Jarrukenk\u00e4sarja, Rumpujarru 37524  PEUGEOT,206 Schr\u00e4gheck 2A\/C,207 SW WK_,206 SW 2E\/K,206 Stufenheck,206 Van<\/p>\n","protected":false},"featured_media":0,"template":"","meta":{"site-sidebar-layout":"default","site-content-layout":"default","ast-global-header-display":"","ast-main-header-display":"","ast-hfb-above-header-display":"","ast-hfb-below-header-display":"","ast-hfb-mobile-header-display":"","site-post-title":"","ast-breadcrumbs-content":"","ast-featured-img":"","footer-sml-layout":"","theme-transparent-header-meta":"","adv-header-id-meta":"","stick-header-meta":"","header-above-stick-meta":"","header-main-stick-meta":"","header-below-stick-meta":""},"pwb-brand":[50],"product_cat":[176],"product_tag":[],"class_list":{"0":"post-86557","1":"product","2":"type-product","3":"status-publish","5":"pwb-brand-febi-bilstein","6":"product_cat-jarrukengat","7":"desktop-align-left","8":"tablet-align-left","9":"mobile-align-left","11":"first","12":"instock","13":"product-type-external"},"brands":[{"id":50,"name":"FEBI BILSTEIN","slug":"febi-bilstein"}],"_links":{"self":[{"href":"https:\/\/www.autonvaraosahaku.fi\/index.php?rest_route=\/wp\/v2\/product\/86557","targetHints":{"allow":["GET"]}}],"collection":[{"href":"https:\/\/www.autonvaraosahaku.fi\/index.php?rest_route=\/wp\/v2\/product"}],"about":[{"href":"https:\/\/www.autonvaraosahaku.fi\/index.php?rest_route=\/wp\/v2\/types\/product"}],"wp:attachment":[{"href":"https:\/\/www.autonvaraosahaku.fi\/index.php?rest_route=%2Fwp%2Fv2%2Fmedia&parent=86557"}],"wp:term":[{"taxonomy":"pwb-brand","embeddable":true,"href":"https:\/\/www.autonvaraosahaku.fi\/index.php?rest_route=%2Fwp%2Fv2%2Fpwb-brand&post=86557"},{"taxonomy":"product_cat","embeddable":true,"href":"https:\/\/www.autonvaraosahaku.fi\/index.php?rest_route=%2Fwp%2Fv2%2Fproduct_cat&post=86557"},{"taxonomy":"product_tag","embeddable":true,"href":"https:\/\/www.autonvaraosahaku.fi\/index.php?rest_route=%2Fwp%2Fv2%2Fproduct_tag&post=86557"}],"curies":[{"name":"wp","href":"https:\/\/api.w.org\/{rel}","templated":true}]}}