{"id":86559,"date":"2021-02-21T20:49:26","date_gmt":"2021-02-21T20:49:26","guid":{"rendered":"https:\/\/www.autonvaraosahaku.fi\/?product=koni-8641-1210sport-iskunvaimennin"},"modified":"2021-02-21T20:49:30","modified_gmt":"2021-02-21T20:49:30","slug":"koni-8641-1210sport-iskunvaimennin","status":"publish","type":"product","link":"https:\/\/www.autonvaraosahaku.fi\/?product=koni-8641-1210sport-iskunvaimennin","title":{"rendered":"KONI 8641-1210SPORT Iskunvaimennin"},"content":{"rendered":"<p>Asennuspuoli: Etuakseli; Iskunvaimennin tyyppi: Kaasupaine; Iskunvaimennin malli: Joustintukisarja, Federbein; Iskunvaimennusj\u00e4rjestelm\u00e4: Kaksiputki, S\u00e4\u00e4dett\u00e4v\u00e4; Lyhennetty vaimennin (mm): 20; suurin pituus [mm]: 585; v\u00e4h. pituus [mm]: 488; Tuning: 1; BMW: 3 E30,3 Cabriolet E30,3 Touring E30; 1125150, 1125151, 1125474, 1125475, 1128126, 1130571, 1131071, 1131077, 1131111, 1132249, 1132487, 1133181, 1133224, 1133230, 1133232, 1133438, 1133560, 1133563, 1135179, 1135465, 1135635, 1135892, 1139249, 31301133438, 31321125150, 31321125151, 31321125474, 31321125475, 31321128126, 31321130571, 31321131071, 31321131077, 31321131111, 31321132249, 31321132487, 31321133181, 31321133224, 31321133230, 31321133232, 31321133560, 31321133563, 31321135179, 31321135465, 31321135635, 31321135892, 31321139249; Iskarit,Iskunvaimennin<\/p>\n","protected":false},"excerpt":{"rendered":"<p>KONI Iskunvaimentimet SPORT SHORT 8641-1210SPORT Iskarit,Iskunvaimennin BMW,3 E30,3 Cabriolet E30,3 Touring E30<\/p>\n","protected":false},"featured_media":0,"template":"","meta":{"site-sidebar-layout":"default","site-content-layout":"default","ast-global-header-display":"","ast-main-header-display":"","ast-hfb-above-header-display":"","ast-hfb-below-header-display":"","ast-hfb-mobile-header-display":"","site-post-title":"","ast-breadcrumbs-content":"","ast-featured-img":"","footer-sml-layout":"","theme-transparent-header-meta":"","adv-header-id-meta":"","stick-header-meta":"","header-above-stick-meta":"","header-main-stick-meta":"","header-below-stick-meta":""},"pwb-brand":[517],"product_cat":[80],"product_tag":[],"class_list":{"0":"post-86559","1":"product","2":"type-product","3":"status-publish","5":"pwb-brand-koni","6":"product_cat-iskunvaimennin","7":"desktop-align-left","8":"tablet-align-left","9":"mobile-align-left","11":"first","12":"instock","13":"product-type-external"},"brands":[{"id":517,"name":"KONI","slug":"koni"}],"_links":{"self":[{"href":"https:\/\/www.autonvaraosahaku.fi\/index.php?rest_route=\/wp\/v2\/product\/86559","targetHints":{"allow":["GET"]}}],"collection":[{"href":"https:\/\/www.autonvaraosahaku.fi\/index.php?rest_route=\/wp\/v2\/product"}],"about":[{"href":"https:\/\/www.autonvaraosahaku.fi\/index.php?rest_route=\/wp\/v2\/types\/product"}],"wp:attachment":[{"href":"https:\/\/www.autonvaraosahaku.fi\/index.php?rest_route=%2Fwp%2Fv2%2Fmedia&parent=86559"}],"wp:term":[{"taxonomy":"pwb-brand","embeddable":true,"href":"https:\/\/www.autonvaraosahaku.fi\/index.php?rest_route=%2Fwp%2Fv2%2Fpwb-brand&post=86559"},{"taxonomy":"product_cat","embeddable":true,"href":"https:\/\/www.autonvaraosahaku.fi\/index.php?rest_route=%2Fwp%2Fv2%2Fproduct_cat&post=86559"},{"taxonomy":"product_tag","embeddable":true,"href":"https:\/\/www.autonvaraosahaku.fi\/index.php?rest_route=%2Fwp%2Fv2%2Fproduct_tag&post=86559"}],"curies":[{"name":"wp","href":"https:\/\/api.w.org\/{rel}","templated":true}]}}