{"id":86569,"date":"2021-02-21T20:49:26","date_gmt":"2021-02-21T20:49:26","guid":{"rendered":"https:\/\/www.autonvaraosahaku.fi\/?product=febi-bilstein-36921-anturit-sensorit"},"modified":"2021-02-21T20:49:33","modified_gmt":"2021-02-21T20:49:33","slug":"febi-bilstein-36921-anturit-sensorit","status":"publish","type":"product","link":"https:\/\/www.autonvaraosahaku.fi\/?product=febi-bilstein-36921-anturit-sensorit","title":{"rendered":"FEBI BILSTEIN 36921 Anturit (sensorit)"},"content":{"rendered":"<p>Liittimi\u00e4: 6; V\u00e4ri: Musta; Materiaali: Muovi; Asennuspuoli: Taka-akseli; Paino [kg]: 0,080, 0,080; TECDOC-moottorinumero: 28384; BMW: 3 E46,5 E39,5 E60,5 Touring E61,3 Touring E46,X3 E83,5 Touring E39,3 Compact E46,3 Coupe E46,X5 E53,3 Cabriolet E46,Z4 E85,7 E65, E66, E67,Z4 E89,Z4 Coupe E86; 37140141445, 37140150957, 37141093698, 37141093700, 37141182641, 37146763738, 37146778812, 37146784697<\/p>\n","protected":false},"excerpt":{"rendered":"<p>FEBI BILSTEIN Sensori, Xenonvalo (Ajovalokorkeuden S\u00e4\u00e4t\u00f6) 36921  BMW,3 E46,5 E39,5 E60,5 Touring E61,3 Touring E46,X3 E83,5 Touring E39,3 Compact E46<\/p>\n","protected":false},"featured_media":0,"template":"","meta":{"site-sidebar-layout":"default","site-content-layout":"default","ast-global-header-display":"","ast-main-header-display":"","ast-hfb-above-header-display":"","ast-hfb-below-header-display":"","ast-hfb-mobile-header-display":"","site-post-title":"","ast-breadcrumbs-content":"","ast-featured-img":"","footer-sml-layout":"","theme-transparent-header-meta":"","adv-header-id-meta":"","stick-header-meta":"","header-above-stick-meta":"","header-main-stick-meta":"","header-below-stick-meta":""},"pwb-brand":[50],"product_cat":[98],"product_tag":[],"class_list":{"0":"post-86569","1":"product","2":"type-product","3":"status-publish","5":"pwb-brand-febi-bilstein","6":"product_cat-anturit-sensorit","7":"desktop-align-left","8":"tablet-align-left","9":"mobile-align-left","11":"first","12":"instock","13":"product-type-external"},"brands":[{"id":50,"name":"FEBI BILSTEIN","slug":"febi-bilstein"}],"_links":{"self":[{"href":"https:\/\/www.autonvaraosahaku.fi\/index.php?rest_route=\/wp\/v2\/product\/86569","targetHints":{"allow":["GET"]}}],"collection":[{"href":"https:\/\/www.autonvaraosahaku.fi\/index.php?rest_route=\/wp\/v2\/product"}],"about":[{"href":"https:\/\/www.autonvaraosahaku.fi\/index.php?rest_route=\/wp\/v2\/types\/product"}],"wp:attachment":[{"href":"https:\/\/www.autonvaraosahaku.fi\/index.php?rest_route=%2Fwp%2Fv2%2Fmedia&parent=86569"}],"wp:term":[{"taxonomy":"pwb-brand","embeddable":true,"href":"https:\/\/www.autonvaraosahaku.fi\/index.php?rest_route=%2Fwp%2Fv2%2Fpwb-brand&post=86569"},{"taxonomy":"product_cat","embeddable":true,"href":"https:\/\/www.autonvaraosahaku.fi\/index.php?rest_route=%2Fwp%2Fv2%2Fproduct_cat&post=86569"},{"taxonomy":"product_tag","embeddable":true,"href":"https:\/\/www.autonvaraosahaku.fi\/index.php?rest_route=%2Fwp%2Fv2%2Fproduct_tag&post=86569"}],"curies":[{"name":"wp","href":"https:\/\/api.w.org\/{rel}","templated":true}]}}