{"id":86625,"date":"2021-02-21T20:49:50","date_gmt":"2021-02-21T20:49:50","guid":{"rendered":"https:\/\/www.autonvaraosahaku.fi\/?product=monroe-sp3287-jouset"},"modified":"2021-02-21T20:49:55","modified_gmt":"2021-02-21T20:49:55","slug":"monroe-sp3287-jouset","status":"publish","type":"product","link":"https:\/\/www.autonvaraosahaku.fi\/?product=monroe-sp3287-jouset","title":{"rendered":"MONROE SP3287 Jouset"},"content":{"rendered":"<p>Pituus (mm): 365; Paino [kg]: 2,800; Ulkol\u00e4pimitta [mm]: 144,0; Sis\u00e4l\u00e4pimitta 1 [mm]: 81,0; Sis\u00e4l\u00e4pimitta 2 [mm]: 74,0; Kierroslukum\u00e4\u00e4r\u00e4: 6,25; Pakkauspituus [cm]: 41,5; Pakkausleveys [cm]: 15,1; Pakkauskorkeus [mm]: 15,2; Johtimen l\u00e4pimitta [mm]: 13,5; Asennuspuoli: Vorderachse; VW: CADDY III Kombi 2KB, 2KJ, 2CB, 2CJ,CADDY III Kasten 2KA, 2KH, 2CA, 2CH; 1K0411105EJ; Kierrejousi<\/p>\n","protected":false},"excerpt":{"rendered":"<p>MONROE Jousi MONROE OESpectrum SPRINGS SP3287 Kierrejousi VW,CADDY III Kombi 2KB, 2KJ, 2CB, 2CJ,CADDY III Kasten 2KA, 2KH, 2CA, 2CH<\/p>\n","protected":false},"featured_media":0,"template":"","meta":{"site-sidebar-layout":"default","site-content-layout":"default","ast-global-header-display":"","ast-main-header-display":"","ast-hfb-above-header-display":"","ast-hfb-below-header-display":"","ast-hfb-mobile-header-display":"","site-post-title":"","ast-breadcrumbs-content":"","ast-featured-img":"","footer-sml-layout":"","theme-transparent-header-meta":"","adv-header-id-meta":"","stick-header-meta":"","header-above-stick-meta":"","header-main-stick-meta":"","header-below-stick-meta":""},"pwb-brand":[79],"product_cat":[171],"product_tag":[],"class_list":{"0":"post-86625","1":"product","2":"type-product","3":"status-publish","5":"pwb-brand-monroe","6":"product_cat-jouset","7":"desktop-align-left","8":"tablet-align-left","9":"mobile-align-left","11":"first","12":"instock","13":"product-type-external"},"brands":[{"id":79,"name":"MONROE","slug":"monroe"}],"_links":{"self":[{"href":"https:\/\/www.autonvaraosahaku.fi\/index.php?rest_route=\/wp\/v2\/product\/86625","targetHints":{"allow":["GET"]}}],"collection":[{"href":"https:\/\/www.autonvaraosahaku.fi\/index.php?rest_route=\/wp\/v2\/product"}],"about":[{"href":"https:\/\/www.autonvaraosahaku.fi\/index.php?rest_route=\/wp\/v2\/types\/product"}],"wp:attachment":[{"href":"https:\/\/www.autonvaraosahaku.fi\/index.php?rest_route=%2Fwp%2Fv2%2Fmedia&parent=86625"}],"wp:term":[{"taxonomy":"pwb-brand","embeddable":true,"href":"https:\/\/www.autonvaraosahaku.fi\/index.php?rest_route=%2Fwp%2Fv2%2Fpwb-brand&post=86625"},{"taxonomy":"product_cat","embeddable":true,"href":"https:\/\/www.autonvaraosahaku.fi\/index.php?rest_route=%2Fwp%2Fv2%2Fproduct_cat&post=86625"},{"taxonomy":"product_tag","embeddable":true,"href":"https:\/\/www.autonvaraosahaku.fi\/index.php?rest_route=%2Fwp%2Fv2%2Fproduct_tag&post=86625"}],"curies":[{"name":"wp","href":"https:\/\/api.w.org\/{rel}","templated":true}]}}