{"id":86634,"date":"2021-02-21T20:49:58","date_gmt":"2021-02-21T20:49:58","guid":{"rendered":"https:\/\/www.autonvaraosahaku.fi\/?product=vegaz-vs-157-takaaanenvaimennin"},"modified":"2021-02-21T20:49:59","modified_gmt":"2021-02-21T20:49:59","slug":"vegaz-vs-157-takaaanenvaimennin","status":"publish","type":"product","link":"https:\/\/www.autonvaraosahaku.fi\/?product=vegaz-vs-157-takaaanenvaimennin","title":{"rendered":"VEGAZ VS-157 Taka\u00e4\u00e4nenvaimennin"},"content":{"rendered":"<p>Asennuspuoli: Takana, Takana; Paino [kg]: 5; Valmistusvuoteen: 06\/1995; VW: GOLF III 1H1,GOLF III Cabriolet 1E7,GOLF Mk III Cabriolet 1E7; 1H6253609A, JZW253609AR, 1H6253609A, 1H6253609AF, 1H6253609G, 1H6253609P, 1H6253609T, JZW253609AR; Takavaimennin,Takap\u00f6ntt\u00f6,Taka\u00e4\u00e4nenvaimentaja<\/p>\n","protected":false},"excerpt":{"rendered":"<p>VEGAZ Taka\u00e4\u00e4nenvaimennin VS-157 Takavaimennin,Takap\u00f6ntt\u00f6 VW,GOLF III 1H1,GOLF III Cabriolet 1E7,GOLF Mk III Cabriolet 1E7<\/p>\n","protected":false},"featured_media":0,"template":"","meta":{"site-sidebar-layout":"default","site-content-layout":"default","ast-global-header-display":"","ast-main-header-display":"","ast-hfb-above-header-display":"","ast-hfb-below-header-display":"","ast-hfb-mobile-header-display":"","site-post-title":"","ast-breadcrumbs-content":"","ast-featured-img":"","footer-sml-layout":"","theme-transparent-header-meta":"","adv-header-id-meta":"","stick-header-meta":"","header-above-stick-meta":"","header-main-stick-meta":"","header-below-stick-meta":""},"pwb-brand":[306],"product_cat":[90],"product_tag":[],"class_list":{"0":"post-86634","1":"product","2":"type-product","3":"status-publish","5":"pwb-brand-vegaz","6":"product_cat-takaaanenvaimennin","7":"desktop-align-left","8":"tablet-align-left","9":"mobile-align-left","11":"first","12":"instock","13":"product-type-external"},"brands":[{"id":306,"name":"VEGAZ","slug":"vegaz"}],"_links":{"self":[{"href":"https:\/\/www.autonvaraosahaku.fi\/index.php?rest_route=\/wp\/v2\/product\/86634","targetHints":{"allow":["GET"]}}],"collection":[{"href":"https:\/\/www.autonvaraosahaku.fi\/index.php?rest_route=\/wp\/v2\/product"}],"about":[{"href":"https:\/\/www.autonvaraosahaku.fi\/index.php?rest_route=\/wp\/v2\/types\/product"}],"wp:attachment":[{"href":"https:\/\/www.autonvaraosahaku.fi\/index.php?rest_route=%2Fwp%2Fv2%2Fmedia&parent=86634"}],"wp:term":[{"taxonomy":"pwb-brand","embeddable":true,"href":"https:\/\/www.autonvaraosahaku.fi\/index.php?rest_route=%2Fwp%2Fv2%2Fpwb-brand&post=86634"},{"taxonomy":"product_cat","embeddable":true,"href":"https:\/\/www.autonvaraosahaku.fi\/index.php?rest_route=%2Fwp%2Fv2%2Fproduct_cat&post=86634"},{"taxonomy":"product_tag","embeddable":true,"href":"https:\/\/www.autonvaraosahaku.fi\/index.php?rest_route=%2Fwp%2Fv2%2Fproduct_tag&post=86634"}],"curies":[{"name":"wp","href":"https:\/\/api.w.org\/{rel}","templated":true}]}}