{"id":86647,"date":"2021-02-21T20:49:58","date_gmt":"2021-02-21T20:49:58","guid":{"rendered":"https:\/\/www.autonvaraosahaku.fi\/?product=vegaz-vs-111-keskimmainen-aanenvaimennin"},"modified":"2021-02-21T20:50:04","modified_gmt":"2021-02-21T20:50:04","slug":"vegaz-vs-111-keskimmainen-aanenvaimennin","status":"publish","type":"product","link":"https:\/\/www.autonvaraosahaku.fi\/?product=vegaz-vs-111-keskimmainen-aanenvaimennin","title":{"rendered":"VEGAZ VS-111 Keskimm\u00e4inen \u00e4\u00e4nenvaimennin"},"content":{"rendered":"<p>Asennuspuoli: Keskell\u00e4; Pituus (mm): 650; Paino [kg]: 3,94; Valmistusvuosi alkaen: 08\/1985; VW: GOLF II 19E, 1G1,JETTA II 19E, 1G2, 165; SEAT: TOLEDO I 1L; 191253409BB, 191253409D, 191253409E, 191253409F, 191253409G, 191253409F, 191253409BB, 191253409D, 191253409E, 191253409F, 191253409G; Keski \u00c4\u00e4nenvaimennin,Keski\u00e4\u00e4nenvaimentaja<\/p>\n","protected":false},"excerpt":{"rendered":"<p>VEGAZ Keskimm\u00e4inen \u00c4\u00e4nenvaimennin VS-111 Keski \u00c4\u00e4nenvaimennin,Keski\u00e4\u00e4nenvaimentaja VW,SEAT,GOLF II 19E, 1G1,JETTA II 19E, 1G2, 165,TOLEDO I 1L<\/p>\n","protected":false},"featured_media":0,"template":"","meta":{"site-sidebar-layout":"default","site-content-layout":"default","ast-global-header-display":"","ast-main-header-display":"","ast-hfb-above-header-display":"","ast-hfb-below-header-display":"","ast-hfb-mobile-header-display":"","site-post-title":"","ast-breadcrumbs-content":"","ast-featured-img":"","footer-sml-layout":"","theme-transparent-header-meta":"","adv-header-id-meta":"","stick-header-meta":"","header-above-stick-meta":"","header-main-stick-meta":"","header-below-stick-meta":""},"pwb-brand":[306],"product_cat":[212],"product_tag":[],"class_list":{"0":"post-86647","1":"product","2":"type-product","3":"status-publish","5":"pwb-brand-vegaz","6":"product_cat-keskimmainen-aanenvaimennin","7":"desktop-align-left","8":"tablet-align-left","9":"mobile-align-left","11":"first","12":"instock","13":"product-type-external"},"brands":[{"id":306,"name":"VEGAZ","slug":"vegaz"}],"_links":{"self":[{"href":"https:\/\/www.autonvaraosahaku.fi\/index.php?rest_route=\/wp\/v2\/product\/86647","targetHints":{"allow":["GET"]}}],"collection":[{"href":"https:\/\/www.autonvaraosahaku.fi\/index.php?rest_route=\/wp\/v2\/product"}],"about":[{"href":"https:\/\/www.autonvaraosahaku.fi\/index.php?rest_route=\/wp\/v2\/types\/product"}],"wp:attachment":[{"href":"https:\/\/www.autonvaraosahaku.fi\/index.php?rest_route=%2Fwp%2Fv2%2Fmedia&parent=86647"}],"wp:term":[{"taxonomy":"pwb-brand","embeddable":true,"href":"https:\/\/www.autonvaraosahaku.fi\/index.php?rest_route=%2Fwp%2Fv2%2Fpwb-brand&post=86647"},{"taxonomy":"product_cat","embeddable":true,"href":"https:\/\/www.autonvaraosahaku.fi\/index.php?rest_route=%2Fwp%2Fv2%2Fproduct_cat&post=86647"},{"taxonomy":"product_tag","embeddable":true,"href":"https:\/\/www.autonvaraosahaku.fi\/index.php?rest_route=%2Fwp%2Fv2%2Fproduct_tag&post=86647"}],"curies":[{"name":"wp","href":"https:\/\/api.w.org\/{rel}","templated":true}]}}