{"id":86652,"date":"2021-02-21T20:50:06","date_gmt":"2021-02-21T20:50:06","guid":{"rendered":"https:\/\/www.autonvaraosahaku.fi\/?product=asmet-05-173-takaaanenvaimennin"},"modified":"2021-02-21T20:50:07","modified_gmt":"2021-02-21T20:50:07","slug":"asmet-05-173-takaaanenvaimennin","status":"publish","type":"product","link":"https:\/\/www.autonvaraosahaku.fi\/?product=asmet-05-173-takaaanenvaimennin","title":{"rendered":"ASMET 05.173 Taka\u00e4\u00e4nenvaimennin"},"content":{"rendered":"<p>OPEL: ZAFIRA A F75_; 5852073, 5852074, 5852075, 5852095, 5852100, 5852107, 5852486, 24423013, 24424773; Takavaimennin,Takap\u00f6ntt\u00f6,Taka\u00e4\u00e4nenvaimentaja<\/p>\n","protected":false},"excerpt":{"rendered":"<p>ASMET Taka\u00e4\u00e4nenvaimennin 05.173 Takavaimennin,Takap\u00f6ntt\u00f6 OPEL,ZAFIRA A F75_<\/p>\n","protected":false},"featured_media":0,"template":"","meta":{"site-sidebar-layout":"default","site-content-layout":"default","ast-global-header-display":"","ast-main-header-display":"","ast-hfb-above-header-display":"","ast-hfb-below-header-display":"","ast-hfb-mobile-header-display":"","site-post-title":"","ast-breadcrumbs-content":"","ast-featured-img":"","footer-sml-layout":"","theme-transparent-header-meta":"","adv-header-id-meta":"","stick-header-meta":"","header-above-stick-meta":"","header-main-stick-meta":"","header-below-stick-meta":""},"pwb-brand":[301],"product_cat":[90],"product_tag":[],"class_list":{"0":"post-86652","1":"product","2":"type-product","3":"status-publish","5":"pwb-brand-asmet","6":"product_cat-takaaanenvaimennin","7":"desktop-align-left","8":"tablet-align-left","9":"mobile-align-left","11":"first","12":"instock","13":"product-type-external"},"brands":[{"id":301,"name":"ASMET","slug":"asmet"}],"_links":{"self":[{"href":"https:\/\/www.autonvaraosahaku.fi\/index.php?rest_route=\/wp\/v2\/product\/86652","targetHints":{"allow":["GET"]}}],"collection":[{"href":"https:\/\/www.autonvaraosahaku.fi\/index.php?rest_route=\/wp\/v2\/product"}],"about":[{"href":"https:\/\/www.autonvaraosahaku.fi\/index.php?rest_route=\/wp\/v2\/types\/product"}],"wp:attachment":[{"href":"https:\/\/www.autonvaraosahaku.fi\/index.php?rest_route=%2Fwp%2Fv2%2Fmedia&parent=86652"}],"wp:term":[{"taxonomy":"pwb-brand","embeddable":true,"href":"https:\/\/www.autonvaraosahaku.fi\/index.php?rest_route=%2Fwp%2Fv2%2Fpwb-brand&post=86652"},{"taxonomy":"product_cat","embeddable":true,"href":"https:\/\/www.autonvaraosahaku.fi\/index.php?rest_route=%2Fwp%2Fv2%2Fproduct_cat&post=86652"},{"taxonomy":"product_tag","embeddable":true,"href":"https:\/\/www.autonvaraosahaku.fi\/index.php?rest_route=%2Fwp%2Fv2%2Fproduct_tag&post=86652"}],"curies":[{"name":"wp","href":"https:\/\/api.w.org\/{rel}","templated":true}]}}