{"id":86659,"date":"2021-02-21T20:50:06","date_gmt":"2021-02-21T20:50:06","guid":{"rendered":"https:\/\/www.autonvaraosahaku.fi\/?product=topran-200-458-kallistuksenvakaajan-puslat"},"modified":"2021-02-21T20:50:09","modified_gmt":"2021-02-21T20:50:09","slug":"topran-200-458-kallistuksenvakaajan-puslat","status":"publish","type":"product","link":"https:\/\/www.autonvaraosahaku.fi\/?product=topran-200-458-kallistuksenvakaajan-puslat","title":{"rendered":"TOPRAN 200 458 Kallistuksenvakaajan puslat"},"content":{"rendered":"<p>Asennuspuoli: etuakseli molemminpuoleinen; Kiinnitysmalli: Kumilaakeri; Kallistuksenvakaajan l\u00e4pimitta [mm]: 18, 20, 21, 24; Vaihdettava pareittain: ; Lukum\u00e4\u00e4r\u00e4 akselille: 2; Moottorinumero: LM0\/X1.5TD; OPEL: CORSA B 73_, 78_, 79_,TIGRA 95_,COMBO 71_,CORSA B Kasten 73_; VAUXHALL: CORSA Mk I B,COMBO Mk I B,TIGRA Mk I F07; 0350127, 350127, 90447946; Kallistuksenvakaajan Kumit,Vakaajan Hela<\/p>\n","protected":false},"excerpt":{"rendered":"<p>TOPRAN Kallistuksenvakaajan Puslat 200 458 Kallistuksenvakaajan Kumit,Vakaajan Hela OPEL,VAUXHALL,CORSA B 73_, 78_, 79_,TIGRA 95_,COMBO 71_<\/p>\n","protected":false},"featured_media":0,"template":"","meta":{"site-sidebar-layout":"default","site-content-layout":"default","ast-global-header-display":"","ast-main-header-display":"","ast-hfb-above-header-display":"","ast-hfb-below-header-display":"","ast-hfb-mobile-header-display":"","site-post-title":"","ast-breadcrumbs-content":"","ast-featured-img":"","footer-sml-layout":"","theme-transparent-header-meta":"","adv-header-id-meta":"","stick-header-meta":"","header-above-stick-meta":"","header-main-stick-meta":"","header-below-stick-meta":""},"pwb-brand":[18],"product_cat":[82],"product_tag":[],"class_list":{"0":"post-86659","1":"product","2":"type-product","3":"status-publish","5":"pwb-brand-topran","6":"product_cat-kallistuksenvakaajan-puslat","7":"desktop-align-left","8":"tablet-align-left","9":"mobile-align-left","11":"first","12":"instock","13":"product-type-external"},"brands":[{"id":18,"name":"TOPRAN","slug":"topran"}],"_links":{"self":[{"href":"https:\/\/www.autonvaraosahaku.fi\/index.php?rest_route=\/wp\/v2\/product\/86659","targetHints":{"allow":["GET"]}}],"collection":[{"href":"https:\/\/www.autonvaraosahaku.fi\/index.php?rest_route=\/wp\/v2\/product"}],"about":[{"href":"https:\/\/www.autonvaraosahaku.fi\/index.php?rest_route=\/wp\/v2\/types\/product"}],"wp:attachment":[{"href":"https:\/\/www.autonvaraosahaku.fi\/index.php?rest_route=%2Fwp%2Fv2%2Fmedia&parent=86659"}],"wp:term":[{"taxonomy":"pwb-brand","embeddable":true,"href":"https:\/\/www.autonvaraosahaku.fi\/index.php?rest_route=%2Fwp%2Fv2%2Fpwb-brand&post=86659"},{"taxonomy":"product_cat","embeddable":true,"href":"https:\/\/www.autonvaraosahaku.fi\/index.php?rest_route=%2Fwp%2Fv2%2Fproduct_cat&post=86659"},{"taxonomy":"product_tag","embeddable":true,"href":"https:\/\/www.autonvaraosahaku.fi\/index.php?rest_route=%2Fwp%2Fv2%2Fproduct_tag&post=86659"}],"curies":[{"name":"wp","href":"https:\/\/api.w.org\/{rel}","templated":true}]}}