{"id":86662,"date":"2021-02-21T20:50:06","date_gmt":"2021-02-21T20:50:06","guid":{"rendered":"https:\/\/www.autonvaraosahaku.fi\/?product=fa1-781-943-pakosarjan-tiivisteet"},"modified":"2021-02-21T20:50:10","modified_gmt":"2021-02-21T20:50:10","slug":"fa1-781-943-pakosarjan-tiivisteet","status":"publish","type":"product","link":"https:\/\/www.autonvaraosahaku.fi\/?product=fa1-781-943-pakosarjan-tiivisteet","title":{"rendered":"FA1 781-943 Pakosarjan tiivisteet"},"content":{"rendered":"<p>Sis\u00e4l\u00e4pimitta [mm]: 42,5; Ulkol\u00e4pimitta [mm]: 58,5; Korkeus (mm): 15; Valmistusvuoteen: 10\/2004; MAZDA: 323 II Hatchback BD,323 II BD; NISSAN: MICRA III K12; DAIHATSU: SIRION M1,YRV M2,TERIOS J1; SUZUKI: SWIFT III MZ, EZ,SX4 EY, GY,LIANA Schr\u00e4gheck,LIANA ER; TOYOTA: COROLLA ZZE12_, NDE12_, ZDE12_,COROLLA Verso ZDE12_, CDE12_; FIAT: SEDICI; 33110581B, E33110581B, E33140581B, 206956F800, 206956N200, 1418376A00, 1418376A00000, 1418382000, 1418382000000, 1418382050, 1418382050000, 174510D080, 1745164030<\/p>\n","protected":false},"excerpt":{"rendered":"<p>FA1 Tiivisterengas, Pakoputki 781-943  MAZDA,NISSAN,DAIHATSU,323 II Hatchback BD,323 II BD,MICRA III K12,SIRION M1,YRV M2,TERIOS J1,SWIFT III MZ, EZ<\/p>\n","protected":false},"featured_media":0,"template":"","meta":{"site-sidebar-layout":"default","site-content-layout":"default","ast-global-header-display":"","ast-main-header-display":"","ast-hfb-above-header-display":"","ast-hfb-below-header-display":"","ast-hfb-mobile-header-display":"","site-post-title":"","ast-breadcrumbs-content":"","ast-featured-img":"","footer-sml-layout":"","theme-transparent-header-meta":"","adv-header-id-meta":"","stick-header-meta":"","header-above-stick-meta":"","header-main-stick-meta":"","header-below-stick-meta":""},"pwb-brand":[39],"product_cat":[123],"product_tag":[],"class_list":{"0":"post-86662","1":"product","2":"type-product","3":"status-publish","5":"pwb-brand-fa1","6":"product_cat-pakosarjan-tiivisteet","7":"desktop-align-left","8":"tablet-align-left","9":"mobile-align-left","11":"first","12":"instock","13":"product-type-external"},"brands":[{"id":39,"name":"FA1","slug":"fa1"}],"_links":{"self":[{"href":"https:\/\/www.autonvaraosahaku.fi\/index.php?rest_route=\/wp\/v2\/product\/86662","targetHints":{"allow":["GET"]}}],"collection":[{"href":"https:\/\/www.autonvaraosahaku.fi\/index.php?rest_route=\/wp\/v2\/product"}],"about":[{"href":"https:\/\/www.autonvaraosahaku.fi\/index.php?rest_route=\/wp\/v2\/types\/product"}],"wp:attachment":[{"href":"https:\/\/www.autonvaraosahaku.fi\/index.php?rest_route=%2Fwp%2Fv2%2Fmedia&parent=86662"}],"wp:term":[{"taxonomy":"pwb-brand","embeddable":true,"href":"https:\/\/www.autonvaraosahaku.fi\/index.php?rest_route=%2Fwp%2Fv2%2Fpwb-brand&post=86662"},{"taxonomy":"product_cat","embeddable":true,"href":"https:\/\/www.autonvaraosahaku.fi\/index.php?rest_route=%2Fwp%2Fv2%2Fproduct_cat&post=86662"},{"taxonomy":"product_tag","embeddable":true,"href":"https:\/\/www.autonvaraosahaku.fi\/index.php?rest_route=%2Fwp%2Fv2%2Fproduct_tag&post=86662"}],"curies":[{"name":"wp","href":"https:\/\/api.w.org\/{rel}","templated":true}]}}