{"id":86692,"date":"2021-02-21T20:50:21","date_gmt":"2021-02-21T20:50:21","guid":{"rendered":"https:\/\/www.autonvaraosahaku.fi\/?product=topran-110-350-termostaatti"},"modified":"2021-02-21T20:50:23","modified_gmt":"2021-02-21T20:50:23","slug":"topran-110-350-termostaatti","status":"publish","type":"product","link":"https:\/\/www.autonvaraosahaku.fi\/?product=topran-110-350-termostaatti","title":{"rendered":"TOPRAN 110 350 Termostaatti"},"content":{"rendered":"<p>Korvaava tuote\/korvaava tiedote 2: Termostaatilla, Kannella, Ruuveilla; L\u00e4mmityslaite \/ j\u00e4\u00e4hdytys: kahdella termokatkaisijaliittimell\u00e4; Kotelomalli: Muovikotelo; Lis\u00e4tarvike\/lis\u00e4tieto: Tiivisteill\u00e4, L\u00e4mp\u00f6anturilla; Asennusmalli: Esiasennettu; Kotelomateriaali: Lasikuitu-muovi; Avausl\u00e4mp\u00f6tila [\u00b0C]: 87; VW: NEW BEETLE 9C1, 1C1,NEW BEETLE Cabriolet 1Y7; 032121111AH, 032121111AM, 032121111BE, 032121111AH, 032121111AM, 032121111BE<\/p>\n","protected":false},"excerpt":{"rendered":"<p>TOPRAN Termostaattikotelo 110 350  VW,NEW BEETLE 9C1, 1C1,NEW BEETLE Cabriolet 1Y7<\/p>\n","protected":false},"featured_media":0,"template":"","meta":{"site-sidebar-layout":"default","site-content-layout":"default","ast-global-header-display":"","ast-main-header-display":"","ast-hfb-above-header-display":"","ast-hfb-below-header-display":"","ast-hfb-mobile-header-display":"","site-post-title":"","ast-breadcrumbs-content":"","ast-featured-img":"","footer-sml-layout":"","theme-transparent-header-meta":"","adv-header-id-meta":"","stick-header-meta":"","header-above-stick-meta":"","header-main-stick-meta":"","header-below-stick-meta":""},"pwb-brand":[18],"product_cat":[174],"product_tag":[],"class_list":{"0":"post-86692","1":"product","2":"type-product","3":"status-publish","5":"pwb-brand-topran","6":"product_cat-termostaatti","7":"desktop-align-left","8":"tablet-align-left","9":"mobile-align-left","11":"first","12":"instock","13":"product-type-external"},"brands":[{"id":18,"name":"TOPRAN","slug":"topran"}],"_links":{"self":[{"href":"https:\/\/www.autonvaraosahaku.fi\/index.php?rest_route=\/wp\/v2\/product\/86692","targetHints":{"allow":["GET"]}}],"collection":[{"href":"https:\/\/www.autonvaraosahaku.fi\/index.php?rest_route=\/wp\/v2\/product"}],"about":[{"href":"https:\/\/www.autonvaraosahaku.fi\/index.php?rest_route=\/wp\/v2\/types\/product"}],"wp:attachment":[{"href":"https:\/\/www.autonvaraosahaku.fi\/index.php?rest_route=%2Fwp%2Fv2%2Fmedia&parent=86692"}],"wp:term":[{"taxonomy":"pwb-brand","embeddable":true,"href":"https:\/\/www.autonvaraosahaku.fi\/index.php?rest_route=%2Fwp%2Fv2%2Fpwb-brand&post=86692"},{"taxonomy":"product_cat","embeddable":true,"href":"https:\/\/www.autonvaraosahaku.fi\/index.php?rest_route=%2Fwp%2Fv2%2Fproduct_cat&post=86692"},{"taxonomy":"product_tag","embeddable":true,"href":"https:\/\/www.autonvaraosahaku.fi\/index.php?rest_route=%2Fwp%2Fv2%2Fproduct_tag&post=86692"}],"curies":[{"name":"wp","href":"https:\/\/api.w.org\/{rel}","templated":true}]}}