{"id":86754,"date":"2021-02-21T20:50:46","date_gmt":"2021-02-21T20:50:46","guid":{"rendered":"https:\/\/www.autonvaraosahaku.fi\/?product=topran-107-395-huohotin"},"modified":"2021-02-21T20:50:48","modified_gmt":"2021-02-21T20:50:48","slug":"topran-107-395-huohotin","status":"publish","type":"product","link":"https:\/\/www.autonvaraosahaku.fi\/?product=topran-107-395-huohotin","title":{"rendered":"TOPRAN 107 395 Huohotin"},"content":{"rendered":"<p>Tuloilma-letkut\/johtimet: Sylinterikannesta ilmansuodattimeen; Sis\u00e4\u00e4n\/ulosmeno aukkojen lukum\u00e4\u00e4r\u00e4: 3; Valmistusvuosi alkaen: 10\/1993; VW: GOLF III 1H1,PASSAT Variant 3A5, 35I,PASSAT 3A2, 35I,POLO CLASSIC 6KV2,VENTO 1H2,CADDY II Kombi 9K9B; AUDI: 100 4A, C4,A6 4A, C4,100 Avant 4A, C4; SEAT: IBIZA II 6K1,CORDOBA 6K1, 6K2; 048103493A, 048103493A, 048103493A<\/p>\n","protected":false},"excerpt":{"rendered":"<p>TOPRAN Letku, Venttiilikopan Tuuletus 107 395  VW,AUDI,SEAT,GOLF III 1H1,PASSAT Variant 3A5, 35I,PASSAT 3A2, 35I,POLO CLASSIC 6KV2,VENTO 1H2<\/p>\n","protected":false},"featured_media":0,"template":"","meta":{"site-sidebar-layout":"default","site-content-layout":"default","ast-global-header-display":"","ast-main-header-display":"","ast-hfb-above-header-display":"","ast-hfb-below-header-display":"","ast-hfb-mobile-header-display":"","site-post-title":"","ast-breadcrumbs-content":"","ast-featured-img":"","footer-sml-layout":"","theme-transparent-header-meta":"","adv-header-id-meta":"","stick-header-meta":"","header-above-stick-meta":"","header-main-stick-meta":"","header-below-stick-meta":""},"pwb-brand":[18],"product_cat":[125],"product_tag":[],"class_list":{"0":"post-86754","1":"product","2":"type-product","3":"status-publish","5":"pwb-brand-topran","6":"product_cat-huohotin","7":"desktop-align-left","8":"tablet-align-left","9":"mobile-align-left","11":"first","12":"instock","13":"product-type-external"},"brands":[{"id":18,"name":"TOPRAN","slug":"topran"}],"_links":{"self":[{"href":"https:\/\/www.autonvaraosahaku.fi\/index.php?rest_route=\/wp\/v2\/product\/86754","targetHints":{"allow":["GET"]}}],"collection":[{"href":"https:\/\/www.autonvaraosahaku.fi\/index.php?rest_route=\/wp\/v2\/product"}],"about":[{"href":"https:\/\/www.autonvaraosahaku.fi\/index.php?rest_route=\/wp\/v2\/types\/product"}],"wp:attachment":[{"href":"https:\/\/www.autonvaraosahaku.fi\/index.php?rest_route=%2Fwp%2Fv2%2Fmedia&parent=86754"}],"wp:term":[{"taxonomy":"pwb-brand","embeddable":true,"href":"https:\/\/www.autonvaraosahaku.fi\/index.php?rest_route=%2Fwp%2Fv2%2Fpwb-brand&post=86754"},{"taxonomy":"product_cat","embeddable":true,"href":"https:\/\/www.autonvaraosahaku.fi\/index.php?rest_route=%2Fwp%2Fv2%2Fproduct_cat&post=86754"},{"taxonomy":"product_tag","embeddable":true,"href":"https:\/\/www.autonvaraosahaku.fi\/index.php?rest_route=%2Fwp%2Fv2%2Fproduct_tag&post=86754"}],"curies":[{"name":"wp","href":"https:\/\/api.w.org\/{rel}","templated":true}]}}