{"id":86762,"date":"2021-02-21T20:50:46","date_gmt":"2021-02-21T20:50:46","guid":{"rendered":"https:\/\/www.autonvaraosahaku.fi\/?product=topran-104-263-lampokytkin-jaahdyttimen-puhallin"},"modified":"2021-02-21T20:50:50","modified_gmt":"2021-02-21T20:50:50","slug":"topran-104-263-lampokytkin-jaahdyttimen-puhallin","status":"publish","type":"product","link":"https:\/\/www.autonvaraosahaku.fi\/?product=topran-104-263-lampokytkin-jaahdyttimen-puhallin","title":{"rendered":"TOPRAN 104 263 L\u00e4mp\u00f6kytkin j\u00e4\u00e4hdyttimen puhallin"},"content":{"rendered":"<p>Pistokkeen kotelon muoto: suorakulmainen (rectangular); Napojen m\u00e4\u00e4r\u00e4: 2; K\u00e4ynnistyspiste [\u00b0C]: 95; Katkaisupiste (\u00b0C): 84; Valmistusvuosi alkaen: 08\/1993; VW: GOLF IV 1J1,LUPO 6X1, 6E1,GOLF III 1H1,GOLF IV Variant 1J5,POLO 6N2,POLO 6N1,PASSAT Variant 3A5, 35I,BORA 1J2,BORA Kombi 1J6,GOLF III Variant 1H5,POLO 86C, 80,PASSAT 3A2, 35I,VENTO 1H2; AUDI: A3 8L1; SKODA: OCTAVIA Combi 1U5,OCTAVIA 1U2; SEAT: LEON 1M1,AROSA 6H,TOLEDO II 1M2; 867959481, 867959481, 867959481, 867959481<\/p>\n","protected":false},"excerpt":{"rendered":"<p>TOPRAN L\u00e4mp\u00f6kytkin J\u00e4\u00e4hdyttimen Puhallin 104 263  VW,AUDI,SKODA,GOLF IV 1J1,LUPO 6X1, 6E1,GOLF III 1H1,GOLF IV Variant 1J5,POLO 6N2,POLO 6N1<\/p>\n","protected":false},"featured_media":0,"template":"","meta":{"site-sidebar-layout":"default","site-content-layout":"default","ast-global-header-display":"","ast-main-header-display":"","ast-hfb-above-header-display":"","ast-hfb-below-header-display":"","ast-hfb-mobile-header-display":"","site-post-title":"","ast-breadcrumbs-content":"","ast-featured-img":"","footer-sml-layout":"","theme-transparent-header-meta":"","adv-header-id-meta":"","stick-header-meta":"","header-above-stick-meta":"","header-main-stick-meta":"","header-below-stick-meta":""},"pwb-brand":[18],"product_cat":[290],"product_tag":[],"class_list":{"0":"post-86762","1":"product","2":"type-product","3":"status-publish","5":"pwb-brand-topran","6":"product_cat-lampokytkin-jaahdyttimen-puhallin","7":"desktop-align-left","8":"tablet-align-left","9":"mobile-align-left","11":"first","12":"instock","13":"product-type-external"},"brands":[{"id":18,"name":"TOPRAN","slug":"topran"}],"_links":{"self":[{"href":"https:\/\/www.autonvaraosahaku.fi\/index.php?rest_route=\/wp\/v2\/product\/86762","targetHints":{"allow":["GET"]}}],"collection":[{"href":"https:\/\/www.autonvaraosahaku.fi\/index.php?rest_route=\/wp\/v2\/product"}],"about":[{"href":"https:\/\/www.autonvaraosahaku.fi\/index.php?rest_route=\/wp\/v2\/types\/product"}],"wp:attachment":[{"href":"https:\/\/www.autonvaraosahaku.fi\/index.php?rest_route=%2Fwp%2Fv2%2Fmedia&parent=86762"}],"wp:term":[{"taxonomy":"pwb-brand","embeddable":true,"href":"https:\/\/www.autonvaraosahaku.fi\/index.php?rest_route=%2Fwp%2Fv2%2Fpwb-brand&post=86762"},{"taxonomy":"product_cat","embeddable":true,"href":"https:\/\/www.autonvaraosahaku.fi\/index.php?rest_route=%2Fwp%2Fv2%2Fproduct_cat&post=86762"},{"taxonomy":"product_tag","embeddable":true,"href":"https:\/\/www.autonvaraosahaku.fi\/index.php?rest_route=%2Fwp%2Fv2%2Fproduct_tag&post=86762"}],"curies":[{"name":"wp","href":"https:\/\/api.w.org\/{rel}","templated":true}]}}