{"id":86777,"date":"2021-02-21T20:50:54","date_gmt":"2021-02-21T20:50:54","guid":{"rendered":"https:\/\/www.autonvaraosahaku.fi\/?product=topran-102-721-jaahdyttimen-letku"},"modified":"2021-02-21T20:50:56","modified_gmt":"2021-02-21T20:50:56","slug":"topran-102-721-jaahdyttimen-letku","status":"publish","type":"product","link":"https:\/\/www.autonvaraosahaku.fi\/?product=topran-102-721-jaahdyttimen-letku","title":{"rendered":"TOPRAN 102 721 J\u00e4\u00e4hdyttimen letku"},"content":{"rendered":"<p>Materiaali: Kumi kudosvahvikkeella; J\u00e4\u00e4hdytysjohto: moottorista j\u00e4\u00e4hdytt\u00e4j\u00e4\u00e4n; Asennuspuoli: Yl\u00e4puolella; OE-numerolle: 191 121 101S; TECDOC-moottorinumero: 5026; VW: GOLF II 19E, 1G1,JETTA II 19E, 1G2, 165; SEAT: TOLEDO I 1L; 191121101F, 191121101S, 191121101F, 191121101S<\/p>\n","protected":false},"excerpt":{"rendered":"<p>TOPRAN J\u00e4\u00e4hdyttimen Letku 102 721  VW,SEAT,GOLF II 19E, 1G1,JETTA II 19E, 1G2, 165,TOLEDO I 1L<\/p>\n","protected":false},"featured_media":0,"template":"","meta":{"site-sidebar-layout":"default","site-content-layout":"default","ast-global-header-display":"","ast-main-header-display":"","ast-hfb-above-header-display":"","ast-hfb-below-header-display":"","ast-hfb-mobile-header-display":"","site-post-title":"","ast-breadcrumbs-content":"","ast-featured-img":"","footer-sml-layout":"","theme-transparent-header-meta":"","adv-header-id-meta":"","stick-header-meta":"","header-above-stick-meta":"","header-main-stick-meta":"","header-below-stick-meta":""},"pwb-brand":[18],"product_cat":[206],"product_tag":[],"class_list":{"0":"post-86777","1":"product","2":"type-product","3":"status-publish","5":"pwb-brand-topran","6":"product_cat-jaahdyttimen-letku","7":"desktop-align-left","8":"tablet-align-left","9":"mobile-align-left","11":"first","12":"instock","13":"product-type-external"},"brands":[{"id":18,"name":"TOPRAN","slug":"topran"}],"_links":{"self":[{"href":"https:\/\/www.autonvaraosahaku.fi\/index.php?rest_route=\/wp\/v2\/product\/86777","targetHints":{"allow":["GET"]}}],"collection":[{"href":"https:\/\/www.autonvaraosahaku.fi\/index.php?rest_route=\/wp\/v2\/product"}],"about":[{"href":"https:\/\/www.autonvaraosahaku.fi\/index.php?rest_route=\/wp\/v2\/types\/product"}],"wp:attachment":[{"href":"https:\/\/www.autonvaraosahaku.fi\/index.php?rest_route=%2Fwp%2Fv2%2Fmedia&parent=86777"}],"wp:term":[{"taxonomy":"pwb-brand","embeddable":true,"href":"https:\/\/www.autonvaraosahaku.fi\/index.php?rest_route=%2Fwp%2Fv2%2Fpwb-brand&post=86777"},{"taxonomy":"product_cat","embeddable":true,"href":"https:\/\/www.autonvaraosahaku.fi\/index.php?rest_route=%2Fwp%2Fv2%2Fproduct_cat&post=86777"},{"taxonomy":"product_tag","embeddable":true,"href":"https:\/\/www.autonvaraosahaku.fi\/index.php?rest_route=%2Fwp%2Fv2%2Fproduct_tag&post=86777"}],"curies":[{"name":"wp","href":"https:\/\/api.w.org\/{rel}","templated":true}]}}