{"id":86796,"date":"2021-02-21T20:51:02","date_gmt":"2021-02-21T20:51:02","guid":{"rendered":"https:\/\/www.autonvaraosahaku.fi\/?product=a-b-s-2738-s-jarrurumpu"},"modified":"2021-02-21T20:51:04","modified_gmt":"2021-02-21T20:51:04","slug":"a-b-s-2738-s-jarrurumpu","status":"publish","type":"product","link":"https:\/\/www.autonvaraosahaku.fi\/?product=a-b-s-2738-s-jarrurumpu","title":{"rendered":"A.B.S. 2738-S Jarrurumpu"},"content":{"rendered":"<p>Jarrurummun sis\u00e4-\u00d8 [mm]: 230; J-rumpu sis\u00e4leveys [mm]: 50; Korkeus (mm): 65,5; Vanne, aukkoja: 5; Navan l\u00e4pimitta 1 [mm]: 65,5; Jarrurummun ulkol\u00e4pim. [mm]: 265; Reik\u00e4ympyr\u00e4-\u00d8 [mm]: 110; Paino [kg]: 4,26; Asennuspuoli: Hinterachse; OPEL: ZAFIRA A F75_,VECTRA B 36_,VECTRA B Caravan 31_,VECTRA B CC 38_; VAUXHALL: ZAFIRA Mk I A F75,VECTRA B CC,VECTRA B Estate,VECTRA B; 568060, 90538928, 90538928<\/p>\n","protected":false},"excerpt":{"rendered":"<p>A.B.S. Jarrurumpu 2738-S  OPEL,VAUXHALL,ZAFIRA A F75_,VECTRA B 36_,VECTRA B Caravan 31_,VECTRA B CC 38_,ZAFIRA Mk I A F75,VECTRA B CC,VECTRA B Estate<\/p>\n","protected":false},"featured_media":0,"template":"","meta":{"site-sidebar-layout":"default","site-content-layout":"default","ast-global-header-display":"","ast-main-header-display":"","ast-hfb-above-header-display":"","ast-hfb-below-header-display":"","ast-hfb-mobile-header-display":"","site-post-title":"","ast-breadcrumbs-content":"","ast-featured-img":"","footer-sml-layout":"","theme-transparent-header-meta":"","adv-header-id-meta":"","stick-header-meta":"","header-above-stick-meta":"","header-main-stick-meta":"","header-below-stick-meta":""},"pwb-brand":[326],"product_cat":[304],"product_tag":[],"class_list":{"0":"post-86796","1":"product","2":"type-product","3":"status-publish","5":"pwb-brand-a-b-s","6":"product_cat-jarrurumpu","7":"desktop-align-left","8":"tablet-align-left","9":"mobile-align-left","11":"first","12":"instock","13":"product-type-external"},"brands":[{"id":326,"name":"A.B.S.","slug":"a-b-s"}],"_links":{"self":[{"href":"https:\/\/www.autonvaraosahaku.fi\/index.php?rest_route=\/wp\/v2\/product\/86796","targetHints":{"allow":["GET"]}}],"collection":[{"href":"https:\/\/www.autonvaraosahaku.fi\/index.php?rest_route=\/wp\/v2\/product"}],"about":[{"href":"https:\/\/www.autonvaraosahaku.fi\/index.php?rest_route=\/wp\/v2\/types\/product"}],"wp:attachment":[{"href":"https:\/\/www.autonvaraosahaku.fi\/index.php?rest_route=%2Fwp%2Fv2%2Fmedia&parent=86796"}],"wp:term":[{"taxonomy":"pwb-brand","embeddable":true,"href":"https:\/\/www.autonvaraosahaku.fi\/index.php?rest_route=%2Fwp%2Fv2%2Fpwb-brand&post=86796"},{"taxonomy":"product_cat","embeddable":true,"href":"https:\/\/www.autonvaraosahaku.fi\/index.php?rest_route=%2Fwp%2Fv2%2Fproduct_cat&post=86796"},{"taxonomy":"product_tag","embeddable":true,"href":"https:\/\/www.autonvaraosahaku.fi\/index.php?rest_route=%2Fwp%2Fv2%2Fproduct_tag&post=86796"}],"curies":[{"name":"wp","href":"https:\/\/api.w.org\/{rel}","templated":true}]}}