{"id":86842,"date":"2021-02-21T20:51:17","date_gmt":"2021-02-21T20:51:17","guid":{"rendered":"https:\/\/www.autonvaraosahaku.fi\/?product=a-b-s-16804-jarrulevyt"},"modified":"2021-02-21T20:51:21","modified_gmt":"2021-02-21T20:51:21","slug":"a-b-s-16804-jarrulevyt","status":"publish","type":"product","link":"https:\/\/www.autonvaraosahaku.fi\/?product=a-b-s-16804-jarrulevyt","title":{"rendered":"A.B.S. 16804 Jarrulevyt"},"content":{"rendered":"<p>Ulkol\u00e4pimitta [mm]: 286; Jarrulevyn paksuus (mm): 26,3; V\u00e4himm\u00e4ispaksuus (mm): 24,5; Korkeus (mm): 66; Vanne, aukkoja: 5; Jarrulevytyyppi: Tuuletettu; keskitt\u00e4misl\u00e4pimitta [mm]: 72; Kierremitta: M12; Paino [kg]: 7,42; Asennuspuoli: Vorderachse; FORD USA: EXPLORER U2,EXPLORER UN46; 3765157, 3903349, 3765157, 3903349, 4028301, F57A1125CA, F5TZ1104A, F5TZ1125A, F67A1125BA, F67Z1125BA, F6TZ1125BA; Jarrulevy<\/p>\n","protected":false},"excerpt":{"rendered":"<p>A.B.S. Jarrulevyt 16804 Jarrulevy FORD USA,EXPLORER U2,EXPLORER UN46<\/p>\n","protected":false},"featured_media":0,"template":"","meta":{"site-sidebar-layout":"default","site-content-layout":"default","ast-global-header-display":"","ast-main-header-display":"","ast-hfb-above-header-display":"","ast-hfb-below-header-display":"","ast-hfb-mobile-header-display":"","site-post-title":"","ast-breadcrumbs-content":"","ast-featured-img":"","footer-sml-layout":"","theme-transparent-header-meta":"","adv-header-id-meta":"","stick-header-meta":"","header-above-stick-meta":"","header-main-stick-meta":"","header-below-stick-meta":""},"pwb-brand":[326],"product_cat":[66],"product_tag":[],"class_list":{"0":"post-86842","1":"product","2":"type-product","3":"status-publish","5":"pwb-brand-a-b-s","6":"product_cat-jarrulevyt","7":"desktop-align-left","8":"tablet-align-left","9":"mobile-align-left","11":"first","12":"instock","13":"product-type-external"},"brands":[{"id":326,"name":"A.B.S.","slug":"a-b-s"}],"_links":{"self":[{"href":"https:\/\/www.autonvaraosahaku.fi\/index.php?rest_route=\/wp\/v2\/product\/86842","targetHints":{"allow":["GET"]}}],"collection":[{"href":"https:\/\/www.autonvaraosahaku.fi\/index.php?rest_route=\/wp\/v2\/product"}],"about":[{"href":"https:\/\/www.autonvaraosahaku.fi\/index.php?rest_route=\/wp\/v2\/types\/product"}],"wp:attachment":[{"href":"https:\/\/www.autonvaraosahaku.fi\/index.php?rest_route=%2Fwp%2Fv2%2Fmedia&parent=86842"}],"wp:term":[{"taxonomy":"pwb-brand","embeddable":true,"href":"https:\/\/www.autonvaraosahaku.fi\/index.php?rest_route=%2Fwp%2Fv2%2Fpwb-brand&post=86842"},{"taxonomy":"product_cat","embeddable":true,"href":"https:\/\/www.autonvaraosahaku.fi\/index.php?rest_route=%2Fwp%2Fv2%2Fproduct_cat&post=86842"},{"taxonomy":"product_tag","embeddable":true,"href":"https:\/\/www.autonvaraosahaku.fi\/index.php?rest_route=%2Fwp%2Fv2%2Fproduct_tag&post=86842"}],"curies":[{"name":"wp","href":"https:\/\/api.w.org\/{rel}","templated":true}]}}