{"id":86849,"date":"2021-02-21T20:51:17","date_gmt":"2021-02-21T20:51:17","guid":{"rendered":"https:\/\/www.autonvaraosahaku.fi\/?product=autofren-seinsa-d02555-jarrusatula-korjaussarja"},"modified":"2021-02-21T20:51:23","modified_gmt":"2021-02-21T20:51:23","slug":"autofren-seinsa-d02555-jarrusatula-korjaussarja","status":"publish","type":"product","link":"https:\/\/www.autonvaraosahaku.fi\/?product=autofren-seinsa-d02555-jarrusatula-korjaussarja","title":{"rendered":"AUTOFREN SEINSA D02555 Jarrusatula korjaussarja"},"content":{"rendered":"<p>L\u00e4pimitta [mm]: 54; Asennuspuoli: Etuakseli; Korkeus (mm): 46; Materiaali: Ter\u00e4s; Alustanumeroon: 538519; MAZDA: 323 II Hatchback BD,323 II BD,626 I CB; SUZUKI: LIANA Schr\u00e4gheck,LIANA ER; HONDA: CIVIC VIII Hatchback FN, FK,CIVIC VII Hatchback EU, EP, EV,JAZZ III GE,CIVIC VI Hatchback EJ, EK,FR-V BE,CIVIC VI Fastback MA, MB,CRX III EH, EG,LOGO GA3,STREAM RN,CIVIC V Hatchback EG,CIVIC VII Coupe EM2,CIVIC VIII Stufenheck FD, FA,INSIGHT ZE_,S2000 AP,CIVIC VI Stufenheck EJ, EK,CR-Z ZF1,CIVIC VI Coupe EJ, EM1,CIVIC V Coupe EJ,CIVIC VII Stufenheck ES,CIVIC V Stufenheck EG, EH,CITY Stufenheck GM,JAZZ IV GK; TOYOTA: PRIUS Liftback NHW20_; VOLVO: 480 E,440 K 445,460 L 464; 45216S5AJ01; M\u00e4nt\u00e4, Jarrusatula<\/p>\n","protected":false},"excerpt":{"rendered":"<p>AUTOFREN SEINSA Jarrusatulan M\u00e4nt\u00e4 D02555 M\u00e4nt\u00e4, Jarrusatula MAZDA,SUZUKI,HONDA,323 II Hatchback BD,323 II BD,626 I CB,LIANA Schr\u00e4gheck,LIANA ER<\/p>\n","protected":false},"featured_media":0,"template":"","meta":{"site-sidebar-layout":"default","site-content-layout":"default","ast-global-header-display":"","ast-main-header-display":"","ast-hfb-above-header-display":"","ast-hfb-below-header-display":"","ast-hfb-mobile-header-display":"","site-post-title":"","ast-breadcrumbs-content":"","ast-featured-img":"","footer-sml-layout":"","theme-transparent-header-meta":"","adv-header-id-meta":"","stick-header-meta":"","header-above-stick-meta":"","header-main-stick-meta":"","header-below-stick-meta":""},"pwb-brand":[243],"product_cat":[57],"product_tag":[],"class_list":{"0":"post-86849","1":"product","2":"type-product","3":"status-publish","5":"pwb-brand-autofren-seinsa","6":"product_cat-jarrusatula-korjaussarja","7":"desktop-align-left","8":"tablet-align-left","9":"mobile-align-left","11":"first","12":"instock","13":"product-type-external"},"brands":[{"id":243,"name":"AUTOFREN SEINSA","slug":"autofren-seinsa"}],"_links":{"self":[{"href":"https:\/\/www.autonvaraosahaku.fi\/index.php?rest_route=\/wp\/v2\/product\/86849","targetHints":{"allow":["GET"]}}],"collection":[{"href":"https:\/\/www.autonvaraosahaku.fi\/index.php?rest_route=\/wp\/v2\/product"}],"about":[{"href":"https:\/\/www.autonvaraosahaku.fi\/index.php?rest_route=\/wp\/v2\/types\/product"}],"wp:attachment":[{"href":"https:\/\/www.autonvaraosahaku.fi\/index.php?rest_route=%2Fwp%2Fv2%2Fmedia&parent=86849"}],"wp:term":[{"taxonomy":"pwb-brand","embeddable":true,"href":"https:\/\/www.autonvaraosahaku.fi\/index.php?rest_route=%2Fwp%2Fv2%2Fpwb-brand&post=86849"},{"taxonomy":"product_cat","embeddable":true,"href":"https:\/\/www.autonvaraosahaku.fi\/index.php?rest_route=%2Fwp%2Fv2%2Fproduct_cat&post=86849"},{"taxonomy":"product_tag","embeddable":true,"href":"https:\/\/www.autonvaraosahaku.fi\/index.php?rest_route=%2Fwp%2Fv2%2Fproduct_tag&post=86849"}],"curies":[{"name":"wp","href":"https:\/\/api.w.org\/{rel}","templated":true}]}}