{"id":86858,"date":"2021-02-21T20:51:24","date_gmt":"2021-02-21T20:51:24","guid":{"rendered":"https:\/\/www.autonvaraosahaku.fi\/?product=febi-bilstein-46117-hammaspyora"},"modified":"2021-02-21T20:51:28","modified_gmt":"2021-02-21T20:51:28","slug":"febi-bilstein-46117-hammaspyora","status":"publish","type":"product","link":"https:\/\/www.autonvaraosahaku.fi\/?product=febi-bilstein-46117-hammaspyora","title":{"rendered":"FEBI BILSTEIN 46117 Hammaspy\u00f6r\u00e4"},"content":{"rendered":"<p>V\u00e4rimerkint\u00e4: Vihre\u00e4, Vihre\u00e4; Hammasluku: 46; Moottorin jakop\u00e4\u00e4: Hammashihnat; Asennuspuoli: Poistopuoli; Paino [kg]: 1,336, 1,336; TECDOC-moottorinumero: 32196; OPEL: ZAFIRA B A05,ASTRA H Caravan L35,ASTRA H L48,ASTRA J Sports Tourer,INSIGNIA Caravan,VECTRA C Caravan,ASTRA J,ASTRA H GTC L08,SIGNUM,VECTRA C,ZAFIRA TOURER C P12,MOKKA,VECTRA C GTS,ASTRA H TwinTop L67,INSIGNIA,INSIGNIA Stufenheck,ZAFIRA B Van,ASTRA GTC J,ASTRA J Stufenheck,ASTRA H Stufenheck L69,ASTRA H Kasten L70,ASTRA CLASSIC Caravan,ASTRA CLASSIC L48,ASTRA CLASSIC Stufenheck; FIAT: CROMA 194; CHEVROLET: ORLANDO J309,CRUZE J300,CRUZE Station Wagon J308,AVEO Schr\u00e4gheck T300,CRUZE Schr\u00e4gheck J305,TRAX,AVEO Stufenheck T250, T255,AVEO Stufenheck T300; ALFA ROMEO: 159 Sportwagon 939,159 939; SAAB: 9-5 YS3G; VAUXHALL: INSIGNIA Mk I A,ZAFIRA Mk II B M75,ASTRA Mk V H CC,VECTRA Mk II C CC,INSIGNIA Mk I A Estate,ASTRA Mk V H Estate,ZAFIRA Mk III P12,VECTRA Mk II C Estate,ASTRA Mk V H Convertible,VECTRA Mk II C,ASTRA Mk VI J,INSIGNIA Mk I A Sedan,SIGNUM,ASTRA Mk VI J Estate,MOKKA; 55567048, 55567048S1, 55567048, 55567048S1, 55567048, 55567048S1, 55567048, 55567048S1, 5636467, 5636467S1, 5636631, 5636631S1, 12992410, 12992410S1, 55567048, 55567048S1, 012992410, 055567048, 12992410, 12992410S1, 55567048, 55567048S1; Nokka-Akselin Ajoituss\u00e4\u00e4din<\/p>\n","protected":false},"excerpt":{"rendered":"<p>FEBI BILSTEIN Nokka-Akselin Hammaspy\u00f6r\u00e4 febi Plus 46117 Nokka-Akselin Ajoituss\u00e4\u00e4din OPEL,FIAT,CHEVROLET,ZAFIRA B A05,ASTRA H Caravan L35,ASTRA H L48<\/p>\n","protected":false},"featured_media":0,"template":"","meta":{"site-sidebar-layout":"default","site-content-layout":"default","ast-global-header-display":"","ast-main-header-display":"","ast-hfb-above-header-display":"","ast-hfb-below-header-display":"","ast-hfb-mobile-header-display":"","site-post-title":"","ast-breadcrumbs-content":"","ast-featured-img":"","footer-sml-layout":"","theme-transparent-header-meta":"","adv-header-id-meta":"","stick-header-meta":"","header-above-stick-meta":"","header-main-stick-meta":"","header-below-stick-meta":""},"pwb-brand":[50],"product_cat":[261],"product_tag":[],"class_list":{"0":"post-86858","1":"product","2":"type-product","3":"status-publish","5":"pwb-brand-febi-bilstein","6":"product_cat-hammaspyora","7":"desktop-align-left","8":"tablet-align-left","9":"mobile-align-left","11":"first","12":"instock","13":"product-type-external"},"brands":[{"id":50,"name":"FEBI BILSTEIN","slug":"febi-bilstein"}],"_links":{"self":[{"href":"https:\/\/www.autonvaraosahaku.fi\/index.php?rest_route=\/wp\/v2\/product\/86858","targetHints":{"allow":["GET"]}}],"collection":[{"href":"https:\/\/www.autonvaraosahaku.fi\/index.php?rest_route=\/wp\/v2\/product"}],"about":[{"href":"https:\/\/www.autonvaraosahaku.fi\/index.php?rest_route=\/wp\/v2\/types\/product"}],"wp:attachment":[{"href":"https:\/\/www.autonvaraosahaku.fi\/index.php?rest_route=%2Fwp%2Fv2%2Fmedia&parent=86858"}],"wp:term":[{"taxonomy":"pwb-brand","embeddable":true,"href":"https:\/\/www.autonvaraosahaku.fi\/index.php?rest_route=%2Fwp%2Fv2%2Fpwb-brand&post=86858"},{"taxonomy":"product_cat","embeddable":true,"href":"https:\/\/www.autonvaraosahaku.fi\/index.php?rest_route=%2Fwp%2Fv2%2Fproduct_cat&post=86858"},{"taxonomy":"product_tag","embeddable":true,"href":"https:\/\/www.autonvaraosahaku.fi\/index.php?rest_route=%2Fwp%2Fv2%2Fproduct_tag&post=86858"}],"curies":[{"name":"wp","href":"https:\/\/api.w.org\/{rel}","templated":true}]}}