{"id":8689,"date":"2021-02-21T14:03:45","date_gmt":"2021-02-21T14:03:45","guid":{"rendered":"https:\/\/www.autonvaraosahaku.fi\/?product=meyle-014-054-0013-jaahdytysnesteen-lampotila-anturi"},"modified":"2021-02-21T14:03:46","modified_gmt":"2021-02-21T14:03:46","slug":"meyle-014-054-0013-jaahdytysnesteen-lampotila-anturi","status":"publish","type":"product","link":"https:\/\/www.autonvaraosahaku.fi\/?product=meyle-014-054-0013-jaahdytysnesteen-lampotila-anturi","title":{"rendered":"MEYLE 014 054 0013 J\u00e4\u00e4hdytysnesteen l\u00e4mp\u00f6tila anturi"},"content":{"rendered":"<p>K\u00e4ytt\u00f6j\u00e4nnite [V]: 12; Tunnistinmalli: NTC-anturi; Kierremitta: M14 x 1,5; Avainv\u00e4li: 19; Korvaava tuote\/korvaava tiedote 2: Tiivisterenkaalla; V\u00e4ri: Musta; Napojen m\u00e4\u00e4r\u00e4: 1; lis\u00e4tieto: ORIGINAL Quality; Moottorinumero: M 102.961; MERCEDES-BENZ: C-CLASS W202,190 W201,Stufenheck W124,SL R129,SL R107,C-CLASS Kombi S202,Stufenheck W123,S-CLASS W126,KOMBI Kombi S124,E-CLASS W124,G-CLASS W463,VITO Bus 638,CLK Cabriolet A208,COUPE C124,G-CLASS W460,S-CLASS W140,E-CLASS Kombi S124,COUPE C123,S-CLASS W108, W109,SPRINTER 3-t Kasten 903,SPRINTER 2-t Bus 901, 902,S-CLASS W116,V-CLASS 638\/2,S-CLASS Coupe C126,G-CLASS W461,SPRINTER 2-t Kasten 901, 902,SPRINTER 3-t Bus 903,KOMBI Kombi S123,SPRINTER 3-t Pritsche\/Fahrgestell 903,T1 Bus 601,100 Bus 631,VITO Kasten 638,E-CLASS Cabriolet A124,SL Coupe C107,E-CLASS Coupe C124,T1 Pritsche\/Fahrgestell 602,T2\/L Kasten\/Kombi,T1 Kasten 602,100 Kasten 631,SPRINTER 4-t Pritsche\/Fahrgestell 904,T1 Pritsche\/Fahrgestell 601,T2\/LN1 Kasten\/Kombi,VARIO Kasten\/Kombi,SPRINTER 2-t Pritsche\/Fahrgestell 901, 902,T1 Kasten 601,S-CLASS Coupe C140,100 Pritsche\/Fahrgestell 631,VARIO Pritsche\/Fahrgestell,SPRINTER 4-t Kasten 904,CABRIOLET A124,T2\/L Pritsche\/Fahrgestell,T1 Bus 602,T1\/TN Pritsc,O 100,O 309,UNIMOG; 0025422517, 0055421017, 0055422617, 6615423017, A0025422517, A0055421017, A0055422617, A6615423017; J\u00e4\u00e4hdytysnestel\u00e4mp\u00f6tilan Sensori<\/p>\n","protected":false},"excerpt":{"rendered":"<p>MEYLE J\u00e4\u00e4hdytysnesteen L\u00e4mp\u00f6tila Anturi 014 054 0013 J\u00e4\u00e4hdytysnestel\u00e4mp\u00f6tilan Sensori MERCEDES-BENZ,C-CLASS W202,190 W201,Stufenheck W124,SL R129<\/p>\n","protected":false},"featured_media":0,"template":"","meta":{"site-sidebar-layout":"default","site-content-layout":"default","ast-global-header-display":"","ast-main-header-display":"","ast-hfb-above-header-display":"","ast-hfb-below-header-display":"","ast-hfb-mobile-header-display":"","site-post-title":"","ast-breadcrumbs-content":"","ast-featured-img":"","footer-sml-layout":"","theme-transparent-header-meta":"","adv-header-id-meta":"","stick-header-meta":"","header-above-stick-meta":"","header-main-stick-meta":"","header-below-stick-meta":""},"pwb-brand":[84],"product_cat":[200],"product_tag":[],"class_list":{"0":"post-8689","1":"product","2":"type-product","3":"status-publish","5":"pwb-brand-meyle","6":"product_cat-jaahdytysnesteen-lampotila-anturi","7":"desktop-align-left","8":"tablet-align-left","9":"mobile-align-left","11":"first","12":"instock","13":"product-type-external"},"brands":[{"id":84,"name":"MEYLE","slug":"meyle"}],"_links":{"self":[{"href":"https:\/\/www.autonvaraosahaku.fi\/index.php?rest_route=\/wp\/v2\/product\/8689","targetHints":{"allow":["GET"]}}],"collection":[{"href":"https:\/\/www.autonvaraosahaku.fi\/index.php?rest_route=\/wp\/v2\/product"}],"about":[{"href":"https:\/\/www.autonvaraosahaku.fi\/index.php?rest_route=\/wp\/v2\/types\/product"}],"wp:attachment":[{"href":"https:\/\/www.autonvaraosahaku.fi\/index.php?rest_route=%2Fwp%2Fv2%2Fmedia&parent=8689"}],"wp:term":[{"taxonomy":"pwb-brand","embeddable":true,"href":"https:\/\/www.autonvaraosahaku.fi\/index.php?rest_route=%2Fwp%2Fv2%2Fpwb-brand&post=8689"},{"taxonomy":"product_cat","embeddable":true,"href":"https:\/\/www.autonvaraosahaku.fi\/index.php?rest_route=%2Fwp%2Fv2%2Fproduct_cat&post=8689"},{"taxonomy":"product_tag","embeddable":true,"href":"https:\/\/www.autonvaraosahaku.fi\/index.php?rest_route=%2Fwp%2Fv2%2Fproduct_tag&post=8689"}],"curies":[{"name":"wp","href":"https:\/\/api.w.org\/{rel}","templated":true}]}}