{"id":86894,"date":"2021-02-21T20:51:40","date_gmt":"2021-02-21T20:51:40","guid":{"rendered":"https:\/\/www.autonvaraosahaku.fi\/?product=ashika-21-ma-ma8-raitisilmasuodatin"},"modified":"2021-02-21T20:51:42","modified_gmt":"2021-02-21T20:51:42","slug":"ashika-21-ma-ma8-raitisilmasuodatin","status":"publish","type":"product","link":"https:\/\/www.autonvaraosahaku.fi\/?product=ashika-21-ma-ma8-raitisilmasuodatin","title":{"rendered":"ASHIKA 21-MA-MA8 Raitisilmasuodatin"},"content":{"rendered":"<p>Pituus (mm): 235,8; Leveys (mm): 94; Korkeus (mm): 21,5; Tarvittava kappalem\u00e4\u00e4r\u00e4: 2; MAZDA: 5 CR19,3 BK,3 BL,5 CW,3 Stufenheck BK; B32HV6751, B32L61J6X, BP4K61J6X, BP4K61J6X9A, BP4K61J6XA9A, BP8P61J6X, BP8P61J6X9A, BP8P61J6XA9A, CC2961J6X, CC6461J6X; Sis\u00e4ilmansuodatin,Suodatin, Sis\u00e4ilma<\/p>\n","protected":false},"excerpt":{"rendered":"<p>ASHIKA Raitisilmasuodatin 21-MA-MA8 Sis\u00e4ilmansuodatin,Suodatin, Sis\u00e4ilma MAZDA,5 CR19,3 BK,3 BL,5 CW,3 Stufenheck BK<\/p>\n","protected":false},"featured_media":0,"template":"","meta":{"site-sidebar-layout":"default","site-content-layout":"default","ast-global-header-display":"","ast-main-header-display":"","ast-hfb-above-header-display":"","ast-hfb-below-header-display":"","ast-hfb-mobile-header-display":"","site-post-title":"","ast-breadcrumbs-content":"","ast-featured-img":"","footer-sml-layout":"","theme-transparent-header-meta":"","adv-header-id-meta":"","stick-header-meta":"","header-above-stick-meta":"","header-main-stick-meta":"","header-below-stick-meta":""},"pwb-brand":[102],"product_cat":[19],"product_tag":[],"class_list":{"0":"post-86894","1":"product","2":"type-product","3":"status-publish","5":"pwb-brand-ashika","6":"product_cat-raitisilmasuodatin","7":"desktop-align-left","8":"tablet-align-left","9":"mobile-align-left","11":"first","12":"instock","13":"product-type-external"},"brands":[{"id":102,"name":"ASHIKA","slug":"ashika"}],"_links":{"self":[{"href":"https:\/\/www.autonvaraosahaku.fi\/index.php?rest_route=\/wp\/v2\/product\/86894","targetHints":{"allow":["GET"]}}],"collection":[{"href":"https:\/\/www.autonvaraosahaku.fi\/index.php?rest_route=\/wp\/v2\/product"}],"about":[{"href":"https:\/\/www.autonvaraosahaku.fi\/index.php?rest_route=\/wp\/v2\/types\/product"}],"wp:attachment":[{"href":"https:\/\/www.autonvaraosahaku.fi\/index.php?rest_route=%2Fwp%2Fv2%2Fmedia&parent=86894"}],"wp:term":[{"taxonomy":"pwb-brand","embeddable":true,"href":"https:\/\/www.autonvaraosahaku.fi\/index.php?rest_route=%2Fwp%2Fv2%2Fpwb-brand&post=86894"},{"taxonomy":"product_cat","embeddable":true,"href":"https:\/\/www.autonvaraosahaku.fi\/index.php?rest_route=%2Fwp%2Fv2%2Fproduct_cat&post=86894"},{"taxonomy":"product_tag","embeddable":true,"href":"https:\/\/www.autonvaraosahaku.fi\/index.php?rest_route=%2Fwp%2Fv2%2Fproduct_tag&post=86894"}],"curies":[{"name":"wp","href":"https:\/\/api.w.org\/{rel}","templated":true}]}}