{"id":86895,"date":"2021-02-21T20:51:40","date_gmt":"2021-02-21T20:51:40","guid":{"rendered":"https:\/\/www.autonvaraosahaku.fi\/?product=frigair-pd10-501-jarrupalat"},"modified":"2021-02-21T20:51:42","modified_gmt":"2021-02-21T20:51:42","slug":"frigair-pd10-501-jarrupalat","status":"publish","type":"product","link":"https:\/\/www.autonvaraosahaku.fi\/?product=frigair-pd10-501-jarrupalat","title":{"rendered":"FRIGAIR PD10.501 Jarrupalat"},"content":{"rendered":"<p>Korkeus (mm): 55; Asennuspuoli: Etuakseli; Leveys (mm): 146; Paksuus [mm]: 19; Valmistaja rajaus: TEVES; Kulumisvaroittimia [pro Achse]: 1; Tarkistuskilpi: ECE R90 APPROVED; M\u00e4\u00e4r\u00e4yksikk\u00f6: Akselisarja; Valmistusvuosi alkaen: 09\/1999; VW: GOLF IV 1J1,GOLF V 1K1,POLO 9N_,GOLF VI 5K1,GOLF PLUS 5M1, 521,TIGUAN 5N_,GOLF IV Variant 1J5,CADDY III Kombi 2KB, 2KJ, 2CB, 2CJ,GOLF VI Variant AJ5,GOLF V Variant 1K5,CADDY III Kasten 2KA, 2KH, 2CA, 2CH,BORA 1J2,NEW BEETLE 9C1, 1C1,BORA Kombi 1J6,NEW BEETLE Cabriolet 1Y7,JETTA III 1K2,GOLF VI Cabriolet 517,BEETLE 5C1,JETTA IV 162, 163,POLO Stufenheck 9A4; AUDI: A3 8P1,A3 8L1,A3 Sportback 8PA,A2 8Z0,A3 Cabriolet 8P7; SKODA: OCTAVIA Combi 1Z5,FABIA Combi 6Y5,FABIA,FABIA 6Y2,OCTAVIA Combi 1U5,FABIA Combi,ROOMSTER 5J,YETI 5L,OCTAVIA 1Z3,OCTAVIA 1U2,FABIA Stufenheck 6Y3,ROOMSTER Praktik 5J,FABIA Praktik; SEAT: IBIZA IV 6L1,LEON 1P1,IBIZA V 6J5, 6P5,LEON 1M1,ALTEA 5P1,ALTEA XL 5P5, 5P8,IBIZA V ST 6J8, 6P8,TOLEDO II 1M2,IBIZA V SPORTCOUPE 6J1, 6P1,CORDOBA 6L2,TOLEDO III 5P2; 1J0698151C, 1J0698151D, 1J0698151E, 1J0698151F, 1J0698151G, 1J0698151J, 1K0698151A, 1K0698151D, 1K0698151F, 1K0698151G, 6C0698151, 6C0698151B, 6Q0698151, 6R0698151A, JZW698151; Jarrupalasarja,Jarrupala, Levyjarru<\/p>\n","protected":false},"excerpt":{"rendered":"<p>FRIGAIR Jarrupalat PD10.501 Jarrupalasarja,Jarrupala, Levyjarru VW,AUDI,SKODA,GOLF IV 1J1,GOLF V 1K1,POLO 9N_,GOLF VI 5K1,GOLF PLUS 5M1, 521<\/p>\n","protected":false},"featured_media":0,"template":"","meta":{"site-sidebar-layout":"default","site-content-layout":"default","ast-global-header-display":"","ast-main-header-display":"","ast-hfb-above-header-display":"","ast-hfb-below-header-display":"","ast-hfb-mobile-header-display":"","site-post-title":"","ast-breadcrumbs-content":"","ast-featured-img":"","footer-sml-layout":"","theme-transparent-header-meta":"","adv-header-id-meta":"","stick-header-meta":"","header-above-stick-meta":"","header-main-stick-meta":"","header-below-stick-meta":""},"pwb-brand":[460],"product_cat":[100],"product_tag":[],"class_list":{"0":"post-86895","1":"product","2":"type-product","3":"status-publish","5":"pwb-brand-frigair","6":"product_cat-jarrupalat","7":"desktop-align-left","8":"tablet-align-left","9":"mobile-align-left","11":"first","12":"instock","13":"product-type-external"},"brands":[{"id":460,"name":"FRIGAIR","slug":"frigair"}],"_links":{"self":[{"href":"https:\/\/www.autonvaraosahaku.fi\/index.php?rest_route=\/wp\/v2\/product\/86895","targetHints":{"allow":["GET"]}}],"collection":[{"href":"https:\/\/www.autonvaraosahaku.fi\/index.php?rest_route=\/wp\/v2\/product"}],"about":[{"href":"https:\/\/www.autonvaraosahaku.fi\/index.php?rest_route=\/wp\/v2\/types\/product"}],"wp:attachment":[{"href":"https:\/\/www.autonvaraosahaku.fi\/index.php?rest_route=%2Fwp%2Fv2%2Fmedia&parent=86895"}],"wp:term":[{"taxonomy":"pwb-brand","embeddable":true,"href":"https:\/\/www.autonvaraosahaku.fi\/index.php?rest_route=%2Fwp%2Fv2%2Fpwb-brand&post=86895"},{"taxonomy":"product_cat","embeddable":true,"href":"https:\/\/www.autonvaraosahaku.fi\/index.php?rest_route=%2Fwp%2Fv2%2Fproduct_cat&post=86895"},{"taxonomy":"product_tag","embeddable":true,"href":"https:\/\/www.autonvaraosahaku.fi\/index.php?rest_route=%2Fwp%2Fv2%2Fproduct_tag&post=86895"}],"curies":[{"name":"wp","href":"https:\/\/api.w.org\/{rel}","templated":true}]}}