{"id":86897,"date":"2021-02-21T20:51:40","date_gmt":"2021-02-21T20:51:40","guid":{"rendered":"https:\/\/www.autonvaraosahaku.fi\/?product=ashika-21-ma-ma5-raitisilmasuodatin"},"modified":"2021-02-21T20:51:43","modified_gmt":"2021-02-21T20:51:43","slug":"ashika-21-ma-ma5-raitisilmasuodatin","status":"publish","type":"product","link":"https:\/\/www.autonvaraosahaku.fi\/?product=ashika-21-ma-ma5-raitisilmasuodatin","title":{"rendered":"ASHIKA 21-MA-MA5 Raitisilmasuodatin"},"content":{"rendered":"<p>Pituus (mm): 216; Leveys (mm): 194; Korkeus (mm): 24; MAZDA: 6 Station Wagon GY,2 DY,CX-7 ER,6 Hatchback GG,6 GG,6 Schr\u00e4gheck GH,6 GH; EG2161P11, GJ6A61P11, GJ6A61P119A, GJ6A61P119B, GJ6A61P119C, GJ6A61P11A, GJ6A61P11A9B, GJ6B61P11, GP6B61P11; Sis\u00e4ilmansuodatin,Suodatin, Sis\u00e4ilma<\/p>\n","protected":false},"excerpt":{"rendered":"<p>ASHIKA Raitisilmasuodatin 21-MA-MA5 Sis\u00e4ilmansuodatin,Suodatin, Sis\u00e4ilma MAZDA,6 Station Wagon GY,2 DY,CX-7 ER,6 Hatchback GG,6 GG,6 Schr\u00e4gheck GH<\/p>\n","protected":false},"featured_media":0,"template":"","meta":{"site-sidebar-layout":"default","site-content-layout":"default","ast-global-header-display":"","ast-main-header-display":"","ast-hfb-above-header-display":"","ast-hfb-below-header-display":"","ast-hfb-mobile-header-display":"","site-post-title":"","ast-breadcrumbs-content":"","ast-featured-img":"","footer-sml-layout":"","theme-transparent-header-meta":"","adv-header-id-meta":"","stick-header-meta":"","header-above-stick-meta":"","header-main-stick-meta":"","header-below-stick-meta":""},"pwb-brand":[102],"product_cat":[19],"product_tag":[],"class_list":{"0":"post-86897","1":"product","2":"type-product","3":"status-publish","5":"pwb-brand-ashika","6":"product_cat-raitisilmasuodatin","7":"desktop-align-left","8":"tablet-align-left","9":"mobile-align-left","11":"first","12":"instock","13":"product-type-external"},"brands":[{"id":102,"name":"ASHIKA","slug":"ashika"}],"_links":{"self":[{"href":"https:\/\/www.autonvaraosahaku.fi\/index.php?rest_route=\/wp\/v2\/product\/86897","targetHints":{"allow":["GET"]}}],"collection":[{"href":"https:\/\/www.autonvaraosahaku.fi\/index.php?rest_route=\/wp\/v2\/product"}],"about":[{"href":"https:\/\/www.autonvaraosahaku.fi\/index.php?rest_route=\/wp\/v2\/types\/product"}],"wp:attachment":[{"href":"https:\/\/www.autonvaraosahaku.fi\/index.php?rest_route=%2Fwp%2Fv2%2Fmedia&parent=86897"}],"wp:term":[{"taxonomy":"pwb-brand","embeddable":true,"href":"https:\/\/www.autonvaraosahaku.fi\/index.php?rest_route=%2Fwp%2Fv2%2Fpwb-brand&post=86897"},{"taxonomy":"product_cat","embeddable":true,"href":"https:\/\/www.autonvaraosahaku.fi\/index.php?rest_route=%2Fwp%2Fv2%2Fproduct_cat&post=86897"},{"taxonomy":"product_tag","embeddable":true,"href":"https:\/\/www.autonvaraosahaku.fi\/index.php?rest_route=%2Fwp%2Fv2%2Fproduct_tag&post=86897"}],"curies":[{"name":"wp","href":"https:\/\/api.w.org\/{rel}","templated":true}]}}