{"id":86902,"date":"2021-02-21T20:51:40","date_gmt":"2021-02-21T20:51:40","guid":{"rendered":"https:\/\/www.autonvaraosahaku.fi\/?product=lemforder-37478-01-muut-luokat"},"modified":"2021-02-21T20:51:45","modified_gmt":"2021-02-21T20:51:45","slug":"lemforder-37478-01-muut-luokat","status":"publish","type":"product","link":"https:\/\/www.autonvaraosahaku.fi\/?product=lemforder-37478-01-muut-luokat","title":{"rendered":"LEMF\u00d6RDER 37478 01 Muut luokat"},"content":{"rendered":"<p>Asennuspuoli: Taka-akseli, Molemminpuolin, Alla, Takana; tuotenumerolle: 36256 01, 36257 01; MERCEDES-BENZ: C-CLASS W204,C-CLASS T-Model S204,E-CLASS W212,E-CLASS T-Model S212,E-CLASS Coupe C207,C-CLASS Coupe C204,E-CLASS Cabriolet A207,CLS C218; 0003520076, 0009946810, 0019901103, 0019907852, 0029904120, 0039902405, 2043500553, 2043500653, A0003520076, A0009946810, A0019901103, A0019907852, A0029904120, A0039902405, A2043500553, A2043500653<\/p>\n","protected":false},"excerpt":{"rendered":"<p>LEMF\u00d6RDER Korjaussarja, Py\u00f6r\u00e4ntuenta Service Pack 37478 01  MERCEDES-BENZ,C-CLASS W204,C-CLASS T-Model S204,E-CLASS W212,E-CLASS T-Model S212<\/p>\n","protected":false},"featured_media":0,"template":"","meta":{"site-sidebar-layout":"default","site-content-layout":"default","ast-global-header-display":"","ast-main-header-display":"","ast-hfb-above-header-display":"","ast-hfb-below-header-display":"","ast-hfb-mobile-header-display":"","site-post-title":"","ast-breadcrumbs-content":"","ast-featured-img":"","footer-sml-layout":"","theme-transparent-header-meta":"","adv-header-id-meta":"","stick-header-meta":"","header-above-stick-meta":"","header-main-stick-meta":"","header-below-stick-meta":""},"pwb-brand":[77],"product_cat":[37],"product_tag":[],"class_list":{"0":"post-86902","1":"product","2":"type-product","3":"status-publish","5":"pwb-brand-lemforder","6":"product_cat-muut-luokat","7":"desktop-align-left","8":"tablet-align-left","9":"mobile-align-left","11":"first","12":"instock","13":"product-type-external"},"brands":[{"id":77,"name":"LEMF\u00d6RDER","slug":"lemforder"}],"_links":{"self":[{"href":"https:\/\/www.autonvaraosahaku.fi\/index.php?rest_route=\/wp\/v2\/product\/86902","targetHints":{"allow":["GET"]}}],"collection":[{"href":"https:\/\/www.autonvaraosahaku.fi\/index.php?rest_route=\/wp\/v2\/product"}],"about":[{"href":"https:\/\/www.autonvaraosahaku.fi\/index.php?rest_route=\/wp\/v2\/types\/product"}],"wp:attachment":[{"href":"https:\/\/www.autonvaraosahaku.fi\/index.php?rest_route=%2Fwp%2Fv2%2Fmedia&parent=86902"}],"wp:term":[{"taxonomy":"pwb-brand","embeddable":true,"href":"https:\/\/www.autonvaraosahaku.fi\/index.php?rest_route=%2Fwp%2Fv2%2Fpwb-brand&post=86902"},{"taxonomy":"product_cat","embeddable":true,"href":"https:\/\/www.autonvaraosahaku.fi\/index.php?rest_route=%2Fwp%2Fv2%2Fproduct_cat&post=86902"},{"taxonomy":"product_tag","embeddable":true,"href":"https:\/\/www.autonvaraosahaku.fi\/index.php?rest_route=%2Fwp%2Fv2%2Fproduct_tag&post=86902"}],"curies":[{"name":"wp","href":"https:\/\/api.w.org\/{rel}","templated":true}]}}