{"id":86904,"date":"2021-02-21T20:51:40","date_gmt":"2021-02-21T20:51:40","guid":{"rendered":"https:\/\/www.autonvaraosahaku.fi\/?product=calorstat-by-vernet-ts1952-lampokytkin-jaahdyttimen-puhallin"},"modified":"2021-02-21T20:51:45","modified_gmt":"2021-02-21T20:51:45","slug":"calorstat-by-vernet-ts1952-lampokytkin-jaahdyttimen-puhallin","status":"publish","type":"product","link":"https:\/\/www.autonvaraosahaku.fi\/?product=calorstat-by-vernet-ts1952-lampokytkin-jaahdyttimen-puhallin","title":{"rendered":"CALORSTAT by Vernet TS1952 L\u00e4mp\u00f6kytkin j\u00e4\u00e4hdyttimen puhallin"},"content":{"rendered":"<p>Katkaisupiste (\u00b0C): 97; Kierremitta: M22x1.5; Teknisten tietojen numero: Circuit N.O.; Valmistusvuoteen: 01\/1989; HONDA: CIVIC VI Hatchback EJ, EK; FORD: FOCUS II Kombi DA_,FOCUS Kombi DNW,FOCUS II DA_,FOCUS DAW, DBW,FIESTA IV JA_, JB_,FOCUS Stufenheck DFW,FIESTA III GFJ,ESCORT VII GAL, AAL, ABL,ESCORT IV Cabriolet ALF,SIERRA GBG, GB4,ESCORT VII Kombi GAL, ANL,ESCORT VII Cabriolet ALL,ESCORT VI Cabriolet ALL,ESCORT VI GAL,SCORPIO II GFR, GGR,SIERRA Schr\u00e4gheck GBC, GBG,ESCORT IV GAF, AWF, ABFT,FIESTA II FBD,SCORPIO I GAE, GGE,ESCORT V Cabriolet ALL,ESCORT &#8217;95 Express AVL,SCORPIO I Stufenheck GGE,ESCORT V GAL,ESCORT VII Stufenheck GAL, AFL,SIERRA Kombi BNG,ESCORT VI Kombi GAL,ESCORT VI Stufenheck GAL,FIESTA Kasten F3L, F5L,SCORPIO I Kombi GGE,ORION II AFF,ESCORT IV Kombi AWF, AVF,ESCORT &#8217;86 Express AVF,ESCORT V Kombi GAL, AVL,ESCORT &#8217;91 Express AVL,ORION III GAL; 1652990, 6142676, 6186463, 6186464, 6186864, 7001604, 7001611, 85AB8B607BA, 85FB8B607A2A, 85GB8B607B1A, 85GB8B607B2A, 85GB8B607B3A, 85GB8B607BA, 85GB8B607BB, 92AB8B607AA<\/p>\n","protected":false},"excerpt":{"rendered":"<p>CALORSTAT by Vernet L\u00e4mp\u00f6kytkin J\u00e4\u00e4hdyttimen Puhallin TS1952  HONDA,FORD,CIVIC VI Hatchback EJ, EK,FOCUS II Kombi DA_,FOCUS Kombi DNW,FOCUS II DA_<\/p>\n","protected":false},"featured_media":0,"template":"","meta":{"site-sidebar-layout":"default","site-content-layout":"default","ast-global-header-display":"","ast-main-header-display":"","ast-hfb-above-header-display":"","ast-hfb-below-header-display":"","ast-hfb-mobile-header-display":"","site-post-title":"","ast-breadcrumbs-content":"","ast-featured-img":"","footer-sml-layout":"","theme-transparent-header-meta":"","adv-header-id-meta":"","stick-header-meta":"","header-above-stick-meta":"","header-main-stick-meta":"","header-below-stick-meta":""},"pwb-brand":[343],"product_cat":[290],"product_tag":[],"class_list":{"0":"post-86904","1":"product","2":"type-product","3":"status-publish","5":"pwb-brand-calorstat-by-vernet","6":"product_cat-lampokytkin-jaahdyttimen-puhallin","7":"desktop-align-left","8":"tablet-align-left","9":"mobile-align-left","11":"first","12":"instock","13":"product-type-external"},"brands":[{"id":343,"name":"CALORSTAT by Vernet","slug":"calorstat-by-vernet"}],"_links":{"self":[{"href":"https:\/\/www.autonvaraosahaku.fi\/index.php?rest_route=\/wp\/v2\/product\/86904","targetHints":{"allow":["GET"]}}],"collection":[{"href":"https:\/\/www.autonvaraosahaku.fi\/index.php?rest_route=\/wp\/v2\/product"}],"about":[{"href":"https:\/\/www.autonvaraosahaku.fi\/index.php?rest_route=\/wp\/v2\/types\/product"}],"wp:attachment":[{"href":"https:\/\/www.autonvaraosahaku.fi\/index.php?rest_route=%2Fwp%2Fv2%2Fmedia&parent=86904"}],"wp:term":[{"taxonomy":"pwb-brand","embeddable":true,"href":"https:\/\/www.autonvaraosahaku.fi\/index.php?rest_route=%2Fwp%2Fv2%2Fpwb-brand&post=86904"},{"taxonomy":"product_cat","embeddable":true,"href":"https:\/\/www.autonvaraosahaku.fi\/index.php?rest_route=%2Fwp%2Fv2%2Fproduct_cat&post=86904"},{"taxonomy":"product_tag","embeddable":true,"href":"https:\/\/www.autonvaraosahaku.fi\/index.php?rest_route=%2Fwp%2Fv2%2Fproduct_tag&post=86904"}],"curies":[{"name":"wp","href":"https:\/\/api.w.org\/{rel}","templated":true}]}}