{"id":86906,"date":"2021-02-21T20:51:40","date_gmt":"2021-02-21T20:51:40","guid":{"rendered":"https:\/\/www.autonvaraosahaku.fi\/?product=calorstat-by-vernet-os3561-oljynpaineanturi"},"modified":"2021-02-21T20:51:46","modified_gmt":"2021-02-21T20:51:46","slug":"calorstat-by-vernet-os3561-oljynpaineanturi","status":"publish","type":"product","link":"https:\/\/www.autonvaraosahaku.fi\/?product=calorstat-by-vernet-os3561-oljynpaineanturi","title":{"rendered":"CALORSTAT by Vernet OS3561 \u00d6ljynpaineanturi"},"content":{"rendered":"<p>Kytkent\u00e4paine (bar): 0,5; Kierremitta: M14x1.5; Yhdistelm\u00e4kytkintoiminto: Avaaja; Alustanumeroon: 38999999; VOLVO: V40 Kombi VW,V70 II SW,V50 MW,XC60,XC90 I,V70 I LV,S60 I,850 Kombi LW,V70 III BW,C30,S80 I TS, XY,V60,S40 II MS,XC70 CROSS COUNTRY,S40 I VS,C70 II Cabriolet,V40 Schr\u00e4gheck,XC70 II,S80 II AS,S60 II,940 II Kombi 945,940 Kombi 945,240 Kombi P245,740 Kombi 745,C70 I Cabriolet,C70 I Coupe,850 LS,960 II Kombi 965,740 744,240 P242, P244,S70 LS,960 II 964,940 944,V90 Kombi,760 704, 764,340-360 343, 345,960 Kombi 965,760 Kombi 704, 765,940 II 944,960 964,S90,340-360 Stufenheck 344; FORD: FOCUS II DA_,KUGA I; 1371947, 6M5G9278AA, 1347003, 13470034, 272484, 35453166, 3545696, 35456961; \u00d6ljynpainekytkin<\/p>\n","protected":false},"excerpt":{"rendered":"<p>CALORSTAT by Vernet \u00d6ljynpaineanturi OS3561 \u00d6ljynpainekytkin VOLVO,FORD,V40 Kombi VW,V70 II SW,V50 MW,XC60,XC90 I,V70 I LV,S60 I,850 Kombi LW<\/p>\n","protected":false},"featured_media":0,"template":"","meta":{"site-sidebar-layout":"default","site-content-layout":"default","ast-global-header-display":"","ast-main-header-display":"","ast-hfb-above-header-display":"","ast-hfb-below-header-display":"","ast-hfb-mobile-header-display":"","site-post-title":"","ast-breadcrumbs-content":"","ast-featured-img":"","footer-sml-layout":"","theme-transparent-header-meta":"","adv-header-id-meta":"","stick-header-meta":"","header-above-stick-meta":"","header-main-stick-meta":"","header-below-stick-meta":""},"pwb-brand":[343],"product_cat":[235],"product_tag":[],"class_list":{"0":"post-86906","1":"product","2":"type-product","3":"status-publish","5":"pwb-brand-calorstat-by-vernet","6":"product_cat-oljynpaineanturi","7":"desktop-align-left","8":"tablet-align-left","9":"mobile-align-left","11":"first","12":"instock","13":"product-type-external"},"brands":[{"id":343,"name":"CALORSTAT by Vernet","slug":"calorstat-by-vernet"}],"_links":{"self":[{"href":"https:\/\/www.autonvaraosahaku.fi\/index.php?rest_route=\/wp\/v2\/product\/86906","targetHints":{"allow":["GET"]}}],"collection":[{"href":"https:\/\/www.autonvaraosahaku.fi\/index.php?rest_route=\/wp\/v2\/product"}],"about":[{"href":"https:\/\/www.autonvaraosahaku.fi\/index.php?rest_route=\/wp\/v2\/types\/product"}],"wp:attachment":[{"href":"https:\/\/www.autonvaraosahaku.fi\/index.php?rest_route=%2Fwp%2Fv2%2Fmedia&parent=86906"}],"wp:term":[{"taxonomy":"pwb-brand","embeddable":true,"href":"https:\/\/www.autonvaraosahaku.fi\/index.php?rest_route=%2Fwp%2Fv2%2Fpwb-brand&post=86906"},{"taxonomy":"product_cat","embeddable":true,"href":"https:\/\/www.autonvaraosahaku.fi\/index.php?rest_route=%2Fwp%2Fv2%2Fproduct_cat&post=86906"},{"taxonomy":"product_tag","embeddable":true,"href":"https:\/\/www.autonvaraosahaku.fi\/index.php?rest_route=%2Fwp%2Fv2%2Fproduct_tag&post=86906"}],"curies":[{"name":"wp","href":"https:\/\/api.w.org\/{rel}","templated":true}]}}