{"id":86935,"date":"2021-02-21T20:51:55","date_gmt":"2021-02-21T20:51:55","guid":{"rendered":"https:\/\/www.autonvaraosahaku.fi\/?product=luk-622-3152-33-kytkinpaketti"},"modified":"2021-02-21T20:51:57","modified_gmt":"2021-02-21T20:51:57","slug":"luk-622-3152-33-kytkinpaketti","status":"publish","type":"product","link":"https:\/\/www.autonvaraosahaku.fi\/?product=luk-622-3152-33-kytkinpaketti","title":{"rendered":"LuK 622 3152 33 Kytkinpaketti"},"content":{"rendered":"<p>L\u00e4pimitta [mm]: 220; Lis\u00e4tarvike\/lis\u00e4tieto: Irroitusmekanismilla, Irroitusmekanismilla; Korvaava tuote\/korvaava tiedote 2: Kytkinlevyll\u00e4, Tarkasta 2-massavauhtipy\u00f6r\u00e4 ja uusi tarvitaessa.; Moottorimalli: Moottoreihin, joissa kaksoismassa vauhtipy\u00f6r\u00e4; Moottorinumero: A16LES; CHEVROLET: CRUZE J300,CRUZE Schr\u00e4gheck J305; OPEL: CORSA D,ZAFIRA B A05,ASTRA J Sports Tourer,INSIGNIA Caravan,ASTRA J,ZAFIRA TOURER C P12,INSIGNIA,INSIGNIA Stufenheck,ZAFIRA B Van,ASTRA GTC J,ASTRA J Stufenheck; BUICK (SGM): REGAL II; VAUXHALL: CORSA Mk III D L_8,INSIGNIA Mk I A,INSIGNIA Mk I A Estate,ASTRA Mk VI J CC,ASTRA Mk VI J,INSIGNIA Mk I A Sedan,ASTRA Mk VI J Sedan,ASTRA Mk VI J Estate; 55575959, 55576165, 55352048, 55355561, 55558917, 55558918, 55563511, 55563645, 55563646, 55575959, 55576165, 55583074, 5679349, 5679360, 664092, 666091, 666095, 666097, 679078, 679079, 93186231, 93195502, 55563645, 55575959, 55576165, 55583074, 664092, 666091, 666095, 666097, 679078, 93186231, 93195502; Kytkinsarja<\/p>\n","protected":false},"excerpt":{"rendered":"<p>LuK Kytkinpaketti 622 3152 33 Kytkinsarja CHEVROLET,OPEL,BUICK (SGM),CRUZE J300,CRUZE Schr\u00e4gheck J305,CORSA D,ZAFIRA B A05,ASTRA J Sports Tourer<\/p>\n","protected":false},"featured_media":0,"template":"","meta":{"site-sidebar-layout":"default","site-content-layout":"default","ast-global-header-display":"","ast-main-header-display":"","ast-hfb-above-header-display":"","ast-hfb-below-header-display":"","ast-hfb-mobile-header-display":"","site-post-title":"","ast-breadcrumbs-content":"","ast-featured-img":"","footer-sml-layout":"","theme-transparent-header-meta":"","adv-header-id-meta":"","stick-header-meta":"","header-above-stick-meta":"","header-main-stick-meta":"","header-below-stick-meta":""},"pwb-brand":[20],"product_cat":[21],"product_tag":[],"class_list":{"0":"post-86935","1":"product","2":"type-product","3":"status-publish","5":"pwb-brand-luk","6":"product_cat-kytkinpaketti","7":"desktop-align-left","8":"tablet-align-left","9":"mobile-align-left","11":"first","12":"instock","13":"product-type-external"},"brands":[{"id":20,"name":"LuK","slug":"luk"}],"_links":{"self":[{"href":"https:\/\/www.autonvaraosahaku.fi\/index.php?rest_route=\/wp\/v2\/product\/86935","targetHints":{"allow":["GET"]}}],"collection":[{"href":"https:\/\/www.autonvaraosahaku.fi\/index.php?rest_route=\/wp\/v2\/product"}],"about":[{"href":"https:\/\/www.autonvaraosahaku.fi\/index.php?rest_route=\/wp\/v2\/types\/product"}],"wp:attachment":[{"href":"https:\/\/www.autonvaraosahaku.fi\/index.php?rest_route=%2Fwp%2Fv2%2Fmedia&parent=86935"}],"wp:term":[{"taxonomy":"pwb-brand","embeddable":true,"href":"https:\/\/www.autonvaraosahaku.fi\/index.php?rest_route=%2Fwp%2Fv2%2Fpwb-brand&post=86935"},{"taxonomy":"product_cat","embeddable":true,"href":"https:\/\/www.autonvaraosahaku.fi\/index.php?rest_route=%2Fwp%2Fv2%2Fproduct_cat&post=86935"},{"taxonomy":"product_tag","embeddable":true,"href":"https:\/\/www.autonvaraosahaku.fi\/index.php?rest_route=%2Fwp%2Fv2%2Fproduct_tag&post=86935"}],"curies":[{"name":"wp","href":"https:\/\/api.w.org\/{rel}","templated":true}]}}