{"id":86941,"date":"2021-02-21T20:51:55","date_gmt":"2021-02-21T20:51:55","guid":{"rendered":"https:\/\/www.autonvaraosahaku.fi\/?product=ridex-854s0437-iskunvaimennin"},"modified":"2021-02-21T20:51:59","modified_gmt":"2021-02-21T20:51:59","slug":"ridex-854s0437-iskunvaimennin","status":"publish","type":"product","link":"https:\/\/www.autonvaraosahaku.fi\/?product=ridex-854s0437-iskunvaimennin","title":{"rendered":"RIDEX 854S0437 Iskunvaimennin"},"content":{"rendered":"<p>Asennuspuoli: Taka-akseli; Iskunvaimennusj\u00e4rjestelm\u00e4: Kaksiputki; Iskunvaimennin tyyppi: Kaasupaine; Iskunvaimennin asennustapa: Tappi ylh\u00e4\u00e4ll\u00e4, Silmukka alhaalla; Valmistusvuoteen: 12\/1992; OPEL: OMEGA A 16_, 17_, 19_,OMEGA B 25_, 26_, 27_,VECTRA A 86_, 87_,VECTRA A CC 88_, 89_,SENATOR B 29_,OMEGA A Caravan 66_, 67_; VAUXHALL: OMEGA B,CAVALIER Mk III 87,CAVALIER Mk III CC,OMEGA B Estate,CARLTON Mk III; 436202, 22024205, 22081177, 22081231, 426218, 436002, 436003, 436012, 436013, 436014, 436015, 436017, 436019, 436021, 436024, 436025, 436026, 436029, 436057, 436058, 436059, 436061, 436062, 436063, 436073, 436088, 436096, 436097, 436098, 436099, 436100, 436101, 436104, 436105, 436108, 436109, 436145, 436147, 436148, 436149, 436161, 436162, 436163, 436164, 436165, 436209, 436221, 436225, 436227, 436228, 436229, 436231, 436239, 436243, 436251, 436272, 436273, 436275, 436276, 436557, 436558, 436559, 436560, 436561, 436563, 436568, 436569, 436570, 436581, 436582, 436583, 436587, 436592, 436593, 436599, 72080190, 72081117, 72118763, 72118766, 72118768, 72118772, 72118777, 72118784, 72118786, 72118797, 72119032, 72119033, 72119034, 72119083, 72119084, 72119085, 72119086, 9004323, 9004324, 9004325, 9004343, 9004351, 9004366, 90223732, 90223733, 90223735, 90268695, 90271096, 90271097, 90271098, 90271099, 90271100, 90271102, 90272911, 90288138, 90288891, 90295311, 90295385, 90297713, 90297919&#8230;; Iskarit,Iskunvaimennin<\/p>\n","protected":false},"excerpt":{"rendered":"<p>RIDEX Iskunvaimentimet 854S0437 Iskarit,Iskunvaimennin OPEL,VAUXHALL,OMEGA A 16_, 17_, 19_,OMEGA B 25_, 26_, 27_,VECTRA A 86_, 87_<\/p>\n","protected":false},"featured_media":0,"template":"","meta":{"site-sidebar-layout":"default","site-content-layout":"default","ast-global-header-display":"","ast-main-header-display":"","ast-hfb-above-header-display":"","ast-hfb-below-header-display":"","ast-hfb-mobile-header-display":"","site-post-title":"","ast-breadcrumbs-content":"","ast-featured-img":"","footer-sml-layout":"","theme-transparent-header-meta":"","adv-header-id-meta":"","stick-header-meta":"","header-above-stick-meta":"","header-main-stick-meta":"","header-below-stick-meta":""},"pwb-brand":[157],"product_cat":[80],"product_tag":[],"class_list":{"0":"post-86941","1":"product","2":"type-product","3":"status-publish","5":"pwb-brand-ridex","6":"product_cat-iskunvaimennin","7":"desktop-align-left","8":"tablet-align-left","9":"mobile-align-left","11":"first","12":"instock","13":"product-type-external"},"brands":[{"id":157,"name":"RIDEX","slug":"ridex"}],"_links":{"self":[{"href":"https:\/\/www.autonvaraosahaku.fi\/index.php?rest_route=\/wp\/v2\/product\/86941","targetHints":{"allow":["GET"]}}],"collection":[{"href":"https:\/\/www.autonvaraosahaku.fi\/index.php?rest_route=\/wp\/v2\/product"}],"about":[{"href":"https:\/\/www.autonvaraosahaku.fi\/index.php?rest_route=\/wp\/v2\/types\/product"}],"wp:attachment":[{"href":"https:\/\/www.autonvaraosahaku.fi\/index.php?rest_route=%2Fwp%2Fv2%2Fmedia&parent=86941"}],"wp:term":[{"taxonomy":"pwb-brand","embeddable":true,"href":"https:\/\/www.autonvaraosahaku.fi\/index.php?rest_route=%2Fwp%2Fv2%2Fpwb-brand&post=86941"},{"taxonomy":"product_cat","embeddable":true,"href":"https:\/\/www.autonvaraosahaku.fi\/index.php?rest_route=%2Fwp%2Fv2%2Fproduct_cat&post=86941"},{"taxonomy":"product_tag","embeddable":true,"href":"https:\/\/www.autonvaraosahaku.fi\/index.php?rest_route=%2Fwp%2Fv2%2Fproduct_tag&post=86941"}],"curies":[{"name":"wp","href":"https:\/\/api.w.org\/{rel}","templated":true}]}}