{"id":86944,"date":"2021-02-21T20:51:55","date_gmt":"2021-02-21T20:51:55","guid":{"rendered":"https:\/\/www.autonvaraosahaku.fi\/?product=ashika-10-eco031-oljynsuodatin"},"modified":"2021-02-21T20:52:00","modified_gmt":"2021-02-21T20:52:00","slug":"ashika-10-eco031-oljynsuodatin","status":"publish","type":"product","link":"https:\/\/www.autonvaraosahaku.fi\/?product=ashika-10-eco031-oljynsuodatin","title":{"rendered":"ASHIKA 10-ECO031 \u00d6ljynsuodatin"},"content":{"rendered":"<p>Suodatintyyppi: Suodatinpanos; Pituus (mm): 174; Ulkol\u00e4pimitta [mm]: 83; Sis\u00e4l\u00e4pimitta [mm]: 33; Asennusl\u00e4pimitta [mm]: 50; DAEWOO: REXTON GAB_; MERCEDES-BENZ: C-CLASS W202,E-CLASS W210,E-CLASS Kombi S210,C-CLASS Kombi S202,E-CLASS W124,G-CLASS W463,VITO Bus 638,S-CLASS W140,E-CLASS Kombi S124,SPRINTER 3-t Kasten 903,SPRINTER 2-t Bus 901, 902,V-CLASS 638\/2,G-CLASS W461,SPRINTER 2-t Kasten 901, 902,SPRINTER 3-t Bus 903,SPRINTER 3-t Pritsche\/Fahrgestell 903,VITO Kasten 638,SPRINTER 4-t Pritsche\/Fahrgestell 904,SPRINTER 2-t Pritsche\/Fahrgestell 901, 902,SPRINTER 4-t Kasten 904,G-CLASS Cabrio W463,UNIMOG; SSANGYONG: REXTON GAB_; MAN: L2000; 51055040105, 6061800009, A6061800009, A606180000910, A606180000911, A606180000967, MB6061800009, 6061800009, 6611803209, 6611803309, 6611843325<\/p>\n","protected":false},"excerpt":{"rendered":"<p>ASHIKA \u00d6ljynsuodatin 10-ECO031  DAEWOO,MERCEDES-BENZ,SSANGYONG,REXTON GAB_,C-CLASS W202,E-CLASS W210,E-CLASS Kombi S210,C-CLASS Kombi S202<\/p>\n","protected":false},"featured_media":0,"template":"","meta":{"site-sidebar-layout":"default","site-content-layout":"default","ast-global-header-display":"","ast-main-header-display":"","ast-hfb-above-header-display":"","ast-hfb-below-header-display":"","ast-hfb-mobile-header-display":"","site-post-title":"","ast-breadcrumbs-content":"","ast-featured-img":"","footer-sml-layout":"","theme-transparent-header-meta":"","adv-header-id-meta":"","stick-header-meta":"","header-above-stick-meta":"","header-main-stick-meta":"","header-below-stick-meta":""},"pwb-brand":[102],"product_cat":[30],"product_tag":[],"class_list":{"0":"post-86944","1":"product","2":"type-product","3":"status-publish","5":"pwb-brand-ashika","6":"product_cat-oljynsuodatin","7":"desktop-align-left","8":"tablet-align-left","9":"mobile-align-left","11":"first","12":"instock","13":"product-type-external"},"brands":[{"id":102,"name":"ASHIKA","slug":"ashika"}],"_links":{"self":[{"href":"https:\/\/www.autonvaraosahaku.fi\/index.php?rest_route=\/wp\/v2\/product\/86944","targetHints":{"allow":["GET"]}}],"collection":[{"href":"https:\/\/www.autonvaraosahaku.fi\/index.php?rest_route=\/wp\/v2\/product"}],"about":[{"href":"https:\/\/www.autonvaraosahaku.fi\/index.php?rest_route=\/wp\/v2\/types\/product"}],"wp:attachment":[{"href":"https:\/\/www.autonvaraosahaku.fi\/index.php?rest_route=%2Fwp%2Fv2%2Fmedia&parent=86944"}],"wp:term":[{"taxonomy":"pwb-brand","embeddable":true,"href":"https:\/\/www.autonvaraosahaku.fi\/index.php?rest_route=%2Fwp%2Fv2%2Fpwb-brand&post=86944"},{"taxonomy":"product_cat","embeddable":true,"href":"https:\/\/www.autonvaraosahaku.fi\/index.php?rest_route=%2Fwp%2Fv2%2Fproduct_cat&post=86944"},{"taxonomy":"product_tag","embeddable":true,"href":"https:\/\/www.autonvaraosahaku.fi\/index.php?rest_route=%2Fwp%2Fv2%2Fproduct_tag&post=86944"}],"curies":[{"name":"wp","href":"https:\/\/api.w.org\/{rel}","templated":true}]}}