{"id":86979,"date":"2021-02-21T20:52:11","date_gmt":"2021-02-21T20:52:11","guid":{"rendered":"https:\/\/www.autonvaraosahaku.fi\/?product=ridex-1914m0009-sivupeilin-lasi"},"modified":"2021-02-21T20:52:14","modified_gmt":"2021-02-21T20:52:14","slug":"ridex-1914m0009-sivupeilin-lasi","status":"publish","type":"product","link":"https:\/\/www.autonvaraosahaku.fi\/?product=ridex-1914m0009-sivupeilin-lasi","title":{"rendered":"RIDEX 1914M0009 Sivupeilin lasi"},"content":{"rendered":"<p>Asennuspuoli: Oikea; Ulko-\/sis\u00e4peili: Asf\u00e4\u00e4rinen, L\u00e4mmitett\u00e4v\u00e4; Valmistusvuosi alkaen: 04\/2008; AUDI: A4 Avant 8K5, B8,A3 8P1,A3 Sportback 8PA,A4 8K2, B8,A3 Cabriolet 8P7; 4F0857536AF, 8K0949102, 8K0949102E, 8K1857410C01C, 8K1857410G01C, 8P1858532DC, 8P1858532DC01C, 8P1858532EC, 8P1858532EC01C, 8T0857528D, 8T0857528DGRU, 8T0857528GRU, 8T0857536E, 1Z0857522, 4F0857536AF, 8T0857536E; Peililasi, Ulkopeili<\/p>\n","protected":false},"excerpt":{"rendered":"<p>RIDEX Sivupeilin Lasi 1914M0009 Peililasi, Ulkopeili AUDI,A4 Avant 8K5, B8,A3 8P1,A3 Sportback 8PA,A4 8K2, B8,A3 Cabriolet 8P7<\/p>\n","protected":false},"featured_media":0,"template":"","meta":{"site-sidebar-layout":"default","site-content-layout":"default","ast-global-header-display":"","ast-main-header-display":"","ast-hfb-above-header-display":"","ast-hfb-below-header-display":"","ast-hfb-mobile-header-display":"","site-post-title":"","ast-breadcrumbs-content":"","ast-featured-img":"","footer-sml-layout":"","theme-transparent-header-meta":"","adv-header-id-meta":"","stick-header-meta":"","header-above-stick-meta":"","header-main-stick-meta":"","header-below-stick-meta":""},"pwb-brand":[157],"product_cat":[196],"product_tag":[],"class_list":{"0":"post-86979","1":"product","2":"type-product","3":"status-publish","5":"pwb-brand-ridex","6":"product_cat-sivupeilin-lasi","7":"desktop-align-left","8":"tablet-align-left","9":"mobile-align-left","11":"first","12":"instock","13":"product-type-external"},"brands":[{"id":157,"name":"RIDEX","slug":"ridex"}],"_links":{"self":[{"href":"https:\/\/www.autonvaraosahaku.fi\/index.php?rest_route=\/wp\/v2\/product\/86979","targetHints":{"allow":["GET"]}}],"collection":[{"href":"https:\/\/www.autonvaraosahaku.fi\/index.php?rest_route=\/wp\/v2\/product"}],"about":[{"href":"https:\/\/www.autonvaraosahaku.fi\/index.php?rest_route=\/wp\/v2\/types\/product"}],"wp:attachment":[{"href":"https:\/\/www.autonvaraosahaku.fi\/index.php?rest_route=%2Fwp%2Fv2%2Fmedia&parent=86979"}],"wp:term":[{"taxonomy":"pwb-brand","embeddable":true,"href":"https:\/\/www.autonvaraosahaku.fi\/index.php?rest_route=%2Fwp%2Fv2%2Fpwb-brand&post=86979"},{"taxonomy":"product_cat","embeddable":true,"href":"https:\/\/www.autonvaraosahaku.fi\/index.php?rest_route=%2Fwp%2Fv2%2Fproduct_cat&post=86979"},{"taxonomy":"product_tag","embeddable":true,"href":"https:\/\/www.autonvaraosahaku.fi\/index.php?rest_route=%2Fwp%2Fv2%2Fproduct_tag&post=86979"}],"curies":[{"name":"wp","href":"https:\/\/api.w.org\/{rel}","templated":true}]}}