{"id":86986,"date":"2021-02-21T20:52:11","date_gmt":"2021-02-21T20:52:11","guid":{"rendered":"https:\/\/www.autonvaraosahaku.fi\/?product=ridex-78b0345-jarrusatula"},"modified":"2021-02-21T20:52:16","modified_gmt":"2021-02-21T20:52:16","slug":"ridex-78b0345-jarrusatula","status":"publish","type":"product","link":"https:\/\/www.autonvaraosahaku.fi\/?product=ridex-78b0345-jarrusatula","title":{"rendered":"RIDEX 78B0345 Jarrusatula"},"content":{"rendered":"<p>Reik\u00e4-\u00d8 [mm]: 54; Jarrusatulatyyppi: Jarrusatula; Vaihto-osa: ; Jarrusatulan v\u00e4ri: ter\u00e4ksenharmaa; Materiaali: Harmaa valurauta; parilliset tuotenumerot: 78B0214; Asennuspuoli: Vorderachse links; VW: GOLF II 19E, 1G1,CORRADO 53I; AUDI: 80 8C, B4,80 89, 89Q, 8A, B3,CABRIOLET 8G7, B4,80 Avant 8C, B4,100 44, 44Q, C3,COUPE 89, 8B,90 89, 89Q, 8A, B3,100 Avant 44, 44Q, C3,QUATTRO 85,200 44, 44Q,200 Avant 44, 44Q; 443615124A, 443615124F, 443615124FV, 443615124FX, 857615124, 443615124A, 443615124F, 443615124FV, 443615124FX, 857615124<\/p>\n","protected":false},"excerpt":{"rendered":"<p>RIDEX Jarrusatula 78B0345  VW,AUDI,GOLF II 19E, 1G1,CORRADO 53I,80 8C, B4,80 89, 89Q, 8A, B3,CABRIOLET 8G7, B4,80 Avant 8C, B4,100 44, 44Q, C3<\/p>\n","protected":false},"featured_media":0,"template":"","meta":{"site-sidebar-layout":"default","site-content-layout":"default","ast-global-header-display":"","ast-main-header-display":"","ast-hfb-above-header-display":"","ast-hfb-below-header-display":"","ast-hfb-mobile-header-display":"","site-post-title":"","ast-breadcrumbs-content":"","ast-featured-img":"","footer-sml-layout":"","theme-transparent-header-meta":"","adv-header-id-meta":"","stick-header-meta":"","header-above-stick-meta":"","header-main-stick-meta":"","header-below-stick-meta":""},"pwb-brand":[157],"product_cat":[177],"product_tag":[],"class_list":{"0":"post-86986","1":"product","2":"type-product","3":"status-publish","5":"pwb-brand-ridex","6":"product_cat-jarrusatula","7":"desktop-align-left","8":"tablet-align-left","9":"mobile-align-left","11":"first","12":"instock","13":"product-type-external"},"brands":[{"id":157,"name":"RIDEX","slug":"ridex"}],"_links":{"self":[{"href":"https:\/\/www.autonvaraosahaku.fi\/index.php?rest_route=\/wp\/v2\/product\/86986","targetHints":{"allow":["GET"]}}],"collection":[{"href":"https:\/\/www.autonvaraosahaku.fi\/index.php?rest_route=\/wp\/v2\/product"}],"about":[{"href":"https:\/\/www.autonvaraosahaku.fi\/index.php?rest_route=\/wp\/v2\/types\/product"}],"wp:attachment":[{"href":"https:\/\/www.autonvaraosahaku.fi\/index.php?rest_route=%2Fwp%2Fv2%2Fmedia&parent=86986"}],"wp:term":[{"taxonomy":"pwb-brand","embeddable":true,"href":"https:\/\/www.autonvaraosahaku.fi\/index.php?rest_route=%2Fwp%2Fv2%2Fpwb-brand&post=86986"},{"taxonomy":"product_cat","embeddable":true,"href":"https:\/\/www.autonvaraosahaku.fi\/index.php?rest_route=%2Fwp%2Fv2%2Fproduct_cat&post=86986"},{"taxonomy":"product_tag","embeddable":true,"href":"https:\/\/www.autonvaraosahaku.fi\/index.php?rest_route=%2Fwp%2Fv2%2Fproduct_tag&post=86986"}],"curies":[{"name":"wp","href":"https:\/\/api.w.org\/{rel}","templated":true}]}}