{"id":87019,"date":"2021-02-21T20:52:27","date_gmt":"2021-02-21T20:52:27","guid":{"rendered":"https:\/\/www.autonvaraosahaku.fi\/?product=autofren-seinsa-d42257c-jarrusatula-korjaussarja"},"modified":"2021-02-21T20:52:30","modified_gmt":"2021-02-21T20:52:30","slug":"autofren-seinsa-d42257c-jarrusatula-korjaussarja","status":"publish","type":"product","link":"https:\/\/www.autonvaraosahaku.fi\/?product=autofren-seinsa-d42257c-jarrusatula-korjaussarja","title":{"rendered":"AUTOFREN SEINSA D42257C Jarrusatula korjaussarja"},"content":{"rendered":"<p>Asennuspuoli: Taka-akseli; L\u00e4pimitta [mm]: 43; T\u00e4yssarja: ; Jarruj\u00e4rjestelm\u00e4: TRW; OE-numerolle: LR036567; AUDI: A4 Avant 8K5, B8,A6 Avant 4F5, C6,A4 8K2, B8,Q5 8R,A6 4F2, C6,A6 Avant 4G5, C7, 4GD,A5 8T3,A5 Sportback 8TA,A8 4E_,A6 4G2, C7, 4GC,A6 Allroad 4FH, C6,A7 Sportback 4GA, 4GF,A4 Allroad 8KH, B8,A5 Cabriolet 8F7,A8 4H_,A6 Allroad 4GH, 4GJ,A4 Avant 8W5, B9,Q7 4M,A4 8W2, B9,A5 Sportback F5A,A5 F53,A4 Allroad 8WH, B9,A5 Cabriolet F57; LAND ROVER: RANGE ROVER SPORT LW,RANGE ROVER IV LG; LR036567, LR036568, 4E0615403B, 4E0615403C, 4E0615404B, 4E0615404C, 4F0615403, 4F0615403B, 4F0615403D, 4F0615403G, 4F0615403H, 4F0615404, 4F0615404B, 4F0615404D, 4F0615404G, 4F0615404H, 4G0615403, 4G0615403B, 4G0615403C, 4G0615404, 4G0615404B, 4G0615404C, 8K0615403B, 8K0615404B, 4E0615403B, 4E0615403C, 4E0615404B, 4E0615404C, 4F0615403, 4F0615403B, 4F0615403D, 4F0615403G, 4F0615403H, 4F0615404, 4F0615404B, 4F0615404D, 4F0615404G, 4F0615404H, 4G0615403, 4G0615403B, 4G0615403C, 4G0615404, 4G0615404B, 4G0615404C, 8K0615403B, 8K0615404B; Korjaussarja, Jarrusatula<\/p>\n","protected":false},"excerpt":{"rendered":"<p>AUTOFREN SEINSA Jarrusatula Korjaussarja D42257C Korjaussarja, Jarrusatula AUDI,LAND ROVER,A4 Avant 8K5, B8,A6 Avant 4F5, C6,A4 8K2, B8,Q5 8R<\/p>\n","protected":false},"featured_media":0,"template":"","meta":{"site-sidebar-layout":"default","site-content-layout":"default","ast-global-header-display":"","ast-main-header-display":"","ast-hfb-above-header-display":"","ast-hfb-below-header-display":"","ast-hfb-mobile-header-display":"","site-post-title":"","ast-breadcrumbs-content":"","ast-featured-img":"","footer-sml-layout":"","theme-transparent-header-meta":"","adv-header-id-meta":"","stick-header-meta":"","header-above-stick-meta":"","header-main-stick-meta":"","header-below-stick-meta":""},"pwb-brand":[243],"product_cat":[57],"product_tag":[],"class_list":{"0":"post-87019","1":"product","2":"type-product","3":"status-publish","5":"pwb-brand-autofren-seinsa","6":"product_cat-jarrusatula-korjaussarja","7":"desktop-align-left","8":"tablet-align-left","9":"mobile-align-left","11":"first","12":"instock","13":"product-type-external"},"brands":[{"id":243,"name":"AUTOFREN SEINSA","slug":"autofren-seinsa"}],"_links":{"self":[{"href":"https:\/\/www.autonvaraosahaku.fi\/index.php?rest_route=\/wp\/v2\/product\/87019","targetHints":{"allow":["GET"]}}],"collection":[{"href":"https:\/\/www.autonvaraosahaku.fi\/index.php?rest_route=\/wp\/v2\/product"}],"about":[{"href":"https:\/\/www.autonvaraosahaku.fi\/index.php?rest_route=\/wp\/v2\/types\/product"}],"wp:attachment":[{"href":"https:\/\/www.autonvaraosahaku.fi\/index.php?rest_route=%2Fwp%2Fv2%2Fmedia&parent=87019"}],"wp:term":[{"taxonomy":"pwb-brand","embeddable":true,"href":"https:\/\/www.autonvaraosahaku.fi\/index.php?rest_route=%2Fwp%2Fv2%2Fpwb-brand&post=87019"},{"taxonomy":"product_cat","embeddable":true,"href":"https:\/\/www.autonvaraosahaku.fi\/index.php?rest_route=%2Fwp%2Fv2%2Fproduct_cat&post=87019"},{"taxonomy":"product_tag","embeddable":true,"href":"https:\/\/www.autonvaraosahaku.fi\/index.php?rest_route=%2Fwp%2Fv2%2Fproduct_tag&post=87019"}],"curies":[{"name":"wp","href":"https:\/\/api.w.org\/{rel}","templated":true}]}}