{"id":87032,"date":"2021-02-21T20:52:34","date_gmt":"2021-02-21T20:52:34","guid":{"rendered":"https:\/\/www.autonvaraosahaku.fi\/?product=metelli-23-0369c-jarrulevyt"},"modified":"2021-02-21T20:52:35","modified_gmt":"2021-02-21T20:52:35","slug":"metelli-23-0369c-jarrulevyt","status":"publish","type":"product","link":"https:\/\/www.autonvaraosahaku.fi\/?product=metelli-23-0369c-jarrulevyt","title":{"rendered":"METELLI 23-0369C Jarrulevyt"},"content":{"rendered":"<p>V\u00e4himm\u00e4ispaksuus (mm): 20,2; Reikien m\u00e4\u00e4r\u00e4: 4; Korkeus (mm): 43,5; Reik\u00e4ympyr\u00e4-\u00d8 [mm]: 59,0; Jarrulevyn paksuus (mm): 22,0; Pinta: Lakattu; t\u00e4ytt\u00e4\u00e4 ECE-normin: Approved; Ulkol\u00e4pimitta [mm]: 284,0; Jarrulevytyyppi: Tuuletettu; Asennuspuoli: Vorderachse; ABARTH: 500 \/ 595 312_,500C \/ 595C 312_; LANCIA: DELTA III 844,MUSA 350,LYBRA SW 839BX,DELTA I 831AB0,LYBRA 839AX,THEMA 834,DELTA II 836,THEMA SW 834; FIAT: STILO 192,BRAVO II 198,DOBLO Cargo 223,STILO Multi Wagon 192,DOBLO 119,IDEA,COUPE FA\/175,QUBO 225,BRAVO I 182,MAREA Weekend 185,FIORINO Kasten\/Kombi 225,LINEA 323,CROMA 154,STRADA Pick-up 578_,MAREA 185; CITRO\u00cbN: NEMO Kasten AA_,NEMO Kombi; ALFA ROMEO: 155 167; PEUGEOT: BIPPER AA_,BIPPER Tepee; 46403088, 46403959, 46445004, 46455892, 51920094, 60813038, 82433918, 82440356, 82450657, 82451746, 46403088, 60806135, 60810404, 60812422, 60813038, 46403088, 46403959, 46445004, 46455892, 51920094, 60813038, 82433918, 82440356, 82450657, 82451746, 46403088, 46403959, 46445004, 46455892, 46758714, 60813038, 71769483, 82450657; Jarrulevy<\/p>\n","protected":false},"excerpt":{"rendered":"<p>METELLI Jarrulevyt 23-0369C Jarrulevy ABARTH,LANCIA,FIAT,500 \/ 595 312_,500C \/ 595C 312_,DELTA III 844,MUSA 350,LYBRA SW 839BX,DELTA I 831AB0<\/p>\n","protected":false},"featured_media":0,"template":"","meta":{"site-sidebar-layout":"default","site-content-layout":"default","ast-global-header-display":"","ast-main-header-display":"","ast-hfb-above-header-display":"","ast-hfb-below-header-display":"","ast-hfb-mobile-header-display":"","site-post-title":"","ast-breadcrumbs-content":"","ast-featured-img":"","footer-sml-layout":"","theme-transparent-header-meta":"","adv-header-id-meta":"","stick-header-meta":"","header-above-stick-meta":"","header-main-stick-meta":"","header-below-stick-meta":""},"pwb-brand":[251],"product_cat":[66],"product_tag":[],"class_list":{"0":"post-87032","1":"product","2":"type-product","3":"status-publish","5":"pwb-brand-metelli","6":"product_cat-jarrulevyt","7":"desktop-align-left","8":"tablet-align-left","9":"mobile-align-left","11":"first","12":"instock","13":"product-type-external"},"brands":[{"id":251,"name":"METELLI","slug":"metelli"}],"_links":{"self":[{"href":"https:\/\/www.autonvaraosahaku.fi\/index.php?rest_route=\/wp\/v2\/product\/87032","targetHints":{"allow":["GET"]}}],"collection":[{"href":"https:\/\/www.autonvaraosahaku.fi\/index.php?rest_route=\/wp\/v2\/product"}],"about":[{"href":"https:\/\/www.autonvaraosahaku.fi\/index.php?rest_route=\/wp\/v2\/types\/product"}],"wp:attachment":[{"href":"https:\/\/www.autonvaraosahaku.fi\/index.php?rest_route=%2Fwp%2Fv2%2Fmedia&parent=87032"}],"wp:term":[{"taxonomy":"pwb-brand","embeddable":true,"href":"https:\/\/www.autonvaraosahaku.fi\/index.php?rest_route=%2Fwp%2Fv2%2Fpwb-brand&post=87032"},{"taxonomy":"product_cat","embeddable":true,"href":"https:\/\/www.autonvaraosahaku.fi\/index.php?rest_route=%2Fwp%2Fv2%2Fproduct_cat&post=87032"},{"taxonomy":"product_tag","embeddable":true,"href":"https:\/\/www.autonvaraosahaku.fi\/index.php?rest_route=%2Fwp%2Fv2%2Fproduct_tag&post=87032"}],"curies":[{"name":"wp","href":"https:\/\/api.w.org\/{rel}","templated":true}]}}