{"id":87035,"date":"2021-02-21T20:52:34","date_gmt":"2021-02-21T20:52:34","guid":{"rendered":"https:\/\/www.autonvaraosahaku.fi\/?product=payen-nj378-kampiakselin-tiiviste"},"modified":"2021-02-21T20:52:36","modified_gmt":"2021-02-21T20:52:36","slug":"payen-nj378-kampiakselin-tiiviste","status":"publish","type":"product","link":"https:\/\/www.autonvaraosahaku.fi\/?product=payen-nj378-kampiakselin-tiiviste","title":{"rendered":"PAYEN NJ378 Kampiakselin tiiviste"},"content":{"rendered":"<p>Korkeus (mm): 8,00; Materiaali: ACM (polyakryyli-kautsu); Sis\u00e4l\u00e4pimitta [mm]: 68,00; Ulkol\u00e4pimitta [mm]: 86,00; Akselitiivisteen malli: 827S LD; Py\u00f6rimissuunta: Py\u00f6rimissuunta vastap\u00e4iv\u00e4\u00e4n; Asennuspuoli: getriebeseitig; SUZUKI: JIMNY FJ,GRAND VITARA II JT,SAMURAI SJ,GRAND VITARA I FT,WAGON R+ MM,SWIFT II Schr\u00e4gheck EA, MA,VITARA ET, TA,VITARA Cabrio ET, TA,SJ 413,WAGON R+ EM,BALENO Kombi EG,BALENO EG,BALENO Schr\u00e4gheck EG,ALTO HA12, HA23,JIMNY SJ, JA, JB,ALTO HA11,X-90 EL,SWIFT I AA,WAGON R,SWIFT Cabriolet SF413,SWIFT II Stufenheck AH, AJ,CARRY Kasten FD,GRAND VITARA I Cabriolet GT,JIMNY Gel\u00e4ndewagen offen SN,SAMURAI Gel\u00e4ndewagen offen SJ,CARRY Pick-up FD; SUBARU: JUSTY II JMA, MS; 0928368001; Akselitiiviste, Kampiakseli<\/p>\n","protected":false},"excerpt":{"rendered":"<p>PAYEN Kampiakselin Tiiviste NJ378 Akselitiiviste, Kampiakseli SUZUKI,SUBARU,JIMNY FJ,GRAND VITARA II JT,SAMURAI SJ,GRAND VITARA I FT,WAGON R+ MM<\/p>\n","protected":false},"featured_media":0,"template":"","meta":{"site-sidebar-layout":"default","site-content-layout":"default","ast-global-header-display":"","ast-main-header-display":"","ast-hfb-above-header-display":"","ast-hfb-below-header-display":"","ast-hfb-mobile-header-display":"","site-post-title":"","ast-breadcrumbs-content":"","ast-featured-img":"","footer-sml-layout":"","theme-transparent-header-meta":"","adv-header-id-meta":"","stick-header-meta":"","header-above-stick-meta":"","header-main-stick-meta":"","header-below-stick-meta":""},"pwb-brand":[329],"product_cat":[88],"product_tag":[],"class_list":{"0":"post-87035","1":"product","2":"type-product","3":"status-publish","5":"pwb-brand-payen","6":"product_cat-kampiakselin-tiiviste","7":"desktop-align-left","8":"tablet-align-left","9":"mobile-align-left","11":"first","12":"instock","13":"product-type-external"},"brands":[{"id":329,"name":"PAYEN","slug":"payen"}],"_links":{"self":[{"href":"https:\/\/www.autonvaraosahaku.fi\/index.php?rest_route=\/wp\/v2\/product\/87035","targetHints":{"allow":["GET"]}}],"collection":[{"href":"https:\/\/www.autonvaraosahaku.fi\/index.php?rest_route=\/wp\/v2\/product"}],"about":[{"href":"https:\/\/www.autonvaraosahaku.fi\/index.php?rest_route=\/wp\/v2\/types\/product"}],"wp:attachment":[{"href":"https:\/\/www.autonvaraosahaku.fi\/index.php?rest_route=%2Fwp%2Fv2%2Fmedia&parent=87035"}],"wp:term":[{"taxonomy":"pwb-brand","embeddable":true,"href":"https:\/\/www.autonvaraosahaku.fi\/index.php?rest_route=%2Fwp%2Fv2%2Fpwb-brand&post=87035"},{"taxonomy":"product_cat","embeddable":true,"href":"https:\/\/www.autonvaraosahaku.fi\/index.php?rest_route=%2Fwp%2Fv2%2Fproduct_cat&post=87035"},{"taxonomy":"product_tag","embeddable":true,"href":"https:\/\/www.autonvaraosahaku.fi\/index.php?rest_route=%2Fwp%2Fv2%2Fproduct_tag&post=87035"}],"curies":[{"name":"wp","href":"https:\/\/api.w.org\/{rel}","templated":true}]}}