{"id":8704,"date":"2021-02-21T14:03:48","date_gmt":"2021-02-21T14:03:48","guid":{"rendered":"https:\/\/www.autonvaraosahaku.fi\/?product=master-sport-13046039772n-set-ms-jarrupalat"},"modified":"2021-02-21T14:03:49","modified_gmt":"2021-02-21T14:03:49","slug":"master-sport-13046039772n-set-ms-jarrupalat","status":"publish","type":"product","link":"https:\/\/www.autonvaraosahaku.fi\/?product=master-sport-13046039772n-set-ms-jarrupalat","title":{"rendered":"MASTER-SPORT 13046039772N-SET-MS Jarrupalat"},"content":{"rendered":"<p>Paksuus [mm]: 18,0; Jarruj\u00e4rjestelm\u00e4: Bosch; Leveys (mm): 130,7; Korkeus (mm): 47,2; Ruuvien m\u00e4\u00e4r\u00e4: 2; Kulumisenilmaisimen liitos: Kulumisenilmaisemelle, Ilman kulumisenilmaisinta; Korvaava tuote\/korvaava tiedote 2: Huudonvaimennuspellill\u00e4; Nettopaino [kg]: 1,18; Bruttopaino [kg]: 1,23; Asennuspuoli: Vorderachse; NISSAN: KUBISTAR Kasten X80; CITRO\u00cbN: XSARA N1,XSARA Coupe N0,XSARA Kasten\/Schr\u00e4gheck; RENAULT: KANGOO KC0\/1_,KANGOO Express FC0\/1_; 425169, 425192, 425205, 4106000QAF, 4106000QAG, 7701205513, 7701205995, 7701205996, 7701206811, 7701208142, 8671014265; Jarrupalasarja,Jarrupala, Levyjarru<\/p>\n","protected":false},"excerpt":{"rendered":"<p>MASTER-SPORT Jarrupalat Premium 13046039772N-SET-MS Jarrupalasarja,Jarrupala, Levyjarru NISSAN,CITRO\u00cbN,RENAULT,KUBISTAR Kasten X80,XSARA N1<\/p>\n","protected":false},"featured_media":0,"template":"","meta":{"site-sidebar-layout":"default","site-content-layout":"default","ast-global-header-display":"","ast-main-header-display":"","ast-hfb-above-header-display":"","ast-hfb-below-header-display":"","ast-hfb-mobile-header-display":"","site-post-title":"","ast-breadcrumbs-content":"","ast-featured-img":"","footer-sml-layout":"","theme-transparent-header-meta":"","adv-header-id-meta":"","stick-header-meta":"","header-above-stick-meta":"","header-main-stick-meta":"","header-below-stick-meta":""},"pwb-brand":[61],"product_cat":[100],"product_tag":[],"class_list":{"0":"post-8704","1":"product","2":"type-product","3":"status-publish","5":"pwb-brand-master-sport","6":"product_cat-jarrupalat","7":"desktop-align-left","8":"tablet-align-left","9":"mobile-align-left","11":"first","12":"instock","13":"product-type-external"},"brands":[{"id":61,"name":"MASTER-SPORT","slug":"master-sport"}],"_links":{"self":[{"href":"https:\/\/www.autonvaraosahaku.fi\/index.php?rest_route=\/wp\/v2\/product\/8704","targetHints":{"allow":["GET"]}}],"collection":[{"href":"https:\/\/www.autonvaraosahaku.fi\/index.php?rest_route=\/wp\/v2\/product"}],"about":[{"href":"https:\/\/www.autonvaraosahaku.fi\/index.php?rest_route=\/wp\/v2\/types\/product"}],"wp:attachment":[{"href":"https:\/\/www.autonvaraosahaku.fi\/index.php?rest_route=%2Fwp%2Fv2%2Fmedia&parent=8704"}],"wp:term":[{"taxonomy":"pwb-brand","embeddable":true,"href":"https:\/\/www.autonvaraosahaku.fi\/index.php?rest_route=%2Fwp%2Fv2%2Fpwb-brand&post=8704"},{"taxonomy":"product_cat","embeddable":true,"href":"https:\/\/www.autonvaraosahaku.fi\/index.php?rest_route=%2Fwp%2Fv2%2Fproduct_cat&post=8704"},{"taxonomy":"product_tag","embeddable":true,"href":"https:\/\/www.autonvaraosahaku.fi\/index.php?rest_route=%2Fwp%2Fv2%2Fproduct_tag&post=8704"}],"curies":[{"name":"wp","href":"https:\/\/api.w.org\/{rel}","templated":true}]}}