{"id":87062,"date":"2021-02-21T20:52:42","date_gmt":"2021-02-21T20:52:42","guid":{"rendered":"https:\/\/www.autonvaraosahaku.fi\/?product=jp-group-1414250400-paisuntasailion-korkki"},"modified":"2021-02-21T20:52:46","modified_gmt":"2021-02-21T20:52:46","slug":"jp-group-1414250400-paisuntasailion-korkki","status":"publish","type":"product","link":"https:\/\/www.autonvaraosahaku.fi\/?product=jp-group-1414250400-paisuntasailion-korkki","title":{"rendered":"JP GROUP 1414250400 Paisuntas\u00e4ili\u00f6n korkki"},"content":{"rendered":"<p>V\u00e4ri: Musta; Materiaali: Muovi; Kytkent\u00e4piste (bar): 2; Alustanumeroon: (V)1A001049; BMW: 3 E46,5 E39,3 Touring E46,X3 E83,5 Touring E39,5 Touring F11,5 F10, F18,3 Compact E46,3 Coupe E46,3 Compact E36,3 E36,X5 E53,3 Cabriolet E46,7 E38,3 Coupe E36,Z3 E36,Z4 E85,5 E34,7 E65, E66, E67,3 Cabriolet E36,3 Touring E36,7 E32,8 E31,5 Touring E34,Z3 Coupe E36,Z4 Coupe E86,Z8 E52; LAND ROVER: RANGE ROVER III LM; 17110152374, 17111712492, 17111712669, 17111742231, 17117639022, 17119071581, PCD100200L; Korkki, Paisuntas\u00e4ili\u00f6<\/p>\n","protected":false},"excerpt":{"rendered":"<p>JP GROUP Paisuntas\u00e4ili\u00f6n Korkki JP Group 1414250400 Korkki, Paisuntas\u00e4ili\u00f6 BMW,LAND ROVER,3 E46,5 E39,3 Touring E46,X3 E83,5 Touring E39,5 Touring F11<\/p>\n","protected":false},"featured_media":0,"template":"","meta":{"site-sidebar-layout":"default","site-content-layout":"default","ast-global-header-display":"","ast-main-header-display":"","ast-hfb-above-header-display":"","ast-hfb-below-header-display":"","ast-hfb-mobile-header-display":"","site-post-title":"","ast-breadcrumbs-content":"","ast-featured-img":"","footer-sml-layout":"","theme-transparent-header-meta":"","adv-header-id-meta":"","stick-header-meta":"","header-above-stick-meta":"","header-main-stick-meta":"","header-below-stick-meta":""},"pwb-brand":[131],"product_cat":[99],"product_tag":[],"class_list":{"0":"post-87062","1":"product","2":"type-product","3":"status-publish","5":"pwb-brand-jp-group","6":"product_cat-paisuntasailion-korkki","7":"desktop-align-left","8":"tablet-align-left","9":"mobile-align-left","11":"first","12":"instock","13":"product-type-external"},"brands":[{"id":131,"name":"JP GROUP","slug":"jp-group"}],"_links":{"self":[{"href":"https:\/\/www.autonvaraosahaku.fi\/index.php?rest_route=\/wp\/v2\/product\/87062","targetHints":{"allow":["GET"]}}],"collection":[{"href":"https:\/\/www.autonvaraosahaku.fi\/index.php?rest_route=\/wp\/v2\/product"}],"about":[{"href":"https:\/\/www.autonvaraosahaku.fi\/index.php?rest_route=\/wp\/v2\/types\/product"}],"wp:attachment":[{"href":"https:\/\/www.autonvaraosahaku.fi\/index.php?rest_route=%2Fwp%2Fv2%2Fmedia&parent=87062"}],"wp:term":[{"taxonomy":"pwb-brand","embeddable":true,"href":"https:\/\/www.autonvaraosahaku.fi\/index.php?rest_route=%2Fwp%2Fv2%2Fpwb-brand&post=87062"},{"taxonomy":"product_cat","embeddable":true,"href":"https:\/\/www.autonvaraosahaku.fi\/index.php?rest_route=%2Fwp%2Fv2%2Fproduct_cat&post=87062"},{"taxonomy":"product_tag","embeddable":true,"href":"https:\/\/www.autonvaraosahaku.fi\/index.php?rest_route=%2Fwp%2Fv2%2Fproduct_tag&post=87062"}],"curies":[{"name":"wp","href":"https:\/\/api.w.org\/{rel}","templated":true}]}}