{"id":87063,"date":"2021-02-21T20:52:42","date_gmt":"2021-02-21T20:52:42","guid":{"rendered":"https:\/\/www.autonvaraosahaku.fi\/?product=jp-group-1393200300-lampokytkin-jaahdyttimen-puhallin"},"modified":"2021-02-21T20:52:46","modified_gmt":"2021-02-21T20:52:46","slug":"jp-group-1393200300-lampokytkin-jaahdyttimen-puhallin","status":"publish","type":"product","link":"https:\/\/www.autonvaraosahaku.fi\/?product=jp-group-1393200300-lampokytkin-jaahdyttimen-puhallin","title":{"rendered":"JP GROUP 1393200300 L\u00e4mp\u00f6kytkin j\u00e4\u00e4hdyttimen puhallin"},"content":{"rendered":"<p>Liittimi\u00e4: 2, 2; Vaihtopiste alkaen [\u00b0C]: 95; Vaihtopiste enint. [\u00b0C]: 100; Avainv\u00e4li: 22; Materiaali: Messinki; Kytkent\u00e4piste (\u00b0C): 100, 95; Paino [kg]: 0,025; Tarvittava kappalem\u00e4\u00e4r\u00e4: 1; Moottorinumero: M 102.961; MERCEDES-BENZ: 190 W201,Stufenheck W124,KOMBI Kombi S124,E-CLASS W124,G-CLASS W463,COUPE C124,S-CLASS W140,S-CLASS Coupe C140,G-CLASS Cabrio W463; 0065451524, 0065454024, A0065451524, A0065454024<\/p>\n","protected":false},"excerpt":{"rendered":"<p>JP GROUP L\u00e4mp\u00f6kytkin J\u00e4\u00e4hdyttimen Puhallin JP Group 1393200300  MERCEDES-BENZ,190 W201,Stufenheck W124,KOMBI Kombi S124,E-CLASS W124,G-CLASS W463<\/p>\n","protected":false},"featured_media":0,"template":"","meta":{"site-sidebar-layout":"default","site-content-layout":"default","ast-global-header-display":"","ast-main-header-display":"","ast-hfb-above-header-display":"","ast-hfb-below-header-display":"","ast-hfb-mobile-header-display":"","site-post-title":"","ast-breadcrumbs-content":"","ast-featured-img":"","footer-sml-layout":"","theme-transparent-header-meta":"","adv-header-id-meta":"","stick-header-meta":"","header-above-stick-meta":"","header-main-stick-meta":"","header-below-stick-meta":""},"pwb-brand":[131],"product_cat":[290],"product_tag":[],"class_list":{"0":"post-87063","1":"product","2":"type-product","3":"status-publish","5":"pwb-brand-jp-group","6":"product_cat-lampokytkin-jaahdyttimen-puhallin","7":"desktop-align-left","8":"tablet-align-left","9":"mobile-align-left","11":"first","12":"instock","13":"product-type-external"},"brands":[{"id":131,"name":"JP GROUP","slug":"jp-group"}],"_links":{"self":[{"href":"https:\/\/www.autonvaraosahaku.fi\/index.php?rest_route=\/wp\/v2\/product\/87063","targetHints":{"allow":["GET"]}}],"collection":[{"href":"https:\/\/www.autonvaraosahaku.fi\/index.php?rest_route=\/wp\/v2\/product"}],"about":[{"href":"https:\/\/www.autonvaraosahaku.fi\/index.php?rest_route=\/wp\/v2\/types\/product"}],"wp:attachment":[{"href":"https:\/\/www.autonvaraosahaku.fi\/index.php?rest_route=%2Fwp%2Fv2%2Fmedia&parent=87063"}],"wp:term":[{"taxonomy":"pwb-brand","embeddable":true,"href":"https:\/\/www.autonvaraosahaku.fi\/index.php?rest_route=%2Fwp%2Fv2%2Fpwb-brand&post=87063"},{"taxonomy":"product_cat","embeddable":true,"href":"https:\/\/www.autonvaraosahaku.fi\/index.php?rest_route=%2Fwp%2Fv2%2Fproduct_cat&post=87063"},{"taxonomy":"product_tag","embeddable":true,"href":"https:\/\/www.autonvaraosahaku.fi\/index.php?rest_route=%2Fwp%2Fv2%2Fproduct_tag&post=87063"}],"curies":[{"name":"wp","href":"https:\/\/api.w.org\/{rel}","templated":true}]}}