{"id":87065,"date":"2021-02-21T20:52:42","date_gmt":"2021-02-21T20:52:42","guid":{"rendered":"https:\/\/www.autonvaraosahaku.fi\/?product=jurid-151073j-jarruneste"},"modified":"2021-02-21T20:52:47","modified_gmt":"2021-02-21T20:52:47","slug":"jurid-151073j-jarruneste","status":"publish","type":"product","link":"https:\/\/www.autonvaraosahaku.fi\/?product=jurid-151073j-jarruneste","title":{"rendered":"JURID 151073J Jarruneste"},"content":{"rendered":"<p>Tilavuus (litra): 0.985; Pakkaustyyppi: S\u00e4ili\u00f6; Viskositeettiluokka SAE: 1350; Erittely: Jurid DOT4 55+; Kuivakiehumispiste [\u00b0C]: 240; M\u00e4rk\u00e4n\u00e4kiehumispiste [\u00b0C]: 159; DOT mukaisuus: DOT 4<\/p>\n","protected":false},"excerpt":{"rendered":"<p>JURID Jarruneste 151073J<\/p>\n","protected":false},"featured_media":0,"template":"","meta":{"site-sidebar-layout":"default","site-content-layout":"default","ast-global-header-display":"","ast-main-header-display":"","ast-hfb-above-header-display":"","ast-hfb-below-header-display":"","ast-hfb-mobile-header-display":"","site-post-title":"","ast-breadcrumbs-content":"","ast-featured-img":"","footer-sml-layout":"","theme-transparent-header-meta":"","adv-header-id-meta":"","stick-header-meta":"","header-above-stick-meta":"","header-main-stick-meta":"","header-below-stick-meta":""},"pwb-brand":[247],"product_cat":[142],"product_tag":[],"class_list":{"0":"post-87065","1":"product","2":"type-product","3":"status-publish","5":"pwb-brand-jurid","6":"product_cat-jarruneste","7":"desktop-align-left","8":"tablet-align-left","9":"mobile-align-left","11":"first","12":"instock","13":"product-type-external"},"brands":[{"id":247,"name":"JURID","slug":"jurid"}],"_links":{"self":[{"href":"https:\/\/www.autonvaraosahaku.fi\/index.php?rest_route=\/wp\/v2\/product\/87065","targetHints":{"allow":["GET"]}}],"collection":[{"href":"https:\/\/www.autonvaraosahaku.fi\/index.php?rest_route=\/wp\/v2\/product"}],"about":[{"href":"https:\/\/www.autonvaraosahaku.fi\/index.php?rest_route=\/wp\/v2\/types\/product"}],"wp:attachment":[{"href":"https:\/\/www.autonvaraosahaku.fi\/index.php?rest_route=%2Fwp%2Fv2%2Fmedia&parent=87065"}],"wp:term":[{"taxonomy":"pwb-brand","embeddable":true,"href":"https:\/\/www.autonvaraosahaku.fi\/index.php?rest_route=%2Fwp%2Fv2%2Fpwb-brand&post=87065"},{"taxonomy":"product_cat","embeddable":true,"href":"https:\/\/www.autonvaraosahaku.fi\/index.php?rest_route=%2Fwp%2Fv2%2Fproduct_cat&post=87065"},{"taxonomy":"product_tag","embeddable":true,"href":"https:\/\/www.autonvaraosahaku.fi\/index.php?rest_route=%2Fwp%2Fv2%2Fproduct_tag&post=87065"}],"curies":[{"name":"wp","href":"https:\/\/api.w.org\/{rel}","templated":true}]}}