{"id":87068,"date":"2021-02-21T20:52:42","date_gmt":"2021-02-21T20:52:42","guid":{"rendered":"https:\/\/www.autonvaraosahaku.fi\/?product=sidem-851633-tukivarren-hela"},"modified":"2021-02-21T20:52:48","modified_gmt":"2021-02-21T20:52:48","slug":"sidem-851633-tukivarren-hela","status":"publish","type":"product","link":"https:\/\/www.autonvaraosahaku.fi\/?product=sidem-851633-tukivarren-hela","title":{"rendered":"SIDEM 851633 Tukivarren hela"},"content":{"rendered":"<p>Asennuspuoli: Takana, Alla, etuakseli molemminpuoleinen; Kokonaispituus (mm): 60; Sis\u00e4l\u00e4pimitta [mm]: 12,1; Ulkol\u00e4pimitta [mm]: 41,8; Ohjausmalli: Poikittaistukivarsi; Kiinnitysmalli: Kumimetallilaakeri; MAZDA: MX-5 II NB,MX-5 I NA; NA0134490<\/p>\n","protected":false},"excerpt":{"rendered":"<p>SIDEM Tukivarren Hela 851633  MAZDA,MX-5 II NB,MX-5 I NA<\/p>\n","protected":false},"featured_media":0,"template":"","meta":{"site-sidebar-layout":"default","site-content-layout":"default","ast-global-header-display":"","ast-main-header-display":"","ast-hfb-above-header-display":"","ast-hfb-below-header-display":"","ast-hfb-mobile-header-display":"","site-post-title":"","ast-breadcrumbs-content":"","ast-featured-img":"","footer-sml-layout":"","theme-transparent-header-meta":"","adv-header-id-meta":"","stick-header-meta":"","header-above-stick-meta":"","header-main-stick-meta":"","header-below-stick-meta":""},"pwb-brand":[195],"product_cat":[115],"product_tag":[],"class_list":{"0":"post-87068","1":"product","2":"type-product","3":"status-publish","5":"pwb-brand-sidem","6":"product_cat-tukivarren-hela","7":"desktop-align-left","8":"tablet-align-left","9":"mobile-align-left","11":"first","12":"instock","13":"product-type-external"},"brands":[{"id":195,"name":"SIDEM","slug":"sidem"}],"_links":{"self":[{"href":"https:\/\/www.autonvaraosahaku.fi\/index.php?rest_route=\/wp\/v2\/product\/87068","targetHints":{"allow":["GET"]}}],"collection":[{"href":"https:\/\/www.autonvaraosahaku.fi\/index.php?rest_route=\/wp\/v2\/product"}],"about":[{"href":"https:\/\/www.autonvaraosahaku.fi\/index.php?rest_route=\/wp\/v2\/types\/product"}],"wp:attachment":[{"href":"https:\/\/www.autonvaraosahaku.fi\/index.php?rest_route=%2Fwp%2Fv2%2Fmedia&parent=87068"}],"wp:term":[{"taxonomy":"pwb-brand","embeddable":true,"href":"https:\/\/www.autonvaraosahaku.fi\/index.php?rest_route=%2Fwp%2Fv2%2Fpwb-brand&post=87068"},{"taxonomy":"product_cat","embeddable":true,"href":"https:\/\/www.autonvaraosahaku.fi\/index.php?rest_route=%2Fwp%2Fv2%2Fproduct_cat&post=87068"},{"taxonomy":"product_tag","embeddable":true,"href":"https:\/\/www.autonvaraosahaku.fi\/index.php?rest_route=%2Fwp%2Fv2%2Fproduct_tag&post=87068"}],"curies":[{"name":"wp","href":"https:\/\/api.w.org\/{rel}","templated":true}]}}