{"id":87070,"date":"2021-02-21T20:52:49","date_gmt":"2021-02-21T20:52:49","guid":{"rendered":"https:\/\/www.autonvaraosahaku.fi\/?product=ridex-70b0048-jarrukengat"},"modified":"2021-02-21T20:52:50","modified_gmt":"2021-02-21T20:52:50","slug":"ridex-70b0048-jarrukengat","status":"publish","type":"product","link":"https:\/\/www.autonvaraosahaku.fi\/?product=ridex-70b0048-jarrukengat","title":{"rendered":"RIDEX 70B0048 Jarrukeng\u00e4t"},"content":{"rendered":"<p>L\u00e4pimitta [mm]: 180; Leveys (mm): 37; Jarruj\u00e4rjestelm\u00e4: Akebono; Lis\u00e4tarvike\/lis\u00e4tieto: Vivulla; Asennuspuoli: Taka-akseli, Hinterachse; MITSUBISHI: COLT V CJ_, CP_,COLT IV CA_A,COLT III C5_A,LANCER VI CJ-CP_,LANCER V CB\/D_A,LANCER IV C6_A, C7_A,LANCER IV Stufenheck C6_A; 4800A101, MB668740, MB668742, MB668745, MB668746, MB668747, MB858665, MB858684, MB858685, MB858686, MN102632, MB858685, MB858686, PC351601, PC351603; Jarrukenk\u00e4sarja<\/p>\n","protected":false},"excerpt":{"rendered":"<p>RIDEX Jarrukeng\u00e4t 70B0048 Jarrukenk\u00e4sarja MITSUBISHI,COLT V CJ_, CP_,COLT IV CA_A,COLT III C5_A,LANCER VI CJ-CP_,LANCER V CB\/D_A,LANCER IV C6_A, C7_A<\/p>\n","protected":false},"featured_media":0,"template":"","meta":{"site-sidebar-layout":"default","site-content-layout":"default","ast-global-header-display":"","ast-main-header-display":"","ast-hfb-above-header-display":"","ast-hfb-below-header-display":"","ast-hfb-mobile-header-display":"","site-post-title":"","ast-breadcrumbs-content":"","ast-featured-img":"","footer-sml-layout":"","theme-transparent-header-meta":"","adv-header-id-meta":"","stick-header-meta":"","header-above-stick-meta":"","header-main-stick-meta":"","header-below-stick-meta":""},"pwb-brand":[157],"product_cat":[176],"product_tag":[],"class_list":{"0":"post-87070","1":"product","2":"type-product","3":"status-publish","5":"pwb-brand-ridex","6":"product_cat-jarrukengat","7":"desktop-align-left","8":"tablet-align-left","9":"mobile-align-left","11":"first","12":"instock","13":"product-type-external"},"brands":[{"id":157,"name":"RIDEX","slug":"ridex"}],"_links":{"self":[{"href":"https:\/\/www.autonvaraosahaku.fi\/index.php?rest_route=\/wp\/v2\/product\/87070","targetHints":{"allow":["GET"]}}],"collection":[{"href":"https:\/\/www.autonvaraosahaku.fi\/index.php?rest_route=\/wp\/v2\/product"}],"about":[{"href":"https:\/\/www.autonvaraosahaku.fi\/index.php?rest_route=\/wp\/v2\/types\/product"}],"wp:attachment":[{"href":"https:\/\/www.autonvaraosahaku.fi\/index.php?rest_route=%2Fwp%2Fv2%2Fmedia&parent=87070"}],"wp:term":[{"taxonomy":"pwb-brand","embeddable":true,"href":"https:\/\/www.autonvaraosahaku.fi\/index.php?rest_route=%2Fwp%2Fv2%2Fpwb-brand&post=87070"},{"taxonomy":"product_cat","embeddable":true,"href":"https:\/\/www.autonvaraosahaku.fi\/index.php?rest_route=%2Fwp%2Fv2%2Fproduct_cat&post=87070"},{"taxonomy":"product_tag","embeddable":true,"href":"https:\/\/www.autonvaraosahaku.fi\/index.php?rest_route=%2Fwp%2Fv2%2Fproduct_tag&post=87070"}],"curies":[{"name":"wp","href":"https:\/\/api.w.org\/{rel}","templated":true}]}}