{"id":87084,"date":"2021-02-21T20:52:49","date_gmt":"2021-02-21T20:52:49","guid":{"rendered":"https:\/\/www.autonvaraosahaku.fi\/?product=alkar-2742437-ajovaloumpio"},"modified":"2021-02-21T20:52:54","modified_gmt":"2021-02-21T20:52:54","slug":"alkar-2742437-ajovaloumpio","status":"publish","type":"product","link":"https:\/\/www.autonvaraosahaku.fi\/?product=alkar-2742437-ajovaloumpio","title":{"rendered":"ALKAR 2742437 Ajovaloumpio"},"content":{"rendered":"<p>Asennuspuoli: Oikea; V\u00e4ri: Kromi; Lamppumalli: W5W, PY21W, H7, HB3; K\u00e4ytt\u00f6: S\u00e4hk\u00f6inen; Vasen \/ oikea liikenne: Ohjaus vasemmalla; Pinta: Kromattu; Valmistusvuoteen: 05\/2005; OPEL: ASTRA G CC F48_, F08_,ASTRA G Caravan F35_,ASTRA G Stufenheck F69_,ASTRA G Kasten F70; 1216156; Ajovalot,Etuvalot,Ajovalo<\/p>\n","protected":false},"excerpt":{"rendered":"<p>ALKAR Ajovaloumpio 2742437 Ajovalot,Etuvalot OPEL,ASTRA G CC F48_, F08_,ASTRA G Caravan F35_,ASTRA G Stufenheck F69_,ASTRA G Kasten F70<\/p>\n","protected":false},"featured_media":0,"template":"","meta":{"site-sidebar-layout":"default","site-content-layout":"default","ast-global-header-display":"","ast-main-header-display":"","ast-hfb-above-header-display":"","ast-hfb-below-header-display":"","ast-hfb-mobile-header-display":"","site-post-title":"","ast-breadcrumbs-content":"","ast-featured-img":"","footer-sml-layout":"","theme-transparent-header-meta":"","adv-header-id-meta":"","stick-header-meta":"","header-above-stick-meta":"","header-main-stick-meta":"","header-below-stick-meta":""},"pwb-brand":[320],"product_cat":[185],"product_tag":[],"class_list":{"0":"post-87084","1":"product","2":"type-product","3":"status-publish","5":"pwb-brand-alkar","6":"product_cat-ajovaloumpio","7":"desktop-align-left","8":"tablet-align-left","9":"mobile-align-left","11":"first","12":"instock","13":"product-type-external"},"brands":[{"id":320,"name":"ALKAR","slug":"alkar"}],"_links":{"self":[{"href":"https:\/\/www.autonvaraosahaku.fi\/index.php?rest_route=\/wp\/v2\/product\/87084","targetHints":{"allow":["GET"]}}],"collection":[{"href":"https:\/\/www.autonvaraosahaku.fi\/index.php?rest_route=\/wp\/v2\/product"}],"about":[{"href":"https:\/\/www.autonvaraosahaku.fi\/index.php?rest_route=\/wp\/v2\/types\/product"}],"wp:attachment":[{"href":"https:\/\/www.autonvaraosahaku.fi\/index.php?rest_route=%2Fwp%2Fv2%2Fmedia&parent=87084"}],"wp:term":[{"taxonomy":"pwb-brand","embeddable":true,"href":"https:\/\/www.autonvaraosahaku.fi\/index.php?rest_route=%2Fwp%2Fv2%2Fpwb-brand&post=87084"},{"taxonomy":"product_cat","embeddable":true,"href":"https:\/\/www.autonvaraosahaku.fi\/index.php?rest_route=%2Fwp%2Fv2%2Fproduct_cat&post=87084"},{"taxonomy":"product_tag","embeddable":true,"href":"https:\/\/www.autonvaraosahaku.fi\/index.php?rest_route=%2Fwp%2Fv2%2Fproduct_tag&post=87084"}],"curies":[{"name":"wp","href":"https:\/\/api.w.org\/{rel}","templated":true}]}}