{"id":87091,"date":"2021-02-21T20:52:57","date_gmt":"2021-02-21T20:52:57","guid":{"rendered":"https:\/\/www.autonvaraosahaku.fi\/?product=metzger-6110715-jarrulevyt"},"modified":"2021-02-21T20:52:58","modified_gmt":"2021-02-21T20:52:58","slug":"metzger-6110715-jarrulevyt","status":"publish","type":"product","link":"https:\/\/www.autonvaraosahaku.fi\/?product=metzger-6110715-jarrulevyt","title":{"rendered":"METZGER 6110715 Jarrulevyt"},"content":{"rendered":"<p>Jarrulevytyyppi: Tuuletettu, sis\u00e4; K\u00e4sittely: hiiliter\u00e4s; Ulkol\u00e4pimitta [mm]: 340; Jarrulevyn paksuus (mm): 30; V\u00e4himm\u00e4ispaksuus (mm): 27; Reikien m\u00e4\u00e4r\u00e4: 5; Korkeus (mm): 49,8; keskitt\u00e4misl\u00e4pimitta [mm]: 65; Pinta: pinnoitettu; Asennuspuoli: Vorderachse; VW: TIGUAN 5N_,PASSAT Variant 365,GOLF VII 5G1, BE1,GOLF VII Kombi BA5,PASSAT CC 357,PASSAT 362,CC 358,PASSAT ALLTRACK 365,PASSAT Variant 3G5,TIGUAN AD1,PASSAT 3G2,PASSAT ALLTRACK 3G5; AUDI: A3 Sportback 8VA,A3 Limousine 8VS,A3 8V1,A3 Cabriolet 8V7,TT FV3; SKODA: OCTAVIA Combi 5E5,OCTAVIA 5E3,SUPERB Kombi 3V5,SUPERB 3V3; SEAT: LEON 5F1,LEON ST 5F8,LEON SC 5F5; Jarrulevy<\/p>\n","protected":false},"excerpt":{"rendered":"<p>METZGER Jarrulevyt 6110715 Jarrulevy VW,AUDI,SKODA,TIGUAN 5N_,PASSAT Variant 365,GOLF VII 5G1, BE1,GOLF VII Kombi BA5,PASSAT CC 357,PASSAT 362,CC 358<\/p>\n","protected":false},"featured_media":0,"template":"","meta":{"site-sidebar-layout":"default","site-content-layout":"default","ast-global-header-display":"","ast-main-header-display":"","ast-hfb-above-header-display":"","ast-hfb-below-header-display":"","ast-hfb-mobile-header-display":"","site-post-title":"","ast-breadcrumbs-content":"","ast-featured-img":"","footer-sml-layout":"","theme-transparent-header-meta":"","adv-header-id-meta":"","stick-header-meta":"","header-above-stick-meta":"","header-main-stick-meta":"","header-below-stick-meta":""},"pwb-brand":[69],"product_cat":[66],"product_tag":[],"class_list":{"0":"post-87091","1":"product","2":"type-product","3":"status-publish","5":"pwb-brand-metzger","6":"product_cat-jarrulevyt","7":"desktop-align-left","8":"tablet-align-left","9":"mobile-align-left","11":"first","12":"instock","13":"product-type-external"},"brands":[{"id":69,"name":"METZGER","slug":"metzger"}],"_links":{"self":[{"href":"https:\/\/www.autonvaraosahaku.fi\/index.php?rest_route=\/wp\/v2\/product\/87091","targetHints":{"allow":["GET"]}}],"collection":[{"href":"https:\/\/www.autonvaraosahaku.fi\/index.php?rest_route=\/wp\/v2\/product"}],"about":[{"href":"https:\/\/www.autonvaraosahaku.fi\/index.php?rest_route=\/wp\/v2\/types\/product"}],"wp:attachment":[{"href":"https:\/\/www.autonvaraosahaku.fi\/index.php?rest_route=%2Fwp%2Fv2%2Fmedia&parent=87091"}],"wp:term":[{"taxonomy":"pwb-brand","embeddable":true,"href":"https:\/\/www.autonvaraosahaku.fi\/index.php?rest_route=%2Fwp%2Fv2%2Fpwb-brand&post=87091"},{"taxonomy":"product_cat","embeddable":true,"href":"https:\/\/www.autonvaraosahaku.fi\/index.php?rest_route=%2Fwp%2Fv2%2Fproduct_cat&post=87091"},{"taxonomy":"product_tag","embeddable":true,"href":"https:\/\/www.autonvaraosahaku.fi\/index.php?rest_route=%2Fwp%2Fv2%2Fproduct_tag&post=87091"}],"curies":[{"name":"wp","href":"https:\/\/api.w.org\/{rel}","templated":true}]}}