{"id":87107,"date":"2021-02-21T20:52:57","date_gmt":"2021-02-21T20:52:57","guid":{"rendered":"https:\/\/www.autonvaraosahaku.fi\/?product=ridex-458f0042-polttoainepumppu"},"modified":"2021-02-21T20:53:04","modified_gmt":"2021-02-21T20:53:04","slug":"ridex-458f0042-polttoainepumppu","status":"publish","type":"product","link":"https:\/\/www.autonvaraosahaku.fi\/?product=ridex-458f0042-polttoainepumppu","title":{"rendered":"RIDEX 458F0042 Polttoainepumppu"},"content":{"rendered":"<p>K\u00e4ytt\u00f6: S\u00e4hk\u00f6inen; K\u00e4ytt\u00f6paine (bar): 3; Siirtom\u00e4\u00e4r\u00e4 (l\/h): 95; Ruiskutusj\u00e4rjestelm\u00e4: MPI (monipiste); Liittimi\u00e4: 2; Valmistusvuoteen: 04\/1996; OPEL: ZAFIRA A F75_,ASTRA G CC F48_, F08_,ASTRA G Caravan F35_,CORSA B 73_, 78_, 79_,VECTRA B 36_,OMEGA B Caravan 21_, 22_, 23_,OMEGA B 25_, 26_, 27_,VECTRA B Caravan 31_,ASTRA G Cabriolet F67,ASTRA G Coupe F07_,COMBO Kasten\/Kombi,ASTRA G Stufenheck F69_,VECTRA B CC 38_,COMBO Tour,TIGRA 95_,COMBO 71_,ASTRA G Kasten F70,CORSA B Kombi F35; FORD: FOCUS DAW, DBW,FIESTA IV JA_, JB_,KA RB_,FOCUS Stufenheck DFW,SCORPIO I GAE, GGE,SCORPIO I Stufenheck GGE,SCORPIO I Kombi GGE; RENAULT: CLIO II BB0\/1\/2_, CB0\/1\/2_,SC\u00c9NIC II JM0\/1_,SC\u00c9NIC I JA0\/1_,MEGANE Scenic JA0\/1_,MEGANE I Classic LA0\/1_; FIAT: COUPE FA\/175,STRADA Pick-up 178E,BRAVO I 182,MAREA Weekend 185,MAREA 185; PEUGEOT: 206 Schr\u00e4gheck 2A\/C; TOYOTA: YARIS SCP1_, NLP1_, NCP1_,COROLLA Verso ZER_, ZZE12_, R1_,RAV 4 II CLA2_, XA2_, ZCA2_, ACA2_,COROLLA ZZE12_, NDE12_, ZDE12_,YARIS VERSO _NLP2_, _NCP2_,COROLLA Kombi _E12J_, _E12T_,AVENSIS _T22_,AVENSIS Station Wagon _T22_,RAV 4 I SXA1_,COROLLA Verso ZDE12_, CDE12_,PREVIA MCR3_, ACR3_, CLR3_,COROLLA Stufenheck _E12J_, _E12T_,PICNIC _XM10,LAND CRUISER 90 _J9_,AVENSIS VERSO _CLM2_, _ACM2_,STARLET _P8_,PASEO Coupe EL54,COROLLA Compact _E10_,CARINA E _T19_,CELICA ST20_, AT20_,COROLLA _E11_,CARINA E Stufenheck _T19_,CARINA E Sportswagon _T19_,PREVIA TCR2_, TCR1_,RAV 4 \u00a0 SXA1_,CAMRY MCV3_, ACV3_, _XV3_,CAMRY _CV2_, _XV2_,4 RUNNER RN10_, VZN13_, VZN10_, RN13_,HIACE IV Bus LH1_,PASEO Cabriolet EL54,PRIUS Stufenheck NHW11_,HIACE IV Kasten LXH1_, RZH1_, LH1_,CAMRY _CV1_, _XV1_, _V1_,HIACE IV Kasten TRH2_, KDH2_,CAMRY Station Wagon _XV1_, _CV1_, _V10,COROLLA Wagon _E10_,CAMRY Stufenheck _XV4_,HIACE \/ COMMUTER IV TRH2_, KDH2_,4 RUNNER RN5_, LN5_, VZN6_, RN7_, RN6_; HYUNDAI: i30 FD,GETZ TB,TUCSON JM,SANTA F\u00c9 I SM,SANTA F\u00c9 II CM,MATRIX FC,TRAJET FO,ix55,SONATA IV EF,ACCENT II LC,COUPE RD,H-1 Kasten,ACCENT III MC,H-1 \/ STAREX,ACCENT III Stufenheck MC,ACCENT I X-3,ACCENT II Stufenheck LC,GRANDEUR TG,XG XG,LANTRA II Wagon J-2,LANTRA II J-2,SANTAMO,ACCENT Stufenheck X-3,SONATA III Y-3,LANTRA I J-1,S COUPE SLC,H100 Bus P,HIGHWAY VAN,GENESIS BH,GRANDEUR HG; CITRO\u00cbN: C3 I FC_; NISSAN: MICRA II K11,PRIMERA P11,TERRANO II R20,PRIMERA Traveller WP11,PRIMERA Hatchback P11,PATHFINDER R50,PICK UP D21,SERENA C23M,200 SX S14,MAXIMA QX A32,VANETTE CARGO Kasten HC 23,VANETTE CARGO Bus HC 23,MAXIMA Station Wagon; MAZDA: MX-5 II NB,MX-5 I NA,DEMIO DW,323 P V BA,626 IV Hatchback GE,MX-3 EC,XEDOS 6 CA,323 C IV BG,FAMILIA IV BF,626 IV GE,FAMILIA V BA,FAMILIA V BG8,121 II DB,MX-6 GE,FAMILIA IV BG,MPV I LV; 46437229, 46443874, 46472793, 46474142, 46480607, 464806070, 60609932, 60623699, 60629615, 606519690, 60812839, 7782620, 7789626, 7694208, 7723931, 7723935, 93238459, 93249371, 93274454, 4762964, 4798941, 52018387, 52018390, 170427, 46437229, 46443874, 46472793, 46474142, 46480607, 464806070, 60609932, 60623699, 60629615, 606519690, 60812839, 7782620, 7789626, F1DUA3A, 93238459, 17040S01A30, 17040S01A31, 17040S02L00, 17040S04G30, 17040S04G31, 17040S04G40, 17040S04G41, 17040S04L00, 17040S10A00, 17040S84A01, 17040SR1A30, 17040SR1A31, 17040SR2A32, 17040SR2A50, 17040SS8A00, 17040SS8A02, 17040ST7A32, 17040ST7A33, 17040ST7L00, 17040ST7L31, 17040SV1A30, 17040SV1A31, 17040SV1L00, 17040SV1L01, 17040SV4A30, 17040SV4A31, 17040SW5A30, 17040SW5A31, 17040SW5A32, 17040SX0A32, 17040SY8A01, 1770ASR0A000, 8971185120, 0K01D1335Z, 0K24C1335ZA, 0K29T1335Z, 311101C010, 311101C610DS, 3111028100, 311102E351, 3111033610, 311111A100, 311111R500, 3111122000, 3111122050, 3111125000, 3111128150, 3111128300, 3111&#8230;<\/p>\n","protected":false},"excerpt":{"rendered":"<p>RIDEX Polttoainepumppu 458F0042  OPEL,FORD,RENAULT,ZAFIRA A F75_,ASTRA G CC F48_, F08_,ASTRA G Caravan F35_,CORSA B 73_, 78_, 79_,VECTRA B 36_<\/p>\n","protected":false},"featured_media":0,"template":"","meta":{"site-sidebar-layout":"default","site-content-layout":"default","ast-global-header-display":"","ast-main-header-display":"","ast-hfb-above-header-display":"","ast-hfb-below-header-display":"","ast-hfb-mobile-header-display":"","site-post-title":"","ast-breadcrumbs-content":"","ast-featured-img":"","footer-sml-layout":"","theme-transparent-header-meta":"","adv-header-id-meta":"","stick-header-meta":"","header-above-stick-meta":"","header-main-stick-meta":"","header-below-stick-meta":""},"pwb-brand":[157],"product_cat":[73],"product_tag":[],"class_list":{"0":"post-87107","1":"product","2":"type-product","3":"status-publish","5":"pwb-brand-ridex","6":"product_cat-polttoainepumppu","7":"desktop-align-left","8":"tablet-align-left","9":"mobile-align-left","11":"first","12":"instock","13":"product-type-external"},"brands":[{"id":157,"name":"RIDEX","slug":"ridex"}],"_links":{"self":[{"href":"https:\/\/www.autonvaraosahaku.fi\/index.php?rest_route=\/wp\/v2\/product\/87107","targetHints":{"allow":["GET"]}}],"collection":[{"href":"https:\/\/www.autonvaraosahaku.fi\/index.php?rest_route=\/wp\/v2\/product"}],"about":[{"href":"https:\/\/www.autonvaraosahaku.fi\/index.php?rest_route=\/wp\/v2\/types\/product"}],"wp:attachment":[{"href":"https:\/\/www.autonvaraosahaku.fi\/index.php?rest_route=%2Fwp%2Fv2%2Fmedia&parent=87107"}],"wp:term":[{"taxonomy":"pwb-brand","embeddable":true,"href":"https:\/\/www.autonvaraosahaku.fi\/index.php?rest_route=%2Fwp%2Fv2%2Fpwb-brand&post=87107"},{"taxonomy":"product_cat","embeddable":true,"href":"https:\/\/www.autonvaraosahaku.fi\/index.php?rest_route=%2Fwp%2Fv2%2Fproduct_cat&post=87107"},{"taxonomy":"product_tag","embeddable":true,"href":"https:\/\/www.autonvaraosahaku.fi\/index.php?rest_route=%2Fwp%2Fv2%2Fproduct_tag&post=87107"}],"curies":[{"name":"wp","href":"https:\/\/api.w.org\/{rel}","templated":true}]}}