{"id":87114,"date":"2021-02-21T20:53:06","date_gmt":"2021-02-21T20:53:06","guid":{"rendered":"https:\/\/www.autonvaraosahaku.fi\/?product=jp-group-1196700100-lasinnostimen-kytkin"},"modified":"2021-02-21T20:53:08","modified_gmt":"2021-02-21T20:53:08","slug":"jp-group-1196700100-lasinnostimen-kytkin","status":"publish","type":"product","link":"https:\/\/www.autonvaraosahaku.fi\/?product=jp-group-1196700100-lasinnostimen-kytkin","title":{"rendered":"JP GROUP 1196700100 Lasinnostimen kytkin"},"content":{"rendered":"<p>K\u00e4ytt\u00f6tapa: Vipukytkin; V\u00e4ri: Musta; Asennuspuoli: Molemminpuolin, Edess\u00e4 ja takana; V\u00e4rikoodi: 01C; VW: POLO 6N1,GOLF II 19E, 1G1,CADDY II Kasten 9K9A,POLO Variant 6KV5,POLO CLASSIC 6KV2,LT 28-35 I Kasten 281-363,LT 28-35 I Bus 281-363,JETTA II 19E, 1G2, 165,LT 28-35 I Pritsche\/Fahrgestell 281-363,CADDY II Kombi 9K9B,LT 40-55 I Pritsche\/Fahrgestell 293-909,LT 40-55 I Kasten 291-512; SEAT: IBIZA II 6K1,CORDOBA 6K1, 6K2,CORDOBA Vario 6K1; 191959855, 19195985501C, 3259598551, 191959855, 19195985501C, 3259598551; Kytkin, Lasinnostin<\/p>\n","protected":false},"excerpt":{"rendered":"<p>JP GROUP Lasinnostimen Kytkin JP Group 1196700100 Kytkin, Lasinnostin VW,SEAT,POLO 6N1,GOLF II 19E, 1G1,CADDY II Kasten 9K9A,POLO Variant 6KV5<\/p>\n","protected":false},"featured_media":0,"template":"","meta":{"site-sidebar-layout":"default","site-content-layout":"default","ast-global-header-display":"","ast-main-header-display":"","ast-hfb-above-header-display":"","ast-hfb-below-header-display":"","ast-hfb-mobile-header-display":"","site-post-title":"","ast-breadcrumbs-content":"","ast-featured-img":"","footer-sml-layout":"","theme-transparent-header-meta":"","adv-header-id-meta":"","stick-header-meta":"","header-above-stick-meta":"","header-main-stick-meta":"","header-below-stick-meta":""},"pwb-brand":[131],"product_cat":[135],"product_tag":[],"class_list":{"0":"post-87114","1":"product","2":"type-product","3":"status-publish","5":"pwb-brand-jp-group","6":"product_cat-lasinnostimen-kytkin","7":"desktop-align-left","8":"tablet-align-left","9":"mobile-align-left","11":"first","12":"instock","13":"product-type-external"},"brands":[{"id":131,"name":"JP GROUP","slug":"jp-group"}],"_links":{"self":[{"href":"https:\/\/www.autonvaraosahaku.fi\/index.php?rest_route=\/wp\/v2\/product\/87114","targetHints":{"allow":["GET"]}}],"collection":[{"href":"https:\/\/www.autonvaraosahaku.fi\/index.php?rest_route=\/wp\/v2\/product"}],"about":[{"href":"https:\/\/www.autonvaraosahaku.fi\/index.php?rest_route=\/wp\/v2\/types\/product"}],"wp:attachment":[{"href":"https:\/\/www.autonvaraosahaku.fi\/index.php?rest_route=%2Fwp%2Fv2%2Fmedia&parent=87114"}],"wp:term":[{"taxonomy":"pwb-brand","embeddable":true,"href":"https:\/\/www.autonvaraosahaku.fi\/index.php?rest_route=%2Fwp%2Fv2%2Fpwb-brand&post=87114"},{"taxonomy":"product_cat","embeddable":true,"href":"https:\/\/www.autonvaraosahaku.fi\/index.php?rest_route=%2Fwp%2Fv2%2Fproduct_cat&post=87114"},{"taxonomy":"product_tag","embeddable":true,"href":"https:\/\/www.autonvaraosahaku.fi\/index.php?rest_route=%2Fwp%2Fv2%2Fproduct_tag&post=87114"}],"curies":[{"name":"wp","href":"https:\/\/api.w.org\/{rel}","templated":true}]}}