{"id":87119,"date":"2021-02-21T20:53:06","date_gmt":"2021-02-21T20:53:06","guid":{"rendered":"https:\/\/www.autonvaraosahaku.fi\/?product=topran-114-216-kampiakselin-asentotunnistin"},"modified":"2021-02-21T20:53:09","modified_gmt":"2021-02-21T20:53:09","slug":"topran-114-216-kampiakselin-asentotunnistin","status":"publish","type":"product","link":"https:\/\/www.autonvaraosahaku.fi\/?product=topran-114-216-kampiakselin-asentotunnistin","title":{"rendered":"TOPRAN 114 216 Kampiakselin asentotunnistin"},"content":{"rendered":"<p>Pistokkeen kotelon muoto: Soikea; Korvaava tuote\/korvaava tiedote 2: ilman kaapelia, Tiivisterenkaalla; Tunnistinmalli: Hall-anturi; Napojen m\u00e4\u00e4r\u00e4: 3; OE-numerolle: 07L 905 163C, 958 606 106 01; Moottorinumero: M05.9E; VW: GOLF V 1K1,GOLF VI 5K1,PASSAT Variant 3C5,PASSAT 3C2,TIGUAN 5N_,PASSAT Variant 365,TRANSPORTER V Bus 7HB, 7HJ, 7EB, 7EJ, 7EF,TOUAREG 7LA, 7L6, 7L7,GOLF VI Variant AJ5,GOLF V Variant 1K5,EOS 1F7, 1F8,SCIROCCO 137, 138,TRANSPORTER V Kasten 7HA, 7HH, 7EA, 7EH,PASSAT CC 357,SHARAN 7N1, 7N2,TOUAREG 7P5,JETTA III 1K2,PASSAT 362,AMAROK 2H_, S1B,CC 358,TRANSPORTER V Pritsche\/Fahrgestell 7JD, 7JE, 7JL, 7JY, 7JZ,; AUDI: A4 Avant 8K5, B8,A6 Avant 4F5, C6,A3 8P1,A3 Sportback 8PA,A4 Avant 8ED, B7,A4 8K2, B8,Q5 8R,A6 4F2, C6,A6 Avant 4G5, C7, 4GD,A5 8T3,A5 Sportback 8TA,A4 8EC, B7,Q7 4L,A8 4E_,TT 8J3,Q3 8U,A6 4G2, C7, 4GC,A7 Sportback 4GA, 4GF,TT Roadster 8J9,A8 4H_; SKODA: OCTAVIA Combi 1Z5,YETI 5L,SUPERB Kombi 3T5,OCTAVIA 1Z3,SUPERB 3T4; SEAT: LEON 1P1,EXEO ST 3R5,ALHAMBRA 710, 711,EXEO 3R2,TOLEDO III 5P2; PORSCHE: CAYENNE 955,CAYENNE,MACAN; 07L905163, 07L905163A, 07L905163B, 07L905163C, 95860610600, 95860610601, 95860610620, 07L905163, 07L905163A, 07L905163B, 07L905163C, 07L905163, 07L905163A, 07L905163B, 07L905163C, 07L905163, 07L905163A, 07L905163B, 07L905163C; Nokka Akselin Anturi,Nokka Akselin Tunnistin,Tunnistin, Nokka-Akselin Ajoitus<\/p>\n","protected":false},"excerpt":{"rendered":"<p>TOPRAN Nokka Akselin Asentotunnistin 114 216 Nokka Akselin Anturi,Nokka Akselin Tunnistin VW,AUDI,SKODA,GOLF V 1K1,GOLF VI 5K1,PASSAT Variant 3C5<\/p>\n","protected":false},"featured_media":0,"template":"","meta":{"site-sidebar-layout":"default","site-content-layout":"default","ast-global-header-display":"","ast-main-header-display":"","ast-hfb-above-header-display":"","ast-hfb-below-header-display":"","ast-hfb-mobile-header-display":"","site-post-title":"","ast-breadcrumbs-content":"","ast-featured-img":"","footer-sml-layout":"","theme-transparent-header-meta":"","adv-header-id-meta":"","stick-header-meta":"","header-above-stick-meta":"","header-main-stick-meta":"","header-below-stick-meta":""},"pwb-brand":[18],"product_cat":[184],"product_tag":[],"class_list":{"0":"post-87119","1":"product","2":"type-product","3":"status-publish","5":"pwb-brand-topran","6":"product_cat-kampiakselin-asentotunnistin","7":"desktop-align-left","8":"tablet-align-left","9":"mobile-align-left","11":"first","12":"instock","13":"product-type-external"},"brands":[{"id":18,"name":"TOPRAN","slug":"topran"}],"_links":{"self":[{"href":"https:\/\/www.autonvaraosahaku.fi\/index.php?rest_route=\/wp\/v2\/product\/87119","targetHints":{"allow":["GET"]}}],"collection":[{"href":"https:\/\/www.autonvaraosahaku.fi\/index.php?rest_route=\/wp\/v2\/product"}],"about":[{"href":"https:\/\/www.autonvaraosahaku.fi\/index.php?rest_route=\/wp\/v2\/types\/product"}],"wp:attachment":[{"href":"https:\/\/www.autonvaraosahaku.fi\/index.php?rest_route=%2Fwp%2Fv2%2Fmedia&parent=87119"}],"wp:term":[{"taxonomy":"pwb-brand","embeddable":true,"href":"https:\/\/www.autonvaraosahaku.fi\/index.php?rest_route=%2Fwp%2Fv2%2Fpwb-brand&post=87119"},{"taxonomy":"product_cat","embeddable":true,"href":"https:\/\/www.autonvaraosahaku.fi\/index.php?rest_route=%2Fwp%2Fv2%2Fproduct_cat&post=87119"},{"taxonomy":"product_tag","embeddable":true,"href":"https:\/\/www.autonvaraosahaku.fi\/index.php?rest_route=%2Fwp%2Fv2%2Fproduct_tag&post=87119"}],"curies":[{"name":"wp","href":"https:\/\/api.w.org\/{rel}","templated":true}]}}