{"id":87137,"date":"2021-02-21T20:53:14","date_gmt":"2021-02-21T20:53:14","guid":{"rendered":"https:\/\/www.autonvaraosahaku.fi\/?product=diederichs-7661227-sivupeilin-lasi"},"modified":"2021-02-21T20:53:16","modified_gmt":"2021-02-21T20:53:16","slug":"diederichs-7661227-sivupeilin-lasi","status":"publish","type":"product","link":"https:\/\/www.autonvaraosahaku.fi\/?product=diederichs-7661227-sivupeilin-lasi","title":{"rendered":"DIEDERICHS 7661227 Sivupeilin lasi"},"content":{"rendered":"<p>Asennuspuoli: Vasen; Ulko-\/sis\u00e4peili: Asf\u00e4\u00e4rinen, L\u00e4mmitett\u00e4v\u00e4; parilliset tuotenumerot: 7661226; Rekister\u00f6ity tyyppi: E-hyv\u00e4ksytty; VOLVO: V50 MW,V70 III BW,C30,V60,S40 II MS,S80 II AS,S60 II; 30716479, 30716481; Peililasi, Ulkopeili<\/p>\n","protected":false},"excerpt":{"rendered":"<p>DIEDERICHS Sivupeilin Lasi 7661227 Peililasi, Ulkopeili VOLVO,V50 MW,V70 III BW,C30,V60,S40 II MS,S80 II AS,S60 II<\/p>\n","protected":false},"featured_media":0,"template":"","meta":{"site-sidebar-layout":"default","site-content-layout":"default","ast-global-header-display":"","ast-main-header-display":"","ast-hfb-above-header-display":"","ast-hfb-below-header-display":"","ast-hfb-mobile-header-display":"","site-post-title":"","ast-breadcrumbs-content":"","ast-featured-img":"","footer-sml-layout":"","theme-transparent-header-meta":"","adv-header-id-meta":"","stick-header-meta":"","header-above-stick-meta":"","header-main-stick-meta":"","header-below-stick-meta":""},"pwb-brand":[227],"product_cat":[196],"product_tag":[],"class_list":{"0":"post-87137","1":"product","2":"type-product","3":"status-publish","5":"pwb-brand-diederichs","6":"product_cat-sivupeilin-lasi","7":"desktop-align-left","8":"tablet-align-left","9":"mobile-align-left","11":"first","12":"instock","13":"product-type-external"},"brands":[{"id":227,"name":"DIEDERICHS","slug":"diederichs"}],"_links":{"self":[{"href":"https:\/\/www.autonvaraosahaku.fi\/index.php?rest_route=\/wp\/v2\/product\/87137","targetHints":{"allow":["GET"]}}],"collection":[{"href":"https:\/\/www.autonvaraosahaku.fi\/index.php?rest_route=\/wp\/v2\/product"}],"about":[{"href":"https:\/\/www.autonvaraosahaku.fi\/index.php?rest_route=\/wp\/v2\/types\/product"}],"wp:attachment":[{"href":"https:\/\/www.autonvaraosahaku.fi\/index.php?rest_route=%2Fwp%2Fv2%2Fmedia&parent=87137"}],"wp:term":[{"taxonomy":"pwb-brand","embeddable":true,"href":"https:\/\/www.autonvaraosahaku.fi\/index.php?rest_route=%2Fwp%2Fv2%2Fpwb-brand&post=87137"},{"taxonomy":"product_cat","embeddable":true,"href":"https:\/\/www.autonvaraosahaku.fi\/index.php?rest_route=%2Fwp%2Fv2%2Fproduct_cat&post=87137"},{"taxonomy":"product_tag","embeddable":true,"href":"https:\/\/www.autonvaraosahaku.fi\/index.php?rest_route=%2Fwp%2Fv2%2Fproduct_tag&post=87137"}],"curies":[{"name":"wp","href":"https:\/\/api.w.org\/{rel}","templated":true}]}}