{"id":87155,"date":"2021-02-21T20:53:22","date_gmt":"2021-02-21T20:53:22","guid":{"rendered":"https:\/\/www.autonvaraosahaku.fi\/?product=autofren-seinsa-d4197-jarrusatula-korjaussarja"},"modified":"2021-02-21T20:53:24","modified_gmt":"2021-02-21T20:53:24","slug":"autofren-seinsa-d4197-jarrusatula-korjaussarja","status":"publish","type":"product","link":"https:\/\/www.autonvaraosahaku.fi\/?product=autofren-seinsa-d4197-jarrusatula-korjaussarja","title":{"rendered":"AUTOFREN SEINSA D4197 Jarrusatula korjaussarja"},"content":{"rendered":"<p>Asennuspuoli: Etuakseli; L\u00e4pimitta [mm]: 57; Jarruj\u00e4rjestelm\u00e4: LUCAS; LANCIA: ZETA 220; OPEL: OMEGA A 16_, 17_, 19_,OMEGA B Caravan 21_, 22_, 23_,OMEGA B 25_, 26_, 27_,SENATOR B 29_,OMEGA A Caravan 66_, 67_; ALFA ROMEO: 164 164; FIAT: ULYSSE 220,SCUDO Kasten 220L,SCUDO Combinato 220P,SCUDO Pritsche\/Fahrgestell 220_; CITRO\u00cbN: XSARA N1,XSARA Break N2,XSARA Coupe N0,EVASION 22, U6,ZX N2,JUMPY U6U,JUMPY Kasten BS_, BT_, BY_, BZ_,JUMPY Pritsche\/Fahrgestell BU_, BV_, BW_, BX_; PEUGEOT: 306 Schr\u00e4gheck 7A, 7C, N3, N5,806 221,EXPERT Kasten 222,EXPERT 224,405 II 4B,EXPERT Pritsche\/Fahrgestell 223; VAUXHALL: OMEGA B,OMEGA B Estate; 543305; Korjaussarja, Jarrusatula<\/p>\n","protected":false},"excerpt":{"rendered":"<p>AUTOFREN SEINSA Jarrusatula Korjaussarja D4197 Korjaussarja, Jarrusatula LANCIA,OPEL,ALFA ROMEO,ZETA 220,OMEGA A 16_, 17_, 19_<\/p>\n","protected":false},"featured_media":0,"template":"","meta":{"site-sidebar-layout":"default","site-content-layout":"default","ast-global-header-display":"","ast-main-header-display":"","ast-hfb-above-header-display":"","ast-hfb-below-header-display":"","ast-hfb-mobile-header-display":"","site-post-title":"","ast-breadcrumbs-content":"","ast-featured-img":"","footer-sml-layout":"","theme-transparent-header-meta":"","adv-header-id-meta":"","stick-header-meta":"","header-above-stick-meta":"","header-main-stick-meta":"","header-below-stick-meta":""},"pwb-brand":[243],"product_cat":[57],"product_tag":[],"class_list":{"0":"post-87155","1":"product","2":"type-product","3":"status-publish","5":"pwb-brand-autofren-seinsa","6":"product_cat-jarrusatula-korjaussarja","7":"desktop-align-left","8":"tablet-align-left","9":"mobile-align-left","11":"first","12":"instock","13":"product-type-external"},"brands":[{"id":243,"name":"AUTOFREN SEINSA","slug":"autofren-seinsa"}],"_links":{"self":[{"href":"https:\/\/www.autonvaraosahaku.fi\/index.php?rest_route=\/wp\/v2\/product\/87155","targetHints":{"allow":["GET"]}}],"collection":[{"href":"https:\/\/www.autonvaraosahaku.fi\/index.php?rest_route=\/wp\/v2\/product"}],"about":[{"href":"https:\/\/www.autonvaraosahaku.fi\/index.php?rest_route=\/wp\/v2\/types\/product"}],"wp:attachment":[{"href":"https:\/\/www.autonvaraosahaku.fi\/index.php?rest_route=%2Fwp%2Fv2%2Fmedia&parent=87155"}],"wp:term":[{"taxonomy":"pwb-brand","embeddable":true,"href":"https:\/\/www.autonvaraosahaku.fi\/index.php?rest_route=%2Fwp%2Fv2%2Fpwb-brand&post=87155"},{"taxonomy":"product_cat","embeddable":true,"href":"https:\/\/www.autonvaraosahaku.fi\/index.php?rest_route=%2Fwp%2Fv2%2Fproduct_cat&post=87155"},{"taxonomy":"product_tag","embeddable":true,"href":"https:\/\/www.autonvaraosahaku.fi\/index.php?rest_route=%2Fwp%2Fv2%2Fproduct_tag&post=87155"}],"curies":[{"name":"wp","href":"https:\/\/api.w.org\/{rel}","templated":true}]}}