{"id":87156,"date":"2021-02-21T20:53:22","date_gmt":"2021-02-21T20:53:22","guid":{"rendered":"https:\/\/www.autonvaraosahaku.fi\/?product=autofren-seinsa-d41588c-jarrusatula-korjaussarja"},"modified":"2021-02-21T20:53:24","modified_gmt":"2021-02-21T20:53:24","slug":"autofren-seinsa-d41588c-jarrusatula-korjaussarja","status":"publish","type":"product","link":"https:\/\/www.autonvaraosahaku.fi\/?product=autofren-seinsa-d41588c-jarrusatula-korjaussarja","title":{"rendered":"AUTOFREN SEINSA D41588C Jarrusatula korjaussarja"},"content":{"rendered":"<p>Asennuspuoli: Taka-akseli; L\u00e4pimitta [mm]: 34; T\u00e4yssarja: ; Jarruj\u00e4rjestelm\u00e4: LUCAS\/NISSIN; OE-numerolle: 43013SN7G00; SUZUKI: SWIFT III MZ, EZ,SX4 EY, GY,SX4 Stufenheck GY; HONDA: CIVIC VII Hatchback EU, EP, EV,CIVIC VI Hatchback EJ, EK,ACCORD VI CG, CK,CIVIC VI Fastback MA, MB,CIVIC VI Aerodeck MB, MC,PRELUDE V BB,CIVIC VII Coupe EM2,CIVIC VIII Stufenheck FD, FA,ACCORD VI Coupe CG,ACCORD V CE, CF,PRELUDE IV BB,CIVIC VII Stufenheck ES,PRELUDE III BA,ACCORD IV CB,ACCORD V Aerodeck CE,ACCORD V CC, CD,ACCORD V Coupe CD,ACCORD IV Aerodeck CB,ACCORD IV Coupe CB, CC; ROVER: 600 RH; MG: MG ZR,MG ZS,MG ZS Hatchback; FIAT: SEDICI; 43012SN7G00, 43012SN7G00HS, 43012ST3E50, 43013ST3E50, 43018S30N21, 43018S30N22, 43018S48A53, 43018S5AJ02, 43018S6MA01, 43018S84A51, 43018S84A52, 43018S84A53, 43018SNAA10, 43018SS0000, 43018SS0010, 43018SV4A00, 43018SV4A01, 43019S30N21, 43019S30N22, 43019S5AJ02, 43019S6MA01, 43019S84A51, 43019S84A52, 43019S84A53, 43019SNAA10, 43019SS0000, 43019SS0010, 43019SV4A00, 43019SV4A01, 43210SL4950, 43210SL4951, 43210SM4951, 43210SM4952, 43210SM4953, 43210SM4954, 43210SM4G01, 43210SM4G02, 43210SM4G03, 43210SM4G04, 43210SM4G04HS, 43210SM4G63, 43210SM4G64, 43210SS0003, 43210SV4A01, 43210SV4A02, 43230S0A033, 43230S451PL, 43230SF1053, 43230SF1S01, 43230SF1S02, 43230SF1S03, 43230SF1S04, 43230SF1S05HS, 43230SL4950, 43230SL4951, 43230SM4951, 43230SM4952, 43230SM4953, 43230SM4954, 43230SM4G01, 43230SM4G02, 43230SM4G03, 43230SM4G04, 43230SM4G04HS, 43230SM4G64, 43230SS0003, 43230SV4A01, 43230SV4A02, GBC90178, 43013SN7G00, GBC90179, 5540180J00, 5540180J00999, 5540280J00, 5540280J00999; Korjaussarja, Jarrusatula<\/p>\n","protected":false},"excerpt":{"rendered":"<p>AUTOFREN SEINSA Jarrusatula Korjaussarja D41588C Korjaussarja, Jarrusatula SUZUKI,HONDA,ROVER,SWIFT III MZ, EZ,SX4 EY, GY,SX4 Stufenheck GY<\/p>\n","protected":false},"featured_media":0,"template":"","meta":{"site-sidebar-layout":"default","site-content-layout":"default","ast-global-header-display":"","ast-main-header-display":"","ast-hfb-above-header-display":"","ast-hfb-below-header-display":"","ast-hfb-mobile-header-display":"","site-post-title":"","ast-breadcrumbs-content":"","ast-featured-img":"","footer-sml-layout":"","theme-transparent-header-meta":"","adv-header-id-meta":"","stick-header-meta":"","header-above-stick-meta":"","header-main-stick-meta":"","header-below-stick-meta":""},"pwb-brand":[243],"product_cat":[57],"product_tag":[],"class_list":{"0":"post-87156","1":"product","2":"type-product","3":"status-publish","5":"pwb-brand-autofren-seinsa","6":"product_cat-jarrusatula-korjaussarja","7":"desktop-align-left","8":"tablet-align-left","9":"mobile-align-left","11":"first","12":"instock","13":"product-type-external"},"brands":[{"id":243,"name":"AUTOFREN SEINSA","slug":"autofren-seinsa"}],"_links":{"self":[{"href":"https:\/\/www.autonvaraosahaku.fi\/index.php?rest_route=\/wp\/v2\/product\/87156","targetHints":{"allow":["GET"]}}],"collection":[{"href":"https:\/\/www.autonvaraosahaku.fi\/index.php?rest_route=\/wp\/v2\/product"}],"about":[{"href":"https:\/\/www.autonvaraosahaku.fi\/index.php?rest_route=\/wp\/v2\/types\/product"}],"wp:attachment":[{"href":"https:\/\/www.autonvaraosahaku.fi\/index.php?rest_route=%2Fwp%2Fv2%2Fmedia&parent=87156"}],"wp:term":[{"taxonomy":"pwb-brand","embeddable":true,"href":"https:\/\/www.autonvaraosahaku.fi\/index.php?rest_route=%2Fwp%2Fv2%2Fpwb-brand&post=87156"},{"taxonomy":"product_cat","embeddable":true,"href":"https:\/\/www.autonvaraosahaku.fi\/index.php?rest_route=%2Fwp%2Fv2%2Fproduct_cat&post=87156"},{"taxonomy":"product_tag","embeddable":true,"href":"https:\/\/www.autonvaraosahaku.fi\/index.php?rest_route=%2Fwp%2Fv2%2Fproduct_tag&post=87156"}],"curies":[{"name":"wp","href":"https:\/\/api.w.org\/{rel}","templated":true}]}}