{"id":87177,"date":"2021-02-21T20:53:30","date_gmt":"2021-02-21T20:53:30","guid":{"rendered":"https:\/\/www.autonvaraosahaku.fi\/?product=topran-701-210-painemuunnin"},"modified":"2021-02-21T20:53:32","modified_gmt":"2021-02-21T20:53:32","slug":"topran-701-210-painemuunnin","status":"publish","type":"product","link":"https:\/\/www.autonvaraosahaku.fi\/?product=topran-701-210-painemuunnin","title":{"rendered":"TOPRAN 701 210 Painemuunnin"},"content":{"rendered":"<p>Venttiilimalli: Magneettiventtiili; K\u00e4ytt\u00f6: S\u00e4hk\u00f6-pneumaattinen; Pistokkeen kotelon muoto: suorakulmainen (rectangular); Napojen m\u00e4\u00e4r\u00e4: 2; Liittimi\u00e4: 2; Kotelomalli: Muovikotelo; Kotelomateriaali: Lasikuitu-muovi; Nimellisj\u00e4nnite (V): 12; OE-numerolle: 1495 662 15R; Moottorimalli: f\u00fcr Motoren mit Abgasr\u00fcckf\u00fchrung; DACIA: DUSTER,SANDERO,LOGAN MCV KS_,SANDERO II,LOGAN MCV II,LOGAN LS_,DOKKER Express,LOGAN EXPRESS FS_,LOGAN Pick-up US_,LOGAN II; RENAULT: CLIO III BR0\/1, CR0\/1,TWINGO II CN0_,ESPACE IV JK0\/1_,LAGUNA III Grandtour KT0\/1,CLIO IV,TRAFIC II Bus JL,TRAFIC II Kasten FL,KANGOO \/ GRAND KANGOO KW0\/1_,CLIO Grandtour KR0\/1_,CAPTUR,LAGUNA III BT0\/1,MASTER III Kasten FV,KANGOO Express FW0\/1_,KANGOO BE BOP KW0\/1_,LAGUNA Coupe DT0\/1,MASTER III Bus JV,MASTER III Pritsche\/Fahrgestell EV, HV, UV,DUSTER,LOGAN II,LOGAN II Kombi; 149566215R, 8200946078, 149566215R, 8200946078<\/p>\n","protected":false},"excerpt":{"rendered":"<p>TOPRAN Painemuunnin, Pakokaasun Ohjaus 701 210  DACIA,RENAULT,DUSTER,SANDERO,LOGAN MCV KS_,SANDERO II,LOGAN MCV II,LOGAN LS_,DOKKER Express<\/p>\n","protected":false},"featured_media":0,"template":"","meta":{"site-sidebar-layout":"default","site-content-layout":"default","ast-global-header-display":"","ast-main-header-display":"","ast-hfb-above-header-display":"","ast-hfb-below-header-display":"","ast-hfb-mobile-header-display":"","site-post-title":"","ast-breadcrumbs-content":"","ast-featured-img":"","footer-sml-layout":"","theme-transparent-header-meta":"","adv-header-id-meta":"","stick-header-meta":"","header-above-stick-meta":"","header-main-stick-meta":"","header-below-stick-meta":""},"pwb-brand":[18],"product_cat":[205],"product_tag":[],"class_list":{"0":"post-87177","1":"product","2":"type-product","3":"status-publish","5":"pwb-brand-topran","6":"product_cat-painemuunnin","7":"desktop-align-left","8":"tablet-align-left","9":"mobile-align-left","11":"first","12":"instock","13":"product-type-external"},"brands":[{"id":18,"name":"TOPRAN","slug":"topran"}],"_links":{"self":[{"href":"https:\/\/www.autonvaraosahaku.fi\/index.php?rest_route=\/wp\/v2\/product\/87177","targetHints":{"allow":["GET"]}}],"collection":[{"href":"https:\/\/www.autonvaraosahaku.fi\/index.php?rest_route=\/wp\/v2\/product"}],"about":[{"href":"https:\/\/www.autonvaraosahaku.fi\/index.php?rest_route=\/wp\/v2\/types\/product"}],"wp:attachment":[{"href":"https:\/\/www.autonvaraosahaku.fi\/index.php?rest_route=%2Fwp%2Fv2%2Fmedia&parent=87177"}],"wp:term":[{"taxonomy":"pwb-brand","embeddable":true,"href":"https:\/\/www.autonvaraosahaku.fi\/index.php?rest_route=%2Fwp%2Fv2%2Fpwb-brand&post=87177"},{"taxonomy":"product_cat","embeddable":true,"href":"https:\/\/www.autonvaraosahaku.fi\/index.php?rest_route=%2Fwp%2Fv2%2Fproduct_cat&post=87177"},{"taxonomy":"product_tag","embeddable":true,"href":"https:\/\/www.autonvaraosahaku.fi\/index.php?rest_route=%2Fwp%2Fv2%2Fproduct_tag&post=87177"}],"curies":[{"name":"wp","href":"https:\/\/api.w.org\/{rel}","templated":true}]}}